{"id":16706,"date":"2026-04-28T08:54:12","date_gmt":"2026-04-28T06:54:12","guid":{"rendered":"https:\/\/www.sweetzerland.net\/?post_type=product&#038;p=16706"},"modified":"2026-04-28T09:57:58","modified_gmt":"2026-04-28T07:57:58","slug":"coffret-fetes-des-meres","status":"publish","type":"product","link":"https:\/\/www.sweetzerland.net\/fr\/produit\/coffret-fetes-des-meres\/","title":{"rendered":"Coffret F\u00eates des M\u00e8res"},"content":{"rendered":"<p data-start=\"144\" data-end=\"181\"><strong data-start=\"144\" data-end=\"181\">Une ode \u00e0 celles qui nous portent<\/strong><\/p>\n<p data-start=\"183\" data-end=\"377\">Parce que certaines attentions m\u00e9ritent d\u2019\u00eatre c\u00e9l\u00e9br\u00e9es avec douceur.<br data-start=\"253\" data-end=\"256\" \/>Parce que la F\u00eate des M\u00e8res est avant tout une c\u00e9l\u00e9bration de l\u2019amour, de la transmission et des liens les plus pr\u00e9cieux.<\/p>\n<p data-start=\"379\" data-end=\"471\">Ce coffret a \u00e9t\u00e9 imagin\u00e9 comme une d\u00e9licate d\u00e9claration pour toutes les femmes qui comptent.<\/p>\n<p data-start=\"473\" data-end=\"628\">Pour les mamans, les grands-m\u00e8res, les figures inspirantes,<br data-start=\"532\" data-end=\"535\" \/>Pour celles qui donnent sans compter, qui \u00e9coutent, qui rassurent et qui aiment profond\u00e9ment.<\/p>\n<p data-start=\"630\" data-end=\"691\">Ce fourreau r\u00e9unit deux de nos cr\u00e9ations les plus d\u00e9licates :<\/p>\n<p data-start=\"693\" data-end=\"964\">\ud83d\udc97 Un mini coffret Sweet Hearts (9 pi\u00e8ces), c\u0153urs aux teintes rouges et ros\u00e9es 100 % naturelles, garnis de ganache vanille et de gianduja \u00e0 la fraise.<br data-start=\"843\" data-end=\"846\" \/>\ud83d\udc97 Nos fines p\u00e9tales, au gianduja myrtille et au caramel de jus de cacao infus\u00e9 \u00e0 la rose, comme une po\u00e9sie gourmande.<\/p>\n<p data-start=\"966\" data-end=\"1062\">Une envol\u00e9e de douceur pour dire l\u2019essentiel avec \u00e9l\u00e9gance :<br data-start=\"1026\" data-end=\"1029\" \/>Merci. Je t\u2019aime. Je pense \u00e0 toi.<\/p>\n<p data-start=\"1064\" data-end=\"1149\">\u00c0 offrir comme une attention pr\u00e9cieuse,<br data-start=\"1103\" data-end=\"1106\" \/>\u00c0 partager ou \u00e0 savourer en toute intimit\u00e9.<\/p>\n<p data-start=\"1151\" data-end=\"1192\">100% NATUREL AVEC DES INGR\u00c9DIENTS BIO<\/p>\n","protected":false},"excerpt":{"rendered":"<p>Une ode \u00e0 celles qui nous portent Parce que certaines attentions m\u00e9ritent d\u2019\u00eatre c\u00e9l\u00e9br\u00e9es avec douceur.Parce que la F\u00eate des M\u00e8res est avant tout une c\u00e9l\u00e9bration de l\u2019amour, de la transmission et des liens les plus pr\u00e9cieux. Ce coffret a \u00e9t\u00e9 imagin\u00e9 comme une d\u00e9licate d\u00e9claration pour toutes les femmes qui comptent. Pour les mamans, [&hellip;]<\/p>\n","protected":false},"featured_media":16710,"template":"","meta":{"_acf_changed":false,"site-sidebar-layout":"default","site-content-layout":"","ast-site-content-layout":"default","site-content-style":"default","site-sidebar-style":"default","ast-global-header-display":"","ast-banner-title-visibility":"","ast-main-header-display":"","ast-hfb-above-header-display":"","ast-hfb-below-header-display":"","ast-hfb-mobile-header-display":"","site-post-title":"","ast-breadcrumbs-content":"","ast-featured-img":"","footer-sml-layout":"","ast-disable-related-posts":"","theme-transparent-header-meta":"default","adv-header-id-meta":"","stick-header-meta":"","header-above-stick-meta":"","header-main-stick-meta":"","header-below-stick-meta":"","astra-migrate-meta-layouts":"set","ast-page-background-enabled":"default","ast-page-background-meta":{"desktop":{"background-color":"","background-image":"","background-repeat":"repeat","background-position":"center center","background-size":"auto","background-attachment":"scroll","background-type":"","background-media":"","overlay-type":"","overlay-color":"","overlay-opacity":"","overlay-gradient":""},"tablet":{"background-color":"","background-image":"","background-repeat":"repeat","background-position":"center center","background-size":"auto","background-attachment":"scroll","background-type":"","background-media":"","overlay-type":"","overlay-color":"","overlay-opacity":"","overlay-gradient":""},"mobile":{"background-color":"","background-image":"","background-repeat":"repeat","background-position":"center center","background-size":"auto","background-attachment":"scroll","background-type":"","background-media":"","overlay-type":"","overlay-color":"","overlay-opacity":"","overlay-gradient":""}},"ast-content-background-meta":{"desktop":{"background-color":"var(--ast-global-color-5)","background-image":"","background-repeat":"repeat","background-position":"center center","background-size":"auto","background-attachment":"scroll","background-type":"","background-media":"","overlay-type":"","overlay-color":"","overlay-opacity":"","overlay-gradient":""},"tablet":{"background-color":"var(--ast-global-color-5)","background-image":"","background-repeat":"repeat","background-position":"center center","background-size":"auto","background-attachment":"scroll","background-type":"","background-media":"","overlay-type":"","overlay-color":"","overlay-opacity":"","overlay-gradient":""},"mobile":{"background-color":"var(--ast-global-color-5)","background-image":"","background-repeat":"repeat","background-position":"center center","background-size":"auto","background-attachment":"scroll","background-type":"","background-media":"","overlay-type":"","overlay-color":"","overlay-opacity":"","overlay-gradient":""}}},"product_brand":[],"product_cat":[46,17],"product_tag":[],"class_list":{"0":"post-16706","1":"product","2":"type-product","3":"status-publish","4":"has-post-thumbnail","6":"product_cat-creations-saisonnieres","7":"product_cat-truffes-pralines","8":"desktop-align-left","9":"tablet-align-left","10":"mobile-align-left","12":"first","13":"instock","14":"taxable","15":"shipping-taxable","16":"purchasable","17":"product-type-simple"},"acf":[],"yoast_head":"<!-- This site is optimized with the Yoast SEO plugin v27.5 - https:\/\/yoast.com\/product\/yoast-seo-wordpress\/ -->\n<title>Coffret F\u00eates des M\u00e8res - Sweetzerland Chocolatier<\/title>\n<meta name=\"description\" content=\"Coffret F\u00eate des M\u00e8res artisanal aux chocolats bio : c\u0153urs gourmands et p\u00e9tales d\u00e9licats aux saveurs raffin\u00e9es. Un cadeau \u00e9l\u00e9gant et \u00e9motionnel pour c\u00e9l\u00e9brer les mamans avec douceur.\" \/>\n<meta name=\"robots\" content=\"index, follow, max-snippet:-1, max-image-preview:large, max-video-preview:-1\" \/>\n<link rel=\"canonical\" href=\"https:\/\/www.sweetzerland.net\/fr\/produit\/coffret-fetes-des-meres\/\" \/>\n<meta property=\"og:locale\" content=\"fr_FR\" \/>\n<meta property=\"og:type\" content=\"article\" \/>\n<meta property=\"og:title\" content=\"Coffret F\u00eates des M\u00e8res - Sweetzerland Chocolatier\" \/>\n<meta property=\"og:description\" content=\"Coffret F\u00eate des M\u00e8res artisanal aux chocolats bio : c\u0153urs gourmands et p\u00e9tales d\u00e9licats aux saveurs raffin\u00e9es. Un cadeau \u00e9l\u00e9gant et \u00e9motionnel pour c\u00e9l\u00e9brer les mamans avec douceur.\" \/>\n<meta property=\"og:url\" content=\"https:\/\/www.sweetzerland.net\/fr\/produit\/coffret-fetes-des-meres\/\" \/>\n<meta property=\"og:site_name\" content=\"Sweetzerland Chocolatier\" \/>\n<meta property=\"article:modified_time\" content=\"2026-04-28T07:57:58+00:00\" \/>\n<meta property=\"og:image\" content=\"https:\/\/www.sweetzerland.net\/wp-content\/uploads\/2026\/04\/Sweetzerland-Mothers-Day-Discovery-Box.jpg\" \/>\n\t<meta property=\"og:image:width\" content=\"1365\" \/>\n\t<meta property=\"og:image:height\" content=\"2048\" \/>\n\t<meta property=\"og:image:type\" content=\"image\/jpeg\" \/>\n<meta name=\"twitter:card\" content=\"summary_large_image\" \/>\n<meta name=\"twitter:label1\" content=\"Dur\u00e9e de lecture estim\u00e9e\" \/>\n\t<meta name=\"twitter:data1\" content=\"2 minutes\" \/>\n<script type=\"application\/ld+json\" class=\"yoast-schema-graph\">{\"@context\":\"https:\\\/\\\/schema.org\",\"@graph\":[{\"@type\":\"WebPage\",\"@id\":\"https:\\\/\\\/www.sweetzerland.net\\\/fr\\\/produit\\\/coffret-fetes-des-meres\\\/\",\"url\":\"https:\\\/\\\/www.sweetzerland.net\\\/fr\\\/produit\\\/coffret-fetes-des-meres\\\/\",\"name\":\"Coffret F\u00eates des M\u00e8res - Sweetzerland Chocolatier\",\"isPartOf\":{\"@id\":\"https:\\\/\\\/www.sweetzerland.net\\\/fr\\\/#website\"},\"primaryImageOfPage\":{\"@id\":\"https:\\\/\\\/www.sweetzerland.net\\\/fr\\\/produit\\\/coffret-fetes-des-meres\\\/#primaryimage\"},\"image\":{\"@id\":\"https:\\\/\\\/www.sweetzerland.net\\\/fr\\\/produit\\\/coffret-fetes-des-meres\\\/#primaryimage\"},\"thumbnailUrl\":\"https:\\\/\\\/www.sweetzerland.net\\\/wp-content\\\/uploads\\\/2026\\\/04\\\/Sweetzerland-Mothers-Day-Discovery-Box.jpg\",\"datePublished\":\"2026-04-28T06:54:12+00:00\",\"dateModified\":\"2026-04-28T07:57:58+00:00\",\"description\":\"Coffret F\u00eate des M\u00e8res artisanal aux chocolats bio : c\u0153urs gourmands et p\u00e9tales d\u00e9licats aux saveurs raffin\u00e9es. Un cadeau \u00e9l\u00e9gant et \u00e9motionnel pour c\u00e9l\u00e9brer les mamans avec douceur.\",\"breadcrumb\":{\"@id\":\"https:\\\/\\\/www.sweetzerland.net\\\/fr\\\/produit\\\/coffret-fetes-des-meres\\\/#breadcrumb\"},\"inLanguage\":\"fr-FR\",\"potentialAction\":[{\"@type\":\"ReadAction\",\"target\":[\"https:\\\/\\\/www.sweetzerland.net\\\/fr\\\/produit\\\/coffret-fetes-des-meres\\\/\"]}]},{\"@type\":\"ImageObject\",\"inLanguage\":\"fr-FR\",\"@id\":\"https:\\\/\\\/www.sweetzerland.net\\\/fr\\\/produit\\\/coffret-fetes-des-meres\\\/#primaryimage\",\"url\":\"https:\\\/\\\/www.sweetzerland.net\\\/wp-content\\\/uploads\\\/2026\\\/04\\\/Sweetzerland-Mothers-Day-Discovery-Box.jpg\",\"contentUrl\":\"https:\\\/\\\/www.sweetzerland.net\\\/wp-content\\\/uploads\\\/2026\\\/04\\\/Sweetzerland-Mothers-Day-Discovery-Box.jpg\",\"width\":1365,\"height\":2048},{\"@type\":\"BreadcrumbList\",\"@id\":\"https:\\\/\\\/www.sweetzerland.net\\\/fr\\\/produit\\\/coffret-fetes-des-meres\\\/#breadcrumb\",\"itemListElement\":[{\"@type\":\"ListItem\",\"position\":1,\"name\":\"Accueil\",\"item\":\"https:\\\/\\\/www.sweetzerland.net\\\/fr\\\/boutique\\\/\"},{\"@type\":\"ListItem\",\"position\":2,\"name\":\"Online Shop\",\"item\":\"https:\\\/\\\/www.sweetzerland.net\\\/fr\\\/boutique\\\/\"},{\"@type\":\"ListItem\",\"position\":3,\"name\":\"Coffret F\u00eates des M\u00e8res\"}]},{\"@type\":\"WebSite\",\"@id\":\"https:\\\/\\\/www.sweetzerland.net\\\/fr\\\/#website\",\"url\":\"https:\\\/\\\/www.sweetzerland.net\\\/fr\\\/\",\"name\":\"Sweetzerland Chocolatier\",\"description\":\"Chocolatier Gen\u00e8ve\",\"publisher\":{\"@id\":\"https:\\\/\\\/www.sweetzerland.net\\\/fr\\\/#organization\"},\"potentialAction\":[{\"@type\":\"SearchAction\",\"target\":{\"@type\":\"EntryPoint\",\"urlTemplate\":\"https:\\\/\\\/www.sweetzerland.net\\\/fr\\\/?s={search_term_string}\"},\"query-input\":{\"@type\":\"PropertyValueSpecification\",\"valueRequired\":true,\"valueName\":\"search_term_string\"}}],\"inLanguage\":\"fr-FR\"},{\"@type\":\"Organization\",\"@id\":\"https:\\\/\\\/www.sweetzerland.net\\\/fr\\\/#organization\",\"name\":\"Sweetzerland Chocolatier\",\"url\":\"https:\\\/\\\/www.sweetzerland.net\\\/fr\\\/\",\"logo\":{\"@type\":\"ImageObject\",\"inLanguage\":\"fr-FR\",\"@id\":\"https:\\\/\\\/www.sweetzerland.net\\\/fr\\\/#\\\/schema\\\/logo\\\/image\\\/\",\"url\":\"https:\\\/\\\/www.sweetzerland.net\\\/wp-content\\\/uploads\\\/2025\\\/01\\\/cropped-logo-sweetzerland-HD.png\",\"contentUrl\":\"https:\\\/\\\/www.sweetzerland.net\\\/wp-content\\\/uploads\\\/2025\\\/01\\\/cropped-logo-sweetzerland-HD.png\",\"width\":500,\"height\":353,\"caption\":\"Sweetzerland Chocolatier\"},\"image\":{\"@id\":\"https:\\\/\\\/www.sweetzerland.net\\\/fr\\\/#\\\/schema\\\/logo\\\/image\\\/\"}}]}<\/script>\n<!-- \/ Yoast SEO plugin. -->","yoast_head_json":{"title":"Coffret F\u00eates des M\u00e8res - Sweetzerland Chocolatier","description":"Coffret F\u00eate des M\u00e8res artisanal aux chocolats bio : c\u0153urs gourmands et p\u00e9tales d\u00e9licats aux saveurs raffin\u00e9es. Un cadeau \u00e9l\u00e9gant et \u00e9motionnel pour c\u00e9l\u00e9brer les mamans avec douceur.","robots":{"index":"index","follow":"follow","max-snippet":"max-snippet:-1","max-image-preview":"max-image-preview:large","max-video-preview":"max-video-preview:-1"},"canonical":"https:\/\/www.sweetzerland.net\/fr\/produit\/coffret-fetes-des-meres\/","og_locale":"fr_FR","og_type":"article","og_title":"Coffret F\u00eates des M\u00e8res - Sweetzerland Chocolatier","og_description":"Coffret F\u00eate des M\u00e8res artisanal aux chocolats bio : c\u0153urs gourmands et p\u00e9tales d\u00e9licats aux saveurs raffin\u00e9es. Un cadeau \u00e9l\u00e9gant et \u00e9motionnel pour c\u00e9l\u00e9brer les mamans avec douceur.","og_url":"https:\/\/www.sweetzerland.net\/fr\/produit\/coffret-fetes-des-meres\/","og_site_name":"Sweetzerland Chocolatier","article_modified_time":"2026-04-28T07:57:58+00:00","og_image":[{"width":1365,"height":2048,"url":"https:\/\/www.sweetzerland.net\/wp-content\/uploads\/2026\/04\/Sweetzerland-Mothers-Day-Discovery-Box.jpg","type":"image\/jpeg"}],"twitter_card":"summary_large_image","twitter_misc":{"Dur\u00e9e de lecture estim\u00e9e":"2 minutes"},"schema":{"@context":"https:\/\/schema.org","@graph":[{"@type":"WebPage","@id":"https:\/\/www.sweetzerland.net\/fr\/produit\/coffret-fetes-des-meres\/","url":"https:\/\/www.sweetzerland.net\/fr\/produit\/coffret-fetes-des-meres\/","name":"Coffret F\u00eates des M\u00e8res - Sweetzerland Chocolatier","isPartOf":{"@id":"https:\/\/www.sweetzerland.net\/fr\/#website"},"primaryImageOfPage":{"@id":"https:\/\/www.sweetzerland.net\/fr\/produit\/coffret-fetes-des-meres\/#primaryimage"},"image":{"@id":"https:\/\/www.sweetzerland.net\/fr\/produit\/coffret-fetes-des-meres\/#primaryimage"},"thumbnailUrl":"https:\/\/www.sweetzerland.net\/wp-content\/uploads\/2026\/04\/Sweetzerland-Mothers-Day-Discovery-Box.jpg","datePublished":"2026-04-28T06:54:12+00:00","dateModified":"2026-04-28T07:57:58+00:00","description":"Coffret F\u00eate des M\u00e8res artisanal aux chocolats bio : c\u0153urs gourmands et p\u00e9tales d\u00e9licats aux saveurs raffin\u00e9es. Un cadeau \u00e9l\u00e9gant et \u00e9motionnel pour c\u00e9l\u00e9brer les mamans avec douceur.","breadcrumb":{"@id":"https:\/\/www.sweetzerland.net\/fr\/produit\/coffret-fetes-des-meres\/#breadcrumb"},"inLanguage":"fr-FR","potentialAction":[{"@type":"ReadAction","target":["https:\/\/www.sweetzerland.net\/fr\/produit\/coffret-fetes-des-meres\/"]}]},{"@type":"ImageObject","inLanguage":"fr-FR","@id":"https:\/\/www.sweetzerland.net\/fr\/produit\/coffret-fetes-des-meres\/#primaryimage","url":"https:\/\/www.sweetzerland.net\/wp-content\/uploads\/2026\/04\/Sweetzerland-Mothers-Day-Discovery-Box.jpg","contentUrl":"https:\/\/www.sweetzerland.net\/wp-content\/uploads\/2026\/04\/Sweetzerland-Mothers-Day-Discovery-Box.jpg","width":1365,"height":2048},{"@type":"BreadcrumbList","@id":"https:\/\/www.sweetzerland.net\/fr\/produit\/coffret-fetes-des-meres\/#breadcrumb","itemListElement":[{"@type":"ListItem","position":1,"name":"Accueil","item":"https:\/\/www.sweetzerland.net\/fr\/boutique\/"},{"@type":"ListItem","position":2,"name":"Online Shop","item":"https:\/\/www.sweetzerland.net\/fr\/boutique\/"},{"@type":"ListItem","position":3,"name":"Coffret F\u00eates des M\u00e8res"}]},{"@type":"WebSite","@id":"https:\/\/www.sweetzerland.net\/fr\/#website","url":"https:\/\/www.sweetzerland.net\/fr\/","name":"Sweetzerland Chocolatier","description":"Chocolatier Gen\u00e8ve","publisher":{"@id":"https:\/\/www.sweetzerland.net\/fr\/#organization"},"potentialAction":[{"@type":"SearchAction","target":{"@type":"EntryPoint","urlTemplate":"https:\/\/www.sweetzerland.net\/fr\/?s={search_term_string}"},"query-input":{"@type":"PropertyValueSpecification","valueRequired":true,"valueName":"search_term_string"}}],"inLanguage":"fr-FR"},{"@type":"Organization","@id":"https:\/\/www.sweetzerland.net\/fr\/#organization","name":"Sweetzerland Chocolatier","url":"https:\/\/www.sweetzerland.net\/fr\/","logo":{"@type":"ImageObject","inLanguage":"fr-FR","@id":"https:\/\/www.sweetzerland.net\/fr\/#\/schema\/logo\/image\/","url":"https:\/\/www.sweetzerland.net\/wp-content\/uploads\/2025\/01\/cropped-logo-sweetzerland-HD.png","contentUrl":"https:\/\/www.sweetzerland.net\/wp-content\/uploads\/2025\/01\/cropped-logo-sweetzerland-HD.png","width":500,"height":353,"caption":"Sweetzerland Chocolatier"},"image":{"@id":"https:\/\/www.sweetzerland.net\/fr\/#\/schema\/logo\/image\/"}}]}},"_links":{"self":[{"href":"https:\/\/www.sweetzerland.net\/fr\/wp-json\/wp\/v2\/product\/16706","targetHints":{"allow":["GET"]}}],"collection":[{"href":"https:\/\/www.sweetzerland.net\/fr\/wp-json\/wp\/v2\/product"}],"about":[{"href":"https:\/\/www.sweetzerland.net\/fr\/wp-json\/wp\/v2\/types\/product"}],"version-history":[{"count":1,"href":"https:\/\/www.sweetzerland.net\/fr\/wp-json\/wp\/v2\/product\/16706\/revisions"}],"predecessor-version":[{"id":16707,"href":"https:\/\/www.sweetzerland.net\/fr\/wp-json\/wp\/v2\/product\/16706\/revisions\/16707"}],"wp:featuredmedia":[{"embeddable":true,"href":"https:\/\/www.sweetzerland.net\/fr\/wp-json\/wp\/v2\/media\/16710"}],"wp:attachment":[{"href":"https:\/\/www.sweetzerland.net\/fr\/wp-json\/wp\/v2\/media?parent=16706"}],"wp:term":[{"taxonomy":"product_brand","embeddable":true,"href":"https:\/\/www.sweetzerland.net\/fr\/wp-json\/wp\/v2\/product_brand?post=16706"},{"taxonomy":"product_cat","embeddable":true,"href":"https:\/\/www.sweetzerland.net\/fr\/wp-json\/wp\/v2\/product_cat?post=16706"},{"taxonomy":"product_tag","embeddable":true,"href":"https:\/\/www.sweetzerland.net\/fr\/wp-json\/wp\/v2\/product_tag?post=16706"}],"curies":[{"name":"wp","href":"https:\/\/api.w.org\/{rel}","templated":true}]}}