{"id":16697,"date":"2026-04-27T13:22:34","date_gmt":"2026-04-27T11:22:34","guid":{"rendered":"https:\/\/www.sweetzerland.net\/?post_type=product&#038;p=16697"},"modified":"2026-04-28T08:21:26","modified_gmt":"2026-04-28T06:21:26","slug":"coffret-amandes-240g","status":"publish","type":"product","link":"https:\/\/www.sweetzerland.net\/fr\/produit\/coffret-amandes-240g\/","title":{"rendered":"Coffret Amandes \/ 240g &#8211; Bio"},"content":{"rendered":"<p data-start=\"106\" data-end=\"167\"><strong data-start=\"106\" data-end=\"167\">D\u00e9licate envol\u00e9e dor\u00e9e \u2014 Amandes chocolat &amp; \u00e9clats de sel<\/strong><\/p>\n<p data-start=\"169\" data-end=\"282\">Un \u00e9crin \u00e9l\u00e9gant, comme une promesse de douceur, renfermant des amandes croustillantes d\u00e9licatement caram\u00e9lis\u00e9es.<\/p>\n<p data-start=\"284\" data-end=\"557\">Enrob\u00e9es de chocolat au lait des prairies suisses, Grand Cru Rio Napo, \u00c9quateur, elles sont sublim\u00e9es par des cristaux de sel des Alpes suisses et une fine poudre de cacao aromatique.<br data-start=\"467\" data-end=\"470\" \/>Un jeu de textures entre croquant et fondant, une intensit\u00e9 gourmande \u00e0 chaque bouch\u00e9e.<\/p>\n<p data-start=\"559\" data-end=\"683\">\u00c0 offrir comme une attention d\u00e9licate,<br data-start=\"597\" data-end=\"600\" \/>\u00c0 savourer comme un instant suspendu,<br data-start=\"637\" data-end=\"640\" \/>Ou \u00e0 partager pour faire na\u00eetre le plaisir.<\/p>\n<p data-start=\"685\" data-end=\"758\">Une cr\u00e9ation qui c\u00e9l\u00e8bre l\u2019\u00e9quilibre parfait\u2026 entre caract\u00e8re et douceur.<\/p>\n<p data-start=\"760\" data-end=\"803\">100% NATUREL AVEC DES INGR\u00c9DIENTS BIO<\/p>\n<p data-start=\"805\" data-end=\"829\">Poids minimum : 240g<\/p>\n","protected":false},"excerpt":{"rendered":"<p>D\u00e9licate envol\u00e9e dor\u00e9e \u2014 Amandes chocolat &amp; \u00e9clats de sel Un \u00e9crin \u00e9l\u00e9gant, comme une promesse de douceur, renfermant des amandes croustillantes d\u00e9licatement caram\u00e9lis\u00e9es. Enrob\u00e9es de chocolat au lait des prairies suisses, Grand Cru Rio Napo, \u00c9quateur, elles sont sublim\u00e9es par des cristaux de sel des Alpes suisses et une fine poudre de cacao aromatique.Un [&hellip;]<\/p>\n","protected":false},"featured_media":16698,"template":"","meta":{"_acf_changed":false,"site-sidebar-layout":"default","site-content-layout":"","ast-site-content-layout":"default","site-content-style":"default","site-sidebar-style":"default","ast-global-header-display":"","ast-banner-title-visibility":"","ast-main-header-display":"","ast-hfb-above-header-display":"","ast-hfb-below-header-display":"","ast-hfb-mobile-header-display":"","site-post-title":"","ast-breadcrumbs-content":"","ast-featured-img":"","footer-sml-layout":"","ast-disable-related-posts":"","theme-transparent-header-meta":"default","adv-header-id-meta":"","stick-header-meta":"","header-above-stick-meta":"","header-main-stick-meta":"","header-below-stick-meta":"","astra-migrate-meta-layouts":"set","ast-page-background-enabled":"default","ast-page-background-meta":{"desktop":{"background-color":"","background-image":"","background-repeat":"repeat","background-position":"center center","background-size":"auto","background-attachment":"scroll","background-type":"","background-media":"","overlay-type":"","overlay-color":"","overlay-opacity":"","overlay-gradient":""},"tablet":{"background-color":"","background-image":"","background-repeat":"repeat","background-position":"center center","background-size":"auto","background-attachment":"scroll","background-type":"","background-media":"","overlay-type":"","overlay-color":"","overlay-opacity":"","overlay-gradient":""},"mobile":{"background-color":"","background-image":"","background-repeat":"repeat","background-position":"center center","background-size":"auto","background-attachment":"scroll","background-type":"","background-media":"","overlay-type":"","overlay-color":"","overlay-opacity":"","overlay-gradient":""}},"ast-content-background-meta":{"desktop":{"background-color":"var(--ast-global-color-5)","background-image":"","background-repeat":"repeat","background-position":"center center","background-size":"auto","background-attachment":"scroll","background-type":"","background-media":"","overlay-type":"","overlay-color":"","overlay-opacity":"","overlay-gradient":""},"tablet":{"background-color":"var(--ast-global-color-5)","background-image":"","background-repeat":"repeat","background-position":"center center","background-size":"auto","background-attachment":"scroll","background-type":"","background-media":"","overlay-type":"","overlay-color":"","overlay-opacity":"","overlay-gradient":""},"mobile":{"background-color":"var(--ast-global-color-5)","background-image":"","background-repeat":"repeat","background-position":"center center","background-size":"auto","background-attachment":"scroll","background-type":"","background-media":"","overlay-type":"","overlay-color":"","overlay-opacity":"","overlay-gradient":""}}},"product_brand":[],"product_cat":[46,19],"product_tag":[],"class_list":{"0":"post-16697","1":"product","2":"type-product","3":"status-publish","4":"has-post-thumbnail","6":"product_cat-creations-saisonnieres","7":"product_cat-dragees-amandes","8":"desktop-align-left","9":"tablet-align-left","10":"mobile-align-left","12":"first","13":"instock","14":"taxable","15":"shipping-taxable","16":"purchasable","17":"product-type-simple"},"acf":[],"yoast_head":"<!-- This site is optimized with the Yoast SEO plugin v27.5 - https:\/\/yoast.com\/product\/yoast-seo-wordpress\/ -->\n<title>Coffret Amandes \/ 240g - Bio - Sweetzerland Chocolatier<\/title>\n<meta name=\"description\" content=\"Amandes caram\u00e9lis\u00e9es enrob\u00e9es de chocolat au lait bio Grand Cru, sublim\u00e9es par du sel des Alpes. Une cr\u00e9ation artisanale suisse, gourmande et raffin\u00e9e. Id\u00e9al pour offrir ou se faire plaisir.\" \/>\n<meta name=\"robots\" content=\"index, follow, max-snippet:-1, max-image-preview:large, max-video-preview:-1\" \/>\n<link rel=\"canonical\" href=\"https:\/\/www.sweetzerland.net\/fr\/produit\/coffret-amandes-240g\/\" \/>\n<meta property=\"og:locale\" content=\"fr_FR\" \/>\n<meta property=\"og:type\" content=\"article\" \/>\n<meta property=\"og:title\" content=\"Coffret Amandes \/ 240g - Bio - Sweetzerland Chocolatier\" \/>\n<meta property=\"og:description\" content=\"Amandes caram\u00e9lis\u00e9es enrob\u00e9es de chocolat au lait bio Grand Cru, sublim\u00e9es par du sel des Alpes. Une cr\u00e9ation artisanale suisse, gourmande et raffin\u00e9e. Id\u00e9al pour offrir ou se faire plaisir.\" \/>\n<meta property=\"og:url\" content=\"https:\/\/www.sweetzerland.net\/fr\/produit\/coffret-amandes-240g\/\" \/>\n<meta property=\"og:site_name\" content=\"Sweetzerland Chocolatier\" \/>\n<meta property=\"article:modified_time\" content=\"2026-04-28T06:21:26+00:00\" \/>\n<meta property=\"og:image\" content=\"https:\/\/www.sweetzerland.net\/wp-content\/uploads\/2026\/04\/Sweetzerland-Almonds-Pink-Box-Open.jpg\" \/>\n\t<meta property=\"og:image:width\" content=\"1365\" \/>\n\t<meta property=\"og:image:height\" content=\"2048\" \/>\n\t<meta property=\"og:image:type\" content=\"image\/jpeg\" \/>\n<meta name=\"twitter:card\" content=\"summary_large_image\" \/>\n<meta name=\"twitter:label1\" content=\"Dur\u00e9e de lecture estim\u00e9e\" \/>\n\t<meta name=\"twitter:data1\" content=\"1 minute\" \/>\n<script type=\"application\/ld+json\" class=\"yoast-schema-graph\">{\"@context\":\"https:\\\/\\\/schema.org\",\"@graph\":[{\"@type\":\"WebPage\",\"@id\":\"https:\\\/\\\/www.sweetzerland.net\\\/fr\\\/produit\\\/coffret-amandes-240g\\\/\",\"url\":\"https:\\\/\\\/www.sweetzerland.net\\\/fr\\\/produit\\\/coffret-amandes-240g\\\/\",\"name\":\"Coffret Amandes \\\/ 240g - Bio - Sweetzerland Chocolatier\",\"isPartOf\":{\"@id\":\"https:\\\/\\\/www.sweetzerland.net\\\/fr\\\/#website\"},\"primaryImageOfPage\":{\"@id\":\"https:\\\/\\\/www.sweetzerland.net\\\/fr\\\/produit\\\/coffret-amandes-240g\\\/#primaryimage\"},\"image\":{\"@id\":\"https:\\\/\\\/www.sweetzerland.net\\\/fr\\\/produit\\\/coffret-amandes-240g\\\/#primaryimage\"},\"thumbnailUrl\":\"https:\\\/\\\/www.sweetzerland.net\\\/wp-content\\\/uploads\\\/2026\\\/04\\\/Sweetzerland-Almonds-Pink-Box-Open.jpg\",\"datePublished\":\"2026-04-27T11:22:34+00:00\",\"dateModified\":\"2026-04-28T06:21:26+00:00\",\"description\":\"Amandes caram\u00e9lis\u00e9es enrob\u00e9es de chocolat au lait bio Grand Cru, sublim\u00e9es par du sel des Alpes. Une cr\u00e9ation artisanale suisse, gourmande et raffin\u00e9e. Id\u00e9al pour offrir ou se faire plaisir.\",\"breadcrumb\":{\"@id\":\"https:\\\/\\\/www.sweetzerland.net\\\/fr\\\/produit\\\/coffret-amandes-240g\\\/#breadcrumb\"},\"inLanguage\":\"fr-FR\",\"potentialAction\":[{\"@type\":\"ReadAction\",\"target\":[\"https:\\\/\\\/www.sweetzerland.net\\\/fr\\\/produit\\\/coffret-amandes-240g\\\/\"]}]},{\"@type\":\"ImageObject\",\"inLanguage\":\"fr-FR\",\"@id\":\"https:\\\/\\\/www.sweetzerland.net\\\/fr\\\/produit\\\/coffret-amandes-240g\\\/#primaryimage\",\"url\":\"https:\\\/\\\/www.sweetzerland.net\\\/wp-content\\\/uploads\\\/2026\\\/04\\\/Sweetzerland-Almonds-Pink-Box-Open.jpg\",\"contentUrl\":\"https:\\\/\\\/www.sweetzerland.net\\\/wp-content\\\/uploads\\\/2026\\\/04\\\/Sweetzerland-Almonds-Pink-Box-Open.jpg\",\"width\":1365,\"height\":2048},{\"@type\":\"BreadcrumbList\",\"@id\":\"https:\\\/\\\/www.sweetzerland.net\\\/fr\\\/produit\\\/coffret-amandes-240g\\\/#breadcrumb\",\"itemListElement\":[{\"@type\":\"ListItem\",\"position\":1,\"name\":\"Accueil\",\"item\":\"https:\\\/\\\/www.sweetzerland.net\\\/fr\\\/boutique\\\/\"},{\"@type\":\"ListItem\",\"position\":2,\"name\":\"Online Shop\",\"item\":\"https:\\\/\\\/www.sweetzerland.net\\\/fr\\\/boutique\\\/\"},{\"@type\":\"ListItem\",\"position\":3,\"name\":\"Coffret Amandes \\\/ 240g &#8211; Bio\"}]},{\"@type\":\"WebSite\",\"@id\":\"https:\\\/\\\/www.sweetzerland.net\\\/fr\\\/#website\",\"url\":\"https:\\\/\\\/www.sweetzerland.net\\\/fr\\\/\",\"name\":\"Sweetzerland Chocolatier\",\"description\":\"Chocolatier Gen\u00e8ve\",\"publisher\":{\"@id\":\"https:\\\/\\\/www.sweetzerland.net\\\/fr\\\/#organization\"},\"potentialAction\":[{\"@type\":\"SearchAction\",\"target\":{\"@type\":\"EntryPoint\",\"urlTemplate\":\"https:\\\/\\\/www.sweetzerland.net\\\/fr\\\/?s={search_term_string}\"},\"query-input\":{\"@type\":\"PropertyValueSpecification\",\"valueRequired\":true,\"valueName\":\"search_term_string\"}}],\"inLanguage\":\"fr-FR\"},{\"@type\":\"Organization\",\"@id\":\"https:\\\/\\\/www.sweetzerland.net\\\/fr\\\/#organization\",\"name\":\"Sweetzerland Chocolatier\",\"url\":\"https:\\\/\\\/www.sweetzerland.net\\\/fr\\\/\",\"logo\":{\"@type\":\"ImageObject\",\"inLanguage\":\"fr-FR\",\"@id\":\"https:\\\/\\\/www.sweetzerland.net\\\/fr\\\/#\\\/schema\\\/logo\\\/image\\\/\",\"url\":\"https:\\\/\\\/www.sweetzerland.net\\\/wp-content\\\/uploads\\\/2025\\\/01\\\/cropped-logo-sweetzerland-HD.png\",\"contentUrl\":\"https:\\\/\\\/www.sweetzerland.net\\\/wp-content\\\/uploads\\\/2025\\\/01\\\/cropped-logo-sweetzerland-HD.png\",\"width\":500,\"height\":353,\"caption\":\"Sweetzerland Chocolatier\"},\"image\":{\"@id\":\"https:\\\/\\\/www.sweetzerland.net\\\/fr\\\/#\\\/schema\\\/logo\\\/image\\\/\"}}]}<\/script>\n<!-- \/ Yoast SEO plugin. -->","yoast_head_json":{"title":"Coffret Amandes \/ 240g - Bio - Sweetzerland Chocolatier","description":"Amandes caram\u00e9lis\u00e9es enrob\u00e9es de chocolat au lait bio Grand Cru, sublim\u00e9es par du sel des Alpes. Une cr\u00e9ation artisanale suisse, gourmande et raffin\u00e9e. Id\u00e9al pour offrir ou se faire plaisir.","robots":{"index":"index","follow":"follow","max-snippet":"max-snippet:-1","max-image-preview":"max-image-preview:large","max-video-preview":"max-video-preview:-1"},"canonical":"https:\/\/www.sweetzerland.net\/fr\/produit\/coffret-amandes-240g\/","og_locale":"fr_FR","og_type":"article","og_title":"Coffret Amandes \/ 240g - Bio - Sweetzerland Chocolatier","og_description":"Amandes caram\u00e9lis\u00e9es enrob\u00e9es de chocolat au lait bio Grand Cru, sublim\u00e9es par du sel des Alpes. Une cr\u00e9ation artisanale suisse, gourmande et raffin\u00e9e. Id\u00e9al pour offrir ou se faire plaisir.","og_url":"https:\/\/www.sweetzerland.net\/fr\/produit\/coffret-amandes-240g\/","og_site_name":"Sweetzerland Chocolatier","article_modified_time":"2026-04-28T06:21:26+00:00","og_image":[{"width":1365,"height":2048,"url":"https:\/\/www.sweetzerland.net\/wp-content\/uploads\/2026\/04\/Sweetzerland-Almonds-Pink-Box-Open.jpg","type":"image\/jpeg"}],"twitter_card":"summary_large_image","twitter_misc":{"Dur\u00e9e de lecture estim\u00e9e":"1 minute"},"schema":{"@context":"https:\/\/schema.org","@graph":[{"@type":"WebPage","@id":"https:\/\/www.sweetzerland.net\/fr\/produit\/coffret-amandes-240g\/","url":"https:\/\/www.sweetzerland.net\/fr\/produit\/coffret-amandes-240g\/","name":"Coffret Amandes \/ 240g - Bio - Sweetzerland Chocolatier","isPartOf":{"@id":"https:\/\/www.sweetzerland.net\/fr\/#website"},"primaryImageOfPage":{"@id":"https:\/\/www.sweetzerland.net\/fr\/produit\/coffret-amandes-240g\/#primaryimage"},"image":{"@id":"https:\/\/www.sweetzerland.net\/fr\/produit\/coffret-amandes-240g\/#primaryimage"},"thumbnailUrl":"https:\/\/www.sweetzerland.net\/wp-content\/uploads\/2026\/04\/Sweetzerland-Almonds-Pink-Box-Open.jpg","datePublished":"2026-04-27T11:22:34+00:00","dateModified":"2026-04-28T06:21:26+00:00","description":"Amandes caram\u00e9lis\u00e9es enrob\u00e9es de chocolat au lait bio Grand Cru, sublim\u00e9es par du sel des Alpes. Une cr\u00e9ation artisanale suisse, gourmande et raffin\u00e9e. Id\u00e9al pour offrir ou se faire plaisir.","breadcrumb":{"@id":"https:\/\/www.sweetzerland.net\/fr\/produit\/coffret-amandes-240g\/#breadcrumb"},"inLanguage":"fr-FR","potentialAction":[{"@type":"ReadAction","target":["https:\/\/www.sweetzerland.net\/fr\/produit\/coffret-amandes-240g\/"]}]},{"@type":"ImageObject","inLanguage":"fr-FR","@id":"https:\/\/www.sweetzerland.net\/fr\/produit\/coffret-amandes-240g\/#primaryimage","url":"https:\/\/www.sweetzerland.net\/wp-content\/uploads\/2026\/04\/Sweetzerland-Almonds-Pink-Box-Open.jpg","contentUrl":"https:\/\/www.sweetzerland.net\/wp-content\/uploads\/2026\/04\/Sweetzerland-Almonds-Pink-Box-Open.jpg","width":1365,"height":2048},{"@type":"BreadcrumbList","@id":"https:\/\/www.sweetzerland.net\/fr\/produit\/coffret-amandes-240g\/#breadcrumb","itemListElement":[{"@type":"ListItem","position":1,"name":"Accueil","item":"https:\/\/www.sweetzerland.net\/fr\/boutique\/"},{"@type":"ListItem","position":2,"name":"Online Shop","item":"https:\/\/www.sweetzerland.net\/fr\/boutique\/"},{"@type":"ListItem","position":3,"name":"Coffret Amandes \/ 240g &#8211; Bio"}]},{"@type":"WebSite","@id":"https:\/\/www.sweetzerland.net\/fr\/#website","url":"https:\/\/www.sweetzerland.net\/fr\/","name":"Sweetzerland Chocolatier","description":"Chocolatier Gen\u00e8ve","publisher":{"@id":"https:\/\/www.sweetzerland.net\/fr\/#organization"},"potentialAction":[{"@type":"SearchAction","target":{"@type":"EntryPoint","urlTemplate":"https:\/\/www.sweetzerland.net\/fr\/?s={search_term_string}"},"query-input":{"@type":"PropertyValueSpecification","valueRequired":true,"valueName":"search_term_string"}}],"inLanguage":"fr-FR"},{"@type":"Organization","@id":"https:\/\/www.sweetzerland.net\/fr\/#organization","name":"Sweetzerland Chocolatier","url":"https:\/\/www.sweetzerland.net\/fr\/","logo":{"@type":"ImageObject","inLanguage":"fr-FR","@id":"https:\/\/www.sweetzerland.net\/fr\/#\/schema\/logo\/image\/","url":"https:\/\/www.sweetzerland.net\/wp-content\/uploads\/2025\/01\/cropped-logo-sweetzerland-HD.png","contentUrl":"https:\/\/www.sweetzerland.net\/wp-content\/uploads\/2025\/01\/cropped-logo-sweetzerland-HD.png","width":500,"height":353,"caption":"Sweetzerland Chocolatier"},"image":{"@id":"https:\/\/www.sweetzerland.net\/fr\/#\/schema\/logo\/image\/"}}]}},"_links":{"self":[{"href":"https:\/\/www.sweetzerland.net\/fr\/wp-json\/wp\/v2\/product\/16697","targetHints":{"allow":["GET"]}}],"collection":[{"href":"https:\/\/www.sweetzerland.net\/fr\/wp-json\/wp\/v2\/product"}],"about":[{"href":"https:\/\/www.sweetzerland.net\/fr\/wp-json\/wp\/v2\/types\/product"}],"version-history":[{"count":2,"href":"https:\/\/www.sweetzerland.net\/fr\/wp-json\/wp\/v2\/product\/16697\/revisions"}],"predecessor-version":[{"id":16705,"href":"https:\/\/www.sweetzerland.net\/fr\/wp-json\/wp\/v2\/product\/16697\/revisions\/16705"}],"wp:featuredmedia":[{"embeddable":true,"href":"https:\/\/www.sweetzerland.net\/fr\/wp-json\/wp\/v2\/media\/16698"}],"wp:attachment":[{"href":"https:\/\/www.sweetzerland.net\/fr\/wp-json\/wp\/v2\/media?parent=16697"}],"wp:term":[{"taxonomy":"product_brand","embeddable":true,"href":"https:\/\/www.sweetzerland.net\/fr\/wp-json\/wp\/v2\/product_brand?post=16697"},{"taxonomy":"product_cat","embeddable":true,"href":"https:\/\/www.sweetzerland.net\/fr\/wp-json\/wp\/v2\/product_cat?post=16697"},{"taxonomy":"product_tag","embeddable":true,"href":"https:\/\/www.sweetzerland.net\/fr\/wp-json\/wp\/v2\/product_tag?post=16697"}],"curies":[{"name":"wp","href":"https:\/\/api.w.org\/{rel}","templated":true}]}}