{"id":16647,"date":"2026-04-08T14:37:21","date_gmt":"2026-04-08T12:37:21","guid":{"rendered":"https:\/\/www.sweetzerland.net\/?post_type=product&#038;p=16647"},"modified":"2026-04-08T14:45:22","modified_gmt":"2026-04-08T12:45:22","slug":"coffret-branches-pralinees-16-pcs","status":"publish","type":"product","link":"https:\/\/www.sweetzerland.net\/fr\/produit\/coffret-branches-pralinees-16-pcs\/","title":{"rendered":"Coffret Branches Pralin\u00e9es &#8211; 16 pcs"},"content":{"rendered":"<p data-start=\"147\" data-end=\"322\">Plongez dans une <strong>exp\u00e9rience sensorielle g\u00e9n\u00e9reuse<\/strong> avec notre coffret de <strong>16 branches pralin\u00e9es<\/strong>, une cr\u00e9ation embl\u00e9matique qui c\u00e9l\u00e8bre le savoir-faire artisanal de Sweetzerland.<\/p>\n<p data-start=\"324\" data-end=\"692\">Chaque branche est le fruit d\u2019un \u00e9quilibre subtil entre textures et intensit\u00e9 aromatique : la richesse des fruits secs biologiques d\u2019Italie, s\u00e9lectionn\u00e9s pour leur profondeur et leur caract\u00e8re, se m\u00eale au croustillant d\u00e9licat de brisures de biscuit suisse. Le tout est d\u00e9licatement enrob\u00e9 d\u2019un cacao Grand Cru, r\u00e9v\u00e9lant une harmonie parfaite entre croquant et fondant.<\/p>\n<p data-start=\"694\" data-end=\"906\">Pens\u00e9 comme un <strong>v\u00e9ritable objet de gourmandise \u00e0 partager<\/strong> &#8211; ou \u00e0 savourer dans la dur\u00e9e &#8211; ce coffret g\u00e9n\u00e9reux offre une exp\u00e9rience prolong\u00e9e, o\u00f9 chaque bouch\u00e9e devient un moment de plaisir raffin\u00e9.<\/p>\n<p data-start=\"908\" data-end=\"1089\">Plus qu\u2019un simple assortiment, c\u2019est une invitation \u00e0 red\u00e9couvrir le pralin\u00e9 dans toute sa richesse, \u00e0 travers une cr\u00e9ation \u00e0 la fois authentique, \u00e9l\u00e9gante et intens\u00e9ment gourmande.<\/p>\n<p data-start=\"908\" data-end=\"1089\">100% NATUREL, AVEC DES INGREDIENTS BIO !<\/p>\n<p data-start=\"908\" data-end=\"1089\">Poids minimum : 480 g<\/p>\n","protected":false},"excerpt":{"rendered":"<p>Plongez dans une exp\u00e9rience sensorielle g\u00e9n\u00e9reuse avec notre coffret de 16 branches pralin\u00e9es, une cr\u00e9ation embl\u00e9matique qui c\u00e9l\u00e8bre le savoir-faire artisanal de Sweetzerland. Chaque branche est le fruit d\u2019un \u00e9quilibre subtil entre textures et intensit\u00e9 aromatique : la richesse des fruits secs biologiques d\u2019Italie, s\u00e9lectionn\u00e9s pour leur profondeur et leur caract\u00e8re, se m\u00eale au croustillant [&hellip;]<\/p>\n","protected":false},"featured_media":16651,"template":"","meta":{"_acf_changed":false,"site-sidebar-layout":"default","site-content-layout":"","ast-site-content-layout":"default","site-content-style":"default","site-sidebar-style":"default","ast-global-header-display":"","ast-banner-title-visibility":"","ast-main-header-display":"","ast-hfb-above-header-display":"","ast-hfb-below-header-display":"","ast-hfb-mobile-header-display":"","site-post-title":"","ast-breadcrumbs-content":"","ast-featured-img":"","footer-sml-layout":"","ast-disable-related-posts":"","theme-transparent-header-meta":"default","adv-header-id-meta":"","stick-header-meta":"","header-above-stick-meta":"","header-main-stick-meta":"","header-below-stick-meta":"","astra-migrate-meta-layouts":"set","ast-page-background-enabled":"default","ast-page-background-meta":{"desktop":{"background-color":"","background-image":"","background-repeat":"repeat","background-position":"center center","background-size":"auto","background-attachment":"scroll","background-type":"","background-media":"","overlay-type":"","overlay-color":"","overlay-opacity":"","overlay-gradient":""},"tablet":{"background-color":"","background-image":"","background-repeat":"repeat","background-position":"center center","background-size":"auto","background-attachment":"scroll","background-type":"","background-media":"","overlay-type":"","overlay-color":"","overlay-opacity":"","overlay-gradient":""},"mobile":{"background-color":"","background-image":"","background-repeat":"repeat","background-position":"center center","background-size":"auto","background-attachment":"scroll","background-type":"","background-media":"","overlay-type":"","overlay-color":"","overlay-opacity":"","overlay-gradient":""}},"ast-content-background-meta":{"desktop":{"background-color":"var(--ast-global-color-5)","background-image":"","background-repeat":"repeat","background-position":"center center","background-size":"auto","background-attachment":"scroll","background-type":"","background-media":"","overlay-type":"","overlay-color":"","overlay-opacity":"","overlay-gradient":""},"tablet":{"background-color":"var(--ast-global-color-5)","background-image":"","background-repeat":"repeat","background-position":"center center","background-size":"auto","background-attachment":"scroll","background-type":"","background-media":"","overlay-type":"","overlay-color":"","overlay-opacity":"","overlay-gradient":""},"mobile":{"background-color":"var(--ast-global-color-5)","background-image":"","background-repeat":"repeat","background-position":"center center","background-size":"auto","background-attachment":"scroll","background-type":"","background-media":"","overlay-type":"","overlay-color":"","overlay-opacity":"","overlay-gradient":""}}},"product_brand":[],"product_cat":[46,20],"product_tag":[],"class_list":{"0":"post-16647","1":"product","2":"type-product","3":"status-publish","4":"has-post-thumbnail","6":"product_cat-creations-saisonnieres","7":"product_cat-gourmandises","8":"desktop-align-left","9":"tablet-align-left","10":"mobile-align-left","12":"first","13":"instock","14":"taxable","15":"shipping-taxable","16":"purchasable","17":"product-type-simple"},"acf":[],"yoast_head":"<!-- This site is optimized with the Yoast SEO plugin v27.3 - https:\/\/yoast.com\/product\/yoast-seo-wordpress\/ -->\n<title>Coffret Branches Pralin\u00e9es - 16 pcs - Sweetzerland Chocolatier<\/title>\n<meta name=\"description\" content=\"D\u00e9couvrez notre coffret de 16 branches pralin\u00e9es bio, alliant fruits secs d\u2019Italie (pistache DOP de Bronte) et cacao Grand Cru. Une exp\u00e9rience gourmande et raffin\u00e9e.\" \/>\n<meta name=\"robots\" content=\"index, follow, max-snippet:-1, max-image-preview:large, max-video-preview:-1\" \/>\n<link rel=\"canonical\" href=\"https:\/\/www.sweetzerland.net\/fr\/produit\/coffret-branches-pralinees-16-pcs\/\" \/>\n<meta property=\"og:locale\" content=\"fr_FR\" \/>\n<meta property=\"og:type\" content=\"article\" \/>\n<meta property=\"og:title\" content=\"Coffret Branches Pralin\u00e9es - 16 pcs - Sweetzerland Chocolatier\" \/>\n<meta property=\"og:description\" content=\"D\u00e9couvrez notre coffret de 16 branches pralin\u00e9es bio, alliant fruits secs d\u2019Italie (pistache DOP de Bronte) et cacao Grand Cru. Une exp\u00e9rience gourmande et raffin\u00e9e.\" \/>\n<meta property=\"og:url\" content=\"https:\/\/www.sweetzerland.net\/fr\/produit\/coffret-branches-pralinees-16-pcs\/\" \/>\n<meta property=\"og:site_name\" content=\"Sweetzerland Chocolatier\" \/>\n<meta property=\"article:modified_time\" content=\"2026-04-08T12:45:22+00:00\" \/>\n<meta property=\"og:image\" content=\"https:\/\/www.sweetzerland.net\/wp-content\/uploads\/2026\/04\/Sweetzerland_Praline_Branches_Box_16_pcs-683x1024.png\" \/>\n\t<meta property=\"og:image:width\" content=\"683\" \/>\n\t<meta property=\"og:image:height\" content=\"1024\" \/>\n\t<meta property=\"og:image:type\" content=\"image\/png\" \/>\n<meta name=\"twitter:card\" content=\"summary_large_image\" \/>\n<meta name=\"twitter:label1\" content=\"Dur\u00e9e de lecture estim\u00e9e\" \/>\n\t<meta name=\"twitter:data1\" content=\"1 minute\" \/>\n<script type=\"application\/ld+json\" class=\"yoast-schema-graph\">{\"@context\":\"https:\\\/\\\/schema.org\",\"@graph\":[{\"@type\":\"WebPage\",\"@id\":\"https:\\\/\\\/www.sweetzerland.net\\\/fr\\\/produit\\\/coffret-branches-pralinees-16-pcs\\\/\",\"url\":\"https:\\\/\\\/www.sweetzerland.net\\\/fr\\\/produit\\\/coffret-branches-pralinees-16-pcs\\\/\",\"name\":\"Coffret Branches Pralin\u00e9es - 16 pcs - Sweetzerland Chocolatier\",\"isPartOf\":{\"@id\":\"https:\\\/\\\/www.sweetzerland.net\\\/fr\\\/#website\"},\"primaryImageOfPage\":{\"@id\":\"https:\\\/\\\/www.sweetzerland.net\\\/fr\\\/produit\\\/coffret-branches-pralinees-16-pcs\\\/#primaryimage\"},\"image\":{\"@id\":\"https:\\\/\\\/www.sweetzerland.net\\\/fr\\\/produit\\\/coffret-branches-pralinees-16-pcs\\\/#primaryimage\"},\"thumbnailUrl\":\"https:\\\/\\\/www.sweetzerland.net\\\/wp-content\\\/uploads\\\/2026\\\/04\\\/Sweetzerland_Praline_Branches_Box_16_pcs-scaled.png\",\"datePublished\":\"2026-04-08T12:37:21+00:00\",\"dateModified\":\"2026-04-08T12:45:22+00:00\",\"description\":\"D\u00e9couvrez notre coffret de 16 branches pralin\u00e9es bio, alliant fruits secs d\u2019Italie (pistache DOP de Bronte) et cacao Grand Cru. Une exp\u00e9rience gourmande et raffin\u00e9e.\",\"breadcrumb\":{\"@id\":\"https:\\\/\\\/www.sweetzerland.net\\\/fr\\\/produit\\\/coffret-branches-pralinees-16-pcs\\\/#breadcrumb\"},\"inLanguage\":\"fr-FR\",\"potentialAction\":[{\"@type\":\"ReadAction\",\"target\":[\"https:\\\/\\\/www.sweetzerland.net\\\/fr\\\/produit\\\/coffret-branches-pralinees-16-pcs\\\/\"]}]},{\"@type\":\"ImageObject\",\"inLanguage\":\"fr-FR\",\"@id\":\"https:\\\/\\\/www.sweetzerland.net\\\/fr\\\/produit\\\/coffret-branches-pralinees-16-pcs\\\/#primaryimage\",\"url\":\"https:\\\/\\\/www.sweetzerland.net\\\/wp-content\\\/uploads\\\/2026\\\/04\\\/Sweetzerland_Praline_Branches_Box_16_pcs-scaled.png\",\"contentUrl\":\"https:\\\/\\\/www.sweetzerland.net\\\/wp-content\\\/uploads\\\/2026\\\/04\\\/Sweetzerland_Praline_Branches_Box_16_pcs-scaled.png\",\"width\":1706,\"height\":2560},{\"@type\":\"BreadcrumbList\",\"@id\":\"https:\\\/\\\/www.sweetzerland.net\\\/fr\\\/produit\\\/coffret-branches-pralinees-16-pcs\\\/#breadcrumb\",\"itemListElement\":[{\"@type\":\"ListItem\",\"position\":1,\"name\":\"Accueil\",\"item\":\"https:\\\/\\\/www.sweetzerland.net\\\/fr\\\/boutique\\\/\"},{\"@type\":\"ListItem\",\"position\":2,\"name\":\"Online Shop\",\"item\":\"https:\\\/\\\/www.sweetzerland.net\\\/fr\\\/boutique\\\/\"},{\"@type\":\"ListItem\",\"position\":3,\"name\":\"Coffret Branches Pralin\u00e9es &#8211; 16 pcs\"}]},{\"@type\":\"WebSite\",\"@id\":\"https:\\\/\\\/www.sweetzerland.net\\\/fr\\\/#website\",\"url\":\"https:\\\/\\\/www.sweetzerland.net\\\/fr\\\/\",\"name\":\"Sweetzerland Chocolatier\",\"description\":\"Chocolatier Gen\u00e8ve\",\"publisher\":{\"@id\":\"https:\\\/\\\/www.sweetzerland.net\\\/fr\\\/#organization\"},\"potentialAction\":[{\"@type\":\"SearchAction\",\"target\":{\"@type\":\"EntryPoint\",\"urlTemplate\":\"https:\\\/\\\/www.sweetzerland.net\\\/fr\\\/?s={search_term_string}\"},\"query-input\":{\"@type\":\"PropertyValueSpecification\",\"valueRequired\":true,\"valueName\":\"search_term_string\"}}],\"inLanguage\":\"fr-FR\"},{\"@type\":\"Organization\",\"@id\":\"https:\\\/\\\/www.sweetzerland.net\\\/fr\\\/#organization\",\"name\":\"Sweetzerland Chocolatier\",\"url\":\"https:\\\/\\\/www.sweetzerland.net\\\/fr\\\/\",\"logo\":{\"@type\":\"ImageObject\",\"inLanguage\":\"fr-FR\",\"@id\":\"https:\\\/\\\/www.sweetzerland.net\\\/fr\\\/#\\\/schema\\\/logo\\\/image\\\/\",\"url\":\"https:\\\/\\\/www.sweetzerland.net\\\/wp-content\\\/uploads\\\/2025\\\/01\\\/cropped-logo-sweetzerland-HD.png\",\"contentUrl\":\"https:\\\/\\\/www.sweetzerland.net\\\/wp-content\\\/uploads\\\/2025\\\/01\\\/cropped-logo-sweetzerland-HD.png\",\"width\":500,\"height\":353,\"caption\":\"Sweetzerland Chocolatier\"},\"image\":{\"@id\":\"https:\\\/\\\/www.sweetzerland.net\\\/fr\\\/#\\\/schema\\\/logo\\\/image\\\/\"}}]}<\/script>\n<!-- \/ Yoast SEO plugin. -->","yoast_head_json":{"title":"Coffret Branches Pralin\u00e9es - 16 pcs - Sweetzerland Chocolatier","description":"D\u00e9couvrez notre coffret de 16 branches pralin\u00e9es bio, alliant fruits secs d\u2019Italie (pistache DOP de Bronte) et cacao Grand Cru. Une exp\u00e9rience gourmande et raffin\u00e9e.","robots":{"index":"index","follow":"follow","max-snippet":"max-snippet:-1","max-image-preview":"max-image-preview:large","max-video-preview":"max-video-preview:-1"},"canonical":"https:\/\/www.sweetzerland.net\/fr\/produit\/coffret-branches-pralinees-16-pcs\/","og_locale":"fr_FR","og_type":"article","og_title":"Coffret Branches Pralin\u00e9es - 16 pcs - Sweetzerland Chocolatier","og_description":"D\u00e9couvrez notre coffret de 16 branches pralin\u00e9es bio, alliant fruits secs d\u2019Italie (pistache DOP de Bronte) et cacao Grand Cru. Une exp\u00e9rience gourmande et raffin\u00e9e.","og_url":"https:\/\/www.sweetzerland.net\/fr\/produit\/coffret-branches-pralinees-16-pcs\/","og_site_name":"Sweetzerland Chocolatier","article_modified_time":"2026-04-08T12:45:22+00:00","og_image":[{"width":683,"height":1024,"url":"https:\/\/www.sweetzerland.net\/wp-content\/uploads\/2026\/04\/Sweetzerland_Praline_Branches_Box_16_pcs-683x1024.png","type":"image\/png"}],"twitter_card":"summary_large_image","twitter_misc":{"Dur\u00e9e de lecture estim\u00e9e":"1 minute"},"schema":{"@context":"https:\/\/schema.org","@graph":[{"@type":"WebPage","@id":"https:\/\/www.sweetzerland.net\/fr\/produit\/coffret-branches-pralinees-16-pcs\/","url":"https:\/\/www.sweetzerland.net\/fr\/produit\/coffret-branches-pralinees-16-pcs\/","name":"Coffret Branches Pralin\u00e9es - 16 pcs - Sweetzerland Chocolatier","isPartOf":{"@id":"https:\/\/www.sweetzerland.net\/fr\/#website"},"primaryImageOfPage":{"@id":"https:\/\/www.sweetzerland.net\/fr\/produit\/coffret-branches-pralinees-16-pcs\/#primaryimage"},"image":{"@id":"https:\/\/www.sweetzerland.net\/fr\/produit\/coffret-branches-pralinees-16-pcs\/#primaryimage"},"thumbnailUrl":"https:\/\/www.sweetzerland.net\/wp-content\/uploads\/2026\/04\/Sweetzerland_Praline_Branches_Box_16_pcs-scaled.png","datePublished":"2026-04-08T12:37:21+00:00","dateModified":"2026-04-08T12:45:22+00:00","description":"D\u00e9couvrez notre coffret de 16 branches pralin\u00e9es bio, alliant fruits secs d\u2019Italie (pistache DOP de Bronte) et cacao Grand Cru. Une exp\u00e9rience gourmande et raffin\u00e9e.","breadcrumb":{"@id":"https:\/\/www.sweetzerland.net\/fr\/produit\/coffret-branches-pralinees-16-pcs\/#breadcrumb"},"inLanguage":"fr-FR","potentialAction":[{"@type":"ReadAction","target":["https:\/\/www.sweetzerland.net\/fr\/produit\/coffret-branches-pralinees-16-pcs\/"]}]},{"@type":"ImageObject","inLanguage":"fr-FR","@id":"https:\/\/www.sweetzerland.net\/fr\/produit\/coffret-branches-pralinees-16-pcs\/#primaryimage","url":"https:\/\/www.sweetzerland.net\/wp-content\/uploads\/2026\/04\/Sweetzerland_Praline_Branches_Box_16_pcs-scaled.png","contentUrl":"https:\/\/www.sweetzerland.net\/wp-content\/uploads\/2026\/04\/Sweetzerland_Praline_Branches_Box_16_pcs-scaled.png","width":1706,"height":2560},{"@type":"BreadcrumbList","@id":"https:\/\/www.sweetzerland.net\/fr\/produit\/coffret-branches-pralinees-16-pcs\/#breadcrumb","itemListElement":[{"@type":"ListItem","position":1,"name":"Accueil","item":"https:\/\/www.sweetzerland.net\/fr\/boutique\/"},{"@type":"ListItem","position":2,"name":"Online Shop","item":"https:\/\/www.sweetzerland.net\/fr\/boutique\/"},{"@type":"ListItem","position":3,"name":"Coffret Branches Pralin\u00e9es &#8211; 16 pcs"}]},{"@type":"WebSite","@id":"https:\/\/www.sweetzerland.net\/fr\/#website","url":"https:\/\/www.sweetzerland.net\/fr\/","name":"Sweetzerland Chocolatier","description":"Chocolatier Gen\u00e8ve","publisher":{"@id":"https:\/\/www.sweetzerland.net\/fr\/#organization"},"potentialAction":[{"@type":"SearchAction","target":{"@type":"EntryPoint","urlTemplate":"https:\/\/www.sweetzerland.net\/fr\/?s={search_term_string}"},"query-input":{"@type":"PropertyValueSpecification","valueRequired":true,"valueName":"search_term_string"}}],"inLanguage":"fr-FR"},{"@type":"Organization","@id":"https:\/\/www.sweetzerland.net\/fr\/#organization","name":"Sweetzerland Chocolatier","url":"https:\/\/www.sweetzerland.net\/fr\/","logo":{"@type":"ImageObject","inLanguage":"fr-FR","@id":"https:\/\/www.sweetzerland.net\/fr\/#\/schema\/logo\/image\/","url":"https:\/\/www.sweetzerland.net\/wp-content\/uploads\/2025\/01\/cropped-logo-sweetzerland-HD.png","contentUrl":"https:\/\/www.sweetzerland.net\/wp-content\/uploads\/2025\/01\/cropped-logo-sweetzerland-HD.png","width":500,"height":353,"caption":"Sweetzerland Chocolatier"},"image":{"@id":"https:\/\/www.sweetzerland.net\/fr\/#\/schema\/logo\/image\/"}}]}},"_links":{"self":[{"href":"https:\/\/www.sweetzerland.net\/fr\/wp-json\/wp\/v2\/product\/16647","targetHints":{"allow":["GET"]}}],"collection":[{"href":"https:\/\/www.sweetzerland.net\/fr\/wp-json\/wp\/v2\/product"}],"about":[{"href":"https:\/\/www.sweetzerland.net\/fr\/wp-json\/wp\/v2\/types\/product"}],"version-history":[{"count":1,"href":"https:\/\/www.sweetzerland.net\/fr\/wp-json\/wp\/v2\/product\/16647\/revisions"}],"predecessor-version":[{"id":16654,"href":"https:\/\/www.sweetzerland.net\/fr\/wp-json\/wp\/v2\/product\/16647\/revisions\/16654"}],"wp:featuredmedia":[{"embeddable":true,"href":"https:\/\/www.sweetzerland.net\/fr\/wp-json\/wp\/v2\/media\/16651"}],"wp:attachment":[{"href":"https:\/\/www.sweetzerland.net\/fr\/wp-json\/wp\/v2\/media?parent=16647"}],"wp:term":[{"taxonomy":"product_brand","embeddable":true,"href":"https:\/\/www.sweetzerland.net\/fr\/wp-json\/wp\/v2\/product_brand?post=16647"},{"taxonomy":"product_cat","embeddable":true,"href":"https:\/\/www.sweetzerland.net\/fr\/wp-json\/wp\/v2\/product_cat?post=16647"},{"taxonomy":"product_tag","embeddable":true,"href":"https:\/\/www.sweetzerland.net\/fr\/wp-json\/wp\/v2\/product_tag?post=16647"}],"curies":[{"name":"wp","href":"https:\/\/api.w.org\/{rel}","templated":true}]}}