{"id":16381,"date":"2026-03-24T11:52:01","date_gmt":"2026-03-24T10:52:01","guid":{"rendered":"https:\/\/www.sweetzerland.net\/?post_type=product&#038;p=16381"},"modified":"2026-03-26T15:36:23","modified_gmt":"2026-03-26T14:36:23","slug":"sweet-secret-sphere-chocolat-noisettes-et-caramel-lait-38","status":"publish","type":"product","link":"https:\/\/www.sweetzerland.net\/fr\/produit\/sweet-secret-sphere-chocolat-noisettes-et-caramel-lait-38\/","title":{"rendered":"\u2018Sweet Secret\u2019 sph\u00e8re chocolat Noisettes &#038; Caramel \u2013 Lait 38%"},"content":{"rendered":"<p><b>The Sweet Secret <\/b>: bien plus qu\u2019un chocolat, une exp\u00e9rience en trois temps.<\/p>\n<p><span style=\"font-weight: 400;\">Inspir\u00e9e des poup\u00e9es gigognes et de <strong>l&rsquo;\u00e9closion <\/strong><\/span><b>du Printemps<\/b><span style=\"font-weight: 400;\">, notre cr\u00e9ation de P\u00e2ques en chocolat, en version <\/span><b>noisettes &amp; caramel<\/b><span style=\"font-weight: 400;\">, r\u00e9v\u00e8le \u00e0 chaque couche un nouveau secret. <\/span><\/p>\n<p><span style=\"font-weight: 400;\">Derri\u00e8re son design po\u00e9tique se cache un <\/span><b>produit 3-en-1 <\/b><span style=\"font-weight: 400;\">: une cr\u00e9ation de P\u00e2ques durable au chocolat Grand Cru bio et Sweet drops qui renferme une surprise irr\u00e9sistible nich\u00e9e en son coeur, un packaging ing\u00e9nieux fait \u00e0 la main et con\u00e7u pour le sublimer, et une d\u00e9coration \u00e0 suspendre ou \u00e0 cacher.<\/span><\/p>\n<p><b>Une cr\u00e9ation \u00e9l\u00e9gante et responsable<\/b><span style=\"font-weight: 400;\">, pens\u00e9e pour \u00e9merveiller tout en valorisant les principes d\u2019upcycling et d\u2019\u00e9motion partag\u00e9e.<\/span><\/p>\n<p><span style=\"font-weight: 400;\">150g \u2013 Lait 38%<\/span><\/p>\n","protected":false},"excerpt":{"rendered":"<p>The Sweet Secret : bien plus qu\u2019un chocolat, une exp\u00e9rience en trois temps. Inspir\u00e9e des poup\u00e9es gigognes et de l&rsquo;\u00e9closion du Printemps, notre cr\u00e9ation de P\u00e2ques en chocolat, en version noisettes &amp; caramel, r\u00e9v\u00e8le \u00e0 chaque couche un nouveau secret. Derri\u00e8re son design po\u00e9tique se cache un produit 3-en-1 : une cr\u00e9ation de P\u00e2ques durable [&hellip;]<\/p>\n","protected":false},"featured_media":16484,"template":"","meta":{"_acf_changed":false,"site-sidebar-layout":"default","site-content-layout":"","ast-site-content-layout":"default","site-content-style":"default","site-sidebar-style":"default","ast-global-header-display":"","ast-banner-title-visibility":"","ast-main-header-display":"","ast-hfb-above-header-display":"","ast-hfb-below-header-display":"","ast-hfb-mobile-header-display":"","site-post-title":"","ast-breadcrumbs-content":"","ast-featured-img":"","footer-sml-layout":"","ast-disable-related-posts":"","theme-transparent-header-meta":"default","adv-header-id-meta":"","stick-header-meta":"","header-above-stick-meta":"","header-main-stick-meta":"","header-below-stick-meta":"","astra-migrate-meta-layouts":"set","ast-page-background-enabled":"default","ast-page-background-meta":{"desktop":{"background-color":"","background-image":"","background-repeat":"repeat","background-position":"center center","background-size":"auto","background-attachment":"scroll","background-type":"","background-media":"","overlay-type":"","overlay-color":"","overlay-opacity":"","overlay-gradient":""},"tablet":{"background-color":"","background-image":"","background-repeat":"repeat","background-position":"center center","background-size":"auto","background-attachment":"scroll","background-type":"","background-media":"","overlay-type":"","overlay-color":"","overlay-opacity":"","overlay-gradient":""},"mobile":{"background-color":"","background-image":"","background-repeat":"repeat","background-position":"center center","background-size":"auto","background-attachment":"scroll","background-type":"","background-media":"","overlay-type":"","overlay-color":"","overlay-opacity":"","overlay-gradient":""}},"ast-content-background-meta":{"desktop":{"background-color":"var(--ast-global-color-5)","background-image":"","background-repeat":"repeat","background-position":"center center","background-size":"auto","background-attachment":"scroll","background-type":"","background-media":"","overlay-type":"","overlay-color":"","overlay-opacity":"","overlay-gradient":""},"tablet":{"background-color":"var(--ast-global-color-5)","background-image":"","background-repeat":"repeat","background-position":"center center","background-size":"auto","background-attachment":"scroll","background-type":"","background-media":"","overlay-type":"","overlay-color":"","overlay-opacity":"","overlay-gradient":""},"mobile":{"background-color":"var(--ast-global-color-5)","background-image":"","background-repeat":"repeat","background-position":"center center","background-size":"auto","background-attachment":"scroll","background-type":"","background-media":"","overlay-type":"","overlay-color":"","overlay-opacity":"","overlay-gradient":""}}},"product_brand":[],"product_cat":[46,20,17],"product_tag":[],"class_list":{"0":"post-16381","1":"product","2":"type-product","3":"status-publish","4":"has-post-thumbnail","6":"product_cat-creations-saisonnieres","7":"product_cat-gourmandises","8":"product_cat-truffes-pralines","9":"desktop-align-left","10":"tablet-align-left","11":"mobile-align-left","13":"first","14":"instock","15":"taxable","16":"shipping-taxable","17":"purchasable","18":"product-type-simple"},"acf":[],"yoast_head":"<!-- This site is optimized with the Yoast SEO plugin v27.6 - https:\/\/yoast.com\/product\/yoast-seo-wordpress\/ -->\n<title>\u2018Sweet Secret\u2019 sph\u00e8re chocolat Noisettes &amp; Caramel \u2013 Lait 38% - Sweetzerland Chocolatier<\/title>\n<meta name=\"description\" content=\"D\u00e9couvrez Sweet Secret, la cr\u00e9ation de P\u00e2ques en chocolat sign\u00e9e Sweetzerland : une sph\u00e8re en chocolat Grand Cru bio, noisettes-caramel ou fruits rouges, \u00e0 offrir pour une exp\u00e9rience gourmande et sensorielle en trois temps.\" \/>\n<meta name=\"robots\" content=\"index, follow, max-snippet:-1, max-image-preview:large, max-video-preview:-1\" \/>\n<link rel=\"canonical\" href=\"https:\/\/www.sweetzerland.net\/fr\/produit\/sweet-secret-sphere-chocolat-noisettes-et-caramel-lait-38\/\" \/>\n<meta property=\"og:locale\" content=\"fr_FR\" \/>\n<meta property=\"og:type\" content=\"article\" \/>\n<meta property=\"og:title\" content=\"\u2018Sweet Secret\u2019 sph\u00e8re chocolat Noisettes &amp; Caramel \u2013 Lait 38% - Sweetzerland Chocolatier\" \/>\n<meta property=\"og:description\" content=\"D\u00e9couvrez Sweet Secret, la cr\u00e9ation de P\u00e2ques en chocolat sign\u00e9e Sweetzerland : une sph\u00e8re en chocolat Grand Cru bio, noisettes-caramel ou fruits rouges, \u00e0 offrir pour une exp\u00e9rience gourmande et sensorielle en trois temps.\" \/>\n<meta property=\"og:url\" content=\"https:\/\/www.sweetzerland.net\/fr\/produit\/sweet-secret-sphere-chocolat-noisettes-et-caramel-lait-38\/\" \/>\n<meta property=\"og:site_name\" content=\"Sweetzerland Chocolatier\" \/>\n<meta property=\"article:modified_time\" content=\"2026-03-26T14:36:23+00:00\" \/>\n<meta property=\"og:image\" content=\"https:\/\/www.sweetzerland.net\/wp-content\/uploads\/2026\/03\/Sweetzerland_Sweet_Secret_Chocolate_Ball_Caramel_Open_3in1.jpg\" \/>\n\t<meta property=\"og:image:width\" content=\"1365\" \/>\n\t<meta property=\"og:image:height\" content=\"2048\" \/>\n\t<meta property=\"og:image:type\" content=\"image\/jpeg\" \/>\n<meta name=\"twitter:card\" content=\"summary_large_image\" \/>\n<meta name=\"twitter:label1\" content=\"Dur\u00e9e de lecture estim\u00e9e\" \/>\n\t<meta name=\"twitter:data1\" content=\"1 minute\" \/>\n<script type=\"application\/ld+json\" class=\"yoast-schema-graph\">{\"@context\":\"https:\\\/\\\/schema.org\",\"@graph\":[{\"@type\":\"WebPage\",\"@id\":\"https:\\\/\\\/www.sweetzerland.net\\\/fr\\\/produit\\\/sweet-secret-sphere-chocolat-noisettes-et-caramel-lait-38\\\/\",\"url\":\"https:\\\/\\\/www.sweetzerland.net\\\/fr\\\/produit\\\/sweet-secret-sphere-chocolat-noisettes-et-caramel-lait-38\\\/\",\"name\":\"\u2018Sweet Secret\u2019 sph\u00e8re chocolat Noisettes & Caramel \u2013 Lait 38% - Sweetzerland Chocolatier\",\"isPartOf\":{\"@id\":\"https:\\\/\\\/www.sweetzerland.net\\\/fr\\\/#website\"},\"primaryImageOfPage\":{\"@id\":\"https:\\\/\\\/www.sweetzerland.net\\\/fr\\\/produit\\\/sweet-secret-sphere-chocolat-noisettes-et-caramel-lait-38\\\/#primaryimage\"},\"image\":{\"@id\":\"https:\\\/\\\/www.sweetzerland.net\\\/fr\\\/produit\\\/sweet-secret-sphere-chocolat-noisettes-et-caramel-lait-38\\\/#primaryimage\"},\"thumbnailUrl\":\"https:\\\/\\\/www.sweetzerland.net\\\/wp-content\\\/uploads\\\/2026\\\/03\\\/Sweetzerland_Sweet_Secret_Chocolate_Ball_Caramel_Open_3in1.jpg\",\"datePublished\":\"2026-03-24T10:52:01+00:00\",\"dateModified\":\"2026-03-26T14:36:23+00:00\",\"description\":\"D\u00e9couvrez Sweet Secret, la cr\u00e9ation de P\u00e2ques en chocolat sign\u00e9e Sweetzerland : une sph\u00e8re en chocolat Grand Cru bio, noisettes-caramel ou fruits rouges, \u00e0 offrir pour une exp\u00e9rience gourmande et sensorielle en trois temps.\",\"breadcrumb\":{\"@id\":\"https:\\\/\\\/www.sweetzerland.net\\\/fr\\\/produit\\\/sweet-secret-sphere-chocolat-noisettes-et-caramel-lait-38\\\/#breadcrumb\"},\"inLanguage\":\"fr-FR\",\"potentialAction\":[{\"@type\":\"ReadAction\",\"target\":[\"https:\\\/\\\/www.sweetzerland.net\\\/fr\\\/produit\\\/sweet-secret-sphere-chocolat-noisettes-et-caramel-lait-38\\\/\"]}]},{\"@type\":\"ImageObject\",\"inLanguage\":\"fr-FR\",\"@id\":\"https:\\\/\\\/www.sweetzerland.net\\\/fr\\\/produit\\\/sweet-secret-sphere-chocolat-noisettes-et-caramel-lait-38\\\/#primaryimage\",\"url\":\"https:\\\/\\\/www.sweetzerland.net\\\/wp-content\\\/uploads\\\/2026\\\/03\\\/Sweetzerland_Sweet_Secret_Chocolate_Ball_Caramel_Open_3in1.jpg\",\"contentUrl\":\"https:\\\/\\\/www.sweetzerland.net\\\/wp-content\\\/uploads\\\/2026\\\/03\\\/Sweetzerland_Sweet_Secret_Chocolate_Ball_Caramel_Open_3in1.jpg\",\"width\":1365,\"height\":2048},{\"@type\":\"BreadcrumbList\",\"@id\":\"https:\\\/\\\/www.sweetzerland.net\\\/fr\\\/produit\\\/sweet-secret-sphere-chocolat-noisettes-et-caramel-lait-38\\\/#breadcrumb\",\"itemListElement\":[{\"@type\":\"ListItem\",\"position\":1,\"name\":\"Accueil\",\"item\":\"https:\\\/\\\/www.sweetzerland.net\\\/fr\\\/boutique\\\/\"},{\"@type\":\"ListItem\",\"position\":2,\"name\":\"Online Shop\",\"item\":\"https:\\\/\\\/www.sweetzerland.net\\\/fr\\\/boutique\\\/\"},{\"@type\":\"ListItem\",\"position\":3,\"name\":\"\u2018Sweet Secret\u2019 sph\u00e8re chocolat Noisettes &#038; Caramel \u2013 Lait 38%\"}]},{\"@type\":\"WebSite\",\"@id\":\"https:\\\/\\\/www.sweetzerland.net\\\/fr\\\/#website\",\"url\":\"https:\\\/\\\/www.sweetzerland.net\\\/fr\\\/\",\"name\":\"Sweetzerland Chocolatier\",\"description\":\"Chocolatier Gen\u00e8ve\",\"publisher\":{\"@id\":\"https:\\\/\\\/www.sweetzerland.net\\\/fr\\\/#organization\"},\"potentialAction\":[{\"@type\":\"SearchAction\",\"target\":{\"@type\":\"EntryPoint\",\"urlTemplate\":\"https:\\\/\\\/www.sweetzerland.net\\\/fr\\\/?s={search_term_string}\"},\"query-input\":{\"@type\":\"PropertyValueSpecification\",\"valueRequired\":true,\"valueName\":\"search_term_string\"}}],\"inLanguage\":\"fr-FR\"},{\"@type\":\"Organization\",\"@id\":\"https:\\\/\\\/www.sweetzerland.net\\\/fr\\\/#organization\",\"name\":\"Sweetzerland Chocolatier\",\"url\":\"https:\\\/\\\/www.sweetzerland.net\\\/fr\\\/\",\"logo\":{\"@type\":\"ImageObject\",\"inLanguage\":\"fr-FR\",\"@id\":\"https:\\\/\\\/www.sweetzerland.net\\\/fr\\\/#\\\/schema\\\/logo\\\/image\\\/\",\"url\":\"https:\\\/\\\/www.sweetzerland.net\\\/wp-content\\\/uploads\\\/2025\\\/01\\\/cropped-logo-sweetzerland-HD.png\",\"contentUrl\":\"https:\\\/\\\/www.sweetzerland.net\\\/wp-content\\\/uploads\\\/2025\\\/01\\\/cropped-logo-sweetzerland-HD.png\",\"width\":500,\"height\":353,\"caption\":\"Sweetzerland Chocolatier\"},\"image\":{\"@id\":\"https:\\\/\\\/www.sweetzerland.net\\\/fr\\\/#\\\/schema\\\/logo\\\/image\\\/\"}}]}<\/script>\n<!-- \/ Yoast SEO plugin. -->","yoast_head_json":{"title":"\u2018Sweet Secret\u2019 sph\u00e8re chocolat Noisettes & Caramel \u2013 Lait 38% - Sweetzerland Chocolatier","description":"D\u00e9couvrez Sweet Secret, la cr\u00e9ation de P\u00e2ques en chocolat sign\u00e9e Sweetzerland : une sph\u00e8re en chocolat Grand Cru bio, noisettes-caramel ou fruits rouges, \u00e0 offrir pour une exp\u00e9rience gourmande et sensorielle en trois temps.","robots":{"index":"index","follow":"follow","max-snippet":"max-snippet:-1","max-image-preview":"max-image-preview:large","max-video-preview":"max-video-preview:-1"},"canonical":"https:\/\/www.sweetzerland.net\/fr\/produit\/sweet-secret-sphere-chocolat-noisettes-et-caramel-lait-38\/","og_locale":"fr_FR","og_type":"article","og_title":"\u2018Sweet Secret\u2019 sph\u00e8re chocolat Noisettes & Caramel \u2013 Lait 38% - Sweetzerland Chocolatier","og_description":"D\u00e9couvrez Sweet Secret, la cr\u00e9ation de P\u00e2ques en chocolat sign\u00e9e Sweetzerland : une sph\u00e8re en chocolat Grand Cru bio, noisettes-caramel ou fruits rouges, \u00e0 offrir pour une exp\u00e9rience gourmande et sensorielle en trois temps.","og_url":"https:\/\/www.sweetzerland.net\/fr\/produit\/sweet-secret-sphere-chocolat-noisettes-et-caramel-lait-38\/","og_site_name":"Sweetzerland Chocolatier","article_modified_time":"2026-03-26T14:36:23+00:00","og_image":[{"width":1365,"height":2048,"url":"https:\/\/www.sweetzerland.net\/wp-content\/uploads\/2026\/03\/Sweetzerland_Sweet_Secret_Chocolate_Ball_Caramel_Open_3in1.jpg","type":"image\/jpeg"}],"twitter_card":"summary_large_image","twitter_misc":{"Dur\u00e9e de lecture estim\u00e9e":"1 minute"},"schema":{"@context":"https:\/\/schema.org","@graph":[{"@type":"WebPage","@id":"https:\/\/www.sweetzerland.net\/fr\/produit\/sweet-secret-sphere-chocolat-noisettes-et-caramel-lait-38\/","url":"https:\/\/www.sweetzerland.net\/fr\/produit\/sweet-secret-sphere-chocolat-noisettes-et-caramel-lait-38\/","name":"\u2018Sweet Secret\u2019 sph\u00e8re chocolat Noisettes & Caramel \u2013 Lait 38% - Sweetzerland Chocolatier","isPartOf":{"@id":"https:\/\/www.sweetzerland.net\/fr\/#website"},"primaryImageOfPage":{"@id":"https:\/\/www.sweetzerland.net\/fr\/produit\/sweet-secret-sphere-chocolat-noisettes-et-caramel-lait-38\/#primaryimage"},"image":{"@id":"https:\/\/www.sweetzerland.net\/fr\/produit\/sweet-secret-sphere-chocolat-noisettes-et-caramel-lait-38\/#primaryimage"},"thumbnailUrl":"https:\/\/www.sweetzerland.net\/wp-content\/uploads\/2026\/03\/Sweetzerland_Sweet_Secret_Chocolate_Ball_Caramel_Open_3in1.jpg","datePublished":"2026-03-24T10:52:01+00:00","dateModified":"2026-03-26T14:36:23+00:00","description":"D\u00e9couvrez Sweet Secret, la cr\u00e9ation de P\u00e2ques en chocolat sign\u00e9e Sweetzerland : une sph\u00e8re en chocolat Grand Cru bio, noisettes-caramel ou fruits rouges, \u00e0 offrir pour une exp\u00e9rience gourmande et sensorielle en trois temps.","breadcrumb":{"@id":"https:\/\/www.sweetzerland.net\/fr\/produit\/sweet-secret-sphere-chocolat-noisettes-et-caramel-lait-38\/#breadcrumb"},"inLanguage":"fr-FR","potentialAction":[{"@type":"ReadAction","target":["https:\/\/www.sweetzerland.net\/fr\/produit\/sweet-secret-sphere-chocolat-noisettes-et-caramel-lait-38\/"]}]},{"@type":"ImageObject","inLanguage":"fr-FR","@id":"https:\/\/www.sweetzerland.net\/fr\/produit\/sweet-secret-sphere-chocolat-noisettes-et-caramel-lait-38\/#primaryimage","url":"https:\/\/www.sweetzerland.net\/wp-content\/uploads\/2026\/03\/Sweetzerland_Sweet_Secret_Chocolate_Ball_Caramel_Open_3in1.jpg","contentUrl":"https:\/\/www.sweetzerland.net\/wp-content\/uploads\/2026\/03\/Sweetzerland_Sweet_Secret_Chocolate_Ball_Caramel_Open_3in1.jpg","width":1365,"height":2048},{"@type":"BreadcrumbList","@id":"https:\/\/www.sweetzerland.net\/fr\/produit\/sweet-secret-sphere-chocolat-noisettes-et-caramel-lait-38\/#breadcrumb","itemListElement":[{"@type":"ListItem","position":1,"name":"Accueil","item":"https:\/\/www.sweetzerland.net\/fr\/boutique\/"},{"@type":"ListItem","position":2,"name":"Online Shop","item":"https:\/\/www.sweetzerland.net\/fr\/boutique\/"},{"@type":"ListItem","position":3,"name":"\u2018Sweet Secret\u2019 sph\u00e8re chocolat Noisettes &#038; Caramel \u2013 Lait 38%"}]},{"@type":"WebSite","@id":"https:\/\/www.sweetzerland.net\/fr\/#website","url":"https:\/\/www.sweetzerland.net\/fr\/","name":"Sweetzerland Chocolatier","description":"Chocolatier Gen\u00e8ve","publisher":{"@id":"https:\/\/www.sweetzerland.net\/fr\/#organization"},"potentialAction":[{"@type":"SearchAction","target":{"@type":"EntryPoint","urlTemplate":"https:\/\/www.sweetzerland.net\/fr\/?s={search_term_string}"},"query-input":{"@type":"PropertyValueSpecification","valueRequired":true,"valueName":"search_term_string"}}],"inLanguage":"fr-FR"},{"@type":"Organization","@id":"https:\/\/www.sweetzerland.net\/fr\/#organization","name":"Sweetzerland Chocolatier","url":"https:\/\/www.sweetzerland.net\/fr\/","logo":{"@type":"ImageObject","inLanguage":"fr-FR","@id":"https:\/\/www.sweetzerland.net\/fr\/#\/schema\/logo\/image\/","url":"https:\/\/www.sweetzerland.net\/wp-content\/uploads\/2025\/01\/cropped-logo-sweetzerland-HD.png","contentUrl":"https:\/\/www.sweetzerland.net\/wp-content\/uploads\/2025\/01\/cropped-logo-sweetzerland-HD.png","width":500,"height":353,"caption":"Sweetzerland Chocolatier"},"image":{"@id":"https:\/\/www.sweetzerland.net\/fr\/#\/schema\/logo\/image\/"}}]}},"_links":{"self":[{"href":"https:\/\/www.sweetzerland.net\/fr\/wp-json\/wp\/v2\/product\/16381","targetHints":{"allow":["GET"]}}],"collection":[{"href":"https:\/\/www.sweetzerland.net\/fr\/wp-json\/wp\/v2\/product"}],"about":[{"href":"https:\/\/www.sweetzerland.net\/fr\/wp-json\/wp\/v2\/types\/product"}],"version-history":[{"count":8,"href":"https:\/\/www.sweetzerland.net\/fr\/wp-json\/wp\/v2\/product\/16381\/revisions"}],"predecessor-version":[{"id":16592,"href":"https:\/\/www.sweetzerland.net\/fr\/wp-json\/wp\/v2\/product\/16381\/revisions\/16592"}],"wp:featuredmedia":[{"embeddable":true,"href":"https:\/\/www.sweetzerland.net\/fr\/wp-json\/wp\/v2\/media\/16484"}],"wp:attachment":[{"href":"https:\/\/www.sweetzerland.net\/fr\/wp-json\/wp\/v2\/media?parent=16381"}],"wp:term":[{"taxonomy":"product_brand","embeddable":true,"href":"https:\/\/www.sweetzerland.net\/fr\/wp-json\/wp\/v2\/product_brand?post=16381"},{"taxonomy":"product_cat","embeddable":true,"href":"https:\/\/www.sweetzerland.net\/fr\/wp-json\/wp\/v2\/product_cat?post=16381"},{"taxonomy":"product_tag","embeddable":true,"href":"https:\/\/www.sweetzerland.net\/fr\/wp-json\/wp\/v2\/product_tag?post=16381"}],"curies":[{"name":"wp","href":"https:\/\/api.w.org\/{rel}","templated":true}]}}