{"id":16150,"date":"2026-01-19T13:51:18","date_gmt":"2026-01-19T12:51:18","guid":{"rendered":"https:\/\/www.sweetzerland.net\/?post_type=product&#038;p=16150"},"modified":"2026-01-28T17:38:01","modified_gmt":"2026-01-28T16:38:01","slug":"coffret-assortiment-decouverte","status":"publish","type":"product","link":"https:\/\/www.sweetzerland.net\/fr\/produit\/coffret-assortiment-decouverte\/","title":{"rendered":"Coffret Assortiment D\u00e9couverte"},"content":{"rendered":"<div><b data-olk-copy-source=\"MailCompose\">L\u2019essence de Sweetzerland :<\/b><\/div>\n<div><\/div>\n<div>Pour un moment f\u00e9\u00e9rique et gourmand, Sweetzerland a imagin\u00e9 un coffret unique \u00e0 composer soi-m\u00eame ou \u00e0 d\u00e9couvrir dans sa version pr\u00eate \u00e0 offrir, r\u00e9unissant un <b><i>savoureux<\/i><\/b> <b><i>m\u00e9lange de nos cr\u00e9ations embl\u00e9matiques et de nouvelles recettes exclusives<\/i><\/b>.<\/div>\n<div><\/div>\n<div>Ganaches intenses, pralin\u00e9s fondants, caramels d\u00e9licats\u2026 et d\u00e9sormais nos nouvelles branches pralin\u00e9es, aux multiples saveurs et textures, viennent enrichir cet assortiment raffin\u00e9, pens\u00e9 pour ravir tous les palais.<\/div>\n<div><\/div>\n<div>Ce coffret incarne l\u2019attention soign\u00e9e et le go\u00fbt du d\u00e9tail. Plus qu\u2019un simple pr\u00e9sent, c\u2019est <b><i>une invitation \u00e0 d\u00e9couvrir l\u2019univers Sweetzerland<\/i><\/b>\u00a0\u00e0 travers une d\u00e9gustation m\u00e9morable, entre exigence artisanale, \u00e9motions gustatives et valeurs engag\u00e9es.<\/div>\n<div><\/div>\n<div>Un coffret \u00e0 offrir ou \u00e0 partager\u2026<\/div>\n<div>1 coffret D\u00e9couverte 25 pces<br \/>\n1 coffret Sweet Rocks Pistache Lait<br \/>\n1 coffret Oranges Confites<br \/>\n1 coffret Branches Mix<br \/>\n1 coffret Drops Noisettes Noir<br \/>\n1 coffret Drag\u00e9es Amandes<\/div>\n<div><\/div>\n<div>100% NATUREL, AVEC DES INGREDIENTS BIO !<\/div>\n<div><\/div>\n<div>Poids minimum : 932 g<\/div>\n","protected":false},"excerpt":{"rendered":"<p>L\u2019essence de Sweetzerland : Pour un moment f\u00e9\u00e9rique et gourmand, Sweetzerland a imagin\u00e9 un coffret unique \u00e0 composer soi-m\u00eame ou \u00e0 d\u00e9couvrir dans sa version pr\u00eate \u00e0 offrir, r\u00e9unissant un savoureux m\u00e9lange de nos cr\u00e9ations embl\u00e9matiques et de nouvelles recettes exclusives. Ganaches intenses, pralin\u00e9s fondants, caramels d\u00e9licats\u2026 et d\u00e9sormais nos nouvelles branches pralin\u00e9es, aux multiples [&hellip;]<\/p>\n","protected":false},"featured_media":15893,"template":"","meta":{"_acf_changed":false,"site-sidebar-layout":"default","site-content-layout":"","ast-site-content-layout":"default","site-content-style":"default","site-sidebar-style":"default","ast-global-header-display":"","ast-banner-title-visibility":"","ast-main-header-display":"","ast-hfb-above-header-display":"","ast-hfb-below-header-display":"","ast-hfb-mobile-header-display":"","site-post-title":"","ast-breadcrumbs-content":"","ast-featured-img":"","footer-sml-layout":"","ast-disable-related-posts":"","theme-transparent-header-meta":"default","adv-header-id-meta":"","stick-header-meta":"","header-above-stick-meta":"","header-main-stick-meta":"","header-below-stick-meta":"","astra-migrate-meta-layouts":"set","ast-page-background-enabled":"default","ast-page-background-meta":{"desktop":{"background-color":"","background-image":"","background-repeat":"repeat","background-position":"center center","background-size":"auto","background-attachment":"scroll","background-type":"","background-media":"","overlay-type":"","overlay-color":"","overlay-opacity":"","overlay-gradient":""},"tablet":{"background-color":"","background-image":"","background-repeat":"repeat","background-position":"center center","background-size":"auto","background-attachment":"scroll","background-type":"","background-media":"","overlay-type":"","overlay-color":"","overlay-opacity":"","overlay-gradient":""},"mobile":{"background-color":"","background-image":"","background-repeat":"repeat","background-position":"center center","background-size":"auto","background-attachment":"scroll","background-type":"","background-media":"","overlay-type":"","overlay-color":"","overlay-opacity":"","overlay-gradient":""}},"ast-content-background-meta":{"desktop":{"background-color":"var(--ast-global-color-5)","background-image":"","background-repeat":"repeat","background-position":"center center","background-size":"auto","background-attachment":"scroll","background-type":"","background-media":"","overlay-type":"","overlay-color":"","overlay-opacity":"","overlay-gradient":""},"tablet":{"background-color":"var(--ast-global-color-5)","background-image":"","background-repeat":"repeat","background-position":"center center","background-size":"auto","background-attachment":"scroll","background-type":"","background-media":"","overlay-type":"","overlay-color":"","overlay-opacity":"","overlay-gradient":""},"mobile":{"background-color":"var(--ast-global-color-5)","background-image":"","background-repeat":"repeat","background-position":"center center","background-size":"auto","background-attachment":"scroll","background-type":"","background-media":"","overlay-type":"","overlay-color":"","overlay-opacity":"","overlay-gradient":""}}},"product_brand":[],"product_cat":[17],"product_tag":[],"class_list":{"0":"post-16150","1":"product","2":"type-product","3":"status-publish","4":"has-post-thumbnail","6":"product_cat-truffes-pralines","7":"desktop-align-left","8":"tablet-align-left","9":"mobile-align-left","11":"first","12":"instock","13":"taxable","14":"shipping-taxable","15":"purchasable","16":"product-type-simple"},"acf":[],"yoast_head":"<!-- This site is optimized with the Yoast SEO plugin v27.4 - https:\/\/yoast.com\/product\/yoast-seo-wordpress\/ -->\n<title>Coffret Assortiment D\u00e9couverte - Sweetzerland Chocolatier<\/title>\n<meta name=\"description\" content=\"D\u00e9couvrez un coffret d\u00e9couverte gourmand, r\u00e9unissant ganaches, pralin\u00e9s, caramels et nouvelles branches pralin\u00e9es. Un cadeau artisanal d\u2019exception, pens\u00e9 pour une d\u00e9gustation m\u00e9morable.\" \/>\n<meta name=\"robots\" content=\"index, follow, max-snippet:-1, max-image-preview:large, max-video-preview:-1\" \/>\n<link rel=\"canonical\" href=\"https:\/\/www.sweetzerland.net\/fr\/produit\/coffret-assortiment-decouverte\/\" \/>\n<meta property=\"og:locale\" content=\"fr_FR\" \/>\n<meta property=\"og:type\" content=\"article\" \/>\n<meta property=\"og:title\" content=\"Coffret Assortiment D\u00e9couverte - Sweetzerland Chocolatier\" \/>\n<meta property=\"og:description\" content=\"D\u00e9couvrez un coffret d\u00e9couverte gourmand, r\u00e9unissant ganaches, pralin\u00e9s, caramels et nouvelles branches pralin\u00e9es. Un cadeau artisanal d\u2019exception, pens\u00e9 pour une d\u00e9gustation m\u00e9morable.\" \/>\n<meta property=\"og:url\" content=\"https:\/\/www.sweetzerland.net\/fr\/produit\/coffret-assortiment-decouverte\/\" \/>\n<meta property=\"og:site_name\" content=\"Sweetzerland Chocolatier\" \/>\n<meta property=\"article:modified_time\" content=\"2026-01-28T16:38:01+00:00\" \/>\n<meta property=\"og:image\" content=\"https:\/\/www.sweetzerland.net\/wp-content\/uploads\/2025\/11\/Sweetzerland-Assortment-Box-Discovery-Open.jpg\" \/>\n\t<meta property=\"og:image:width\" content=\"1365\" \/>\n\t<meta property=\"og:image:height\" content=\"2048\" \/>\n\t<meta property=\"og:image:type\" content=\"image\/jpeg\" \/>\n<meta name=\"twitter:card\" content=\"summary_large_image\" \/>\n<meta name=\"twitter:label1\" content=\"Dur\u00e9e de lecture estim\u00e9e\" \/>\n\t<meta name=\"twitter:data1\" content=\"1 minute\" \/>\n<script type=\"application\/ld+json\" class=\"yoast-schema-graph\">{\"@context\":\"https:\\\/\\\/schema.org\",\"@graph\":[{\"@type\":\"WebPage\",\"@id\":\"https:\\\/\\\/www.sweetzerland.net\\\/fr\\\/produit\\\/coffret-assortiment-decouverte\\\/\",\"url\":\"https:\\\/\\\/www.sweetzerland.net\\\/fr\\\/produit\\\/coffret-assortiment-decouverte\\\/\",\"name\":\"Coffret Assortiment D\u00e9couverte - Sweetzerland Chocolatier\",\"isPartOf\":{\"@id\":\"https:\\\/\\\/www.sweetzerland.net\\\/fr\\\/#website\"},\"primaryImageOfPage\":{\"@id\":\"https:\\\/\\\/www.sweetzerland.net\\\/fr\\\/produit\\\/coffret-assortiment-decouverte\\\/#primaryimage\"},\"image\":{\"@id\":\"https:\\\/\\\/www.sweetzerland.net\\\/fr\\\/produit\\\/coffret-assortiment-decouverte\\\/#primaryimage\"},\"thumbnailUrl\":\"https:\\\/\\\/www.sweetzerland.net\\\/wp-content\\\/uploads\\\/2025\\\/11\\\/Sweetzerland-Assortment-Box-Discovery-Open.jpg\",\"datePublished\":\"2026-01-19T12:51:18+00:00\",\"dateModified\":\"2026-01-28T16:38:01+00:00\",\"description\":\"D\u00e9couvrez un coffret d\u00e9couverte gourmand, r\u00e9unissant ganaches, pralin\u00e9s, caramels et nouvelles branches pralin\u00e9es. Un cadeau artisanal d\u2019exception, pens\u00e9 pour une d\u00e9gustation m\u00e9morable.\",\"breadcrumb\":{\"@id\":\"https:\\\/\\\/www.sweetzerland.net\\\/fr\\\/produit\\\/coffret-assortiment-decouverte\\\/#breadcrumb\"},\"inLanguage\":\"fr-FR\",\"potentialAction\":[{\"@type\":\"ReadAction\",\"target\":[\"https:\\\/\\\/www.sweetzerland.net\\\/fr\\\/produit\\\/coffret-assortiment-decouverte\\\/\"]}]},{\"@type\":\"ImageObject\",\"inLanguage\":\"fr-FR\",\"@id\":\"https:\\\/\\\/www.sweetzerland.net\\\/fr\\\/produit\\\/coffret-assortiment-decouverte\\\/#primaryimage\",\"url\":\"https:\\\/\\\/www.sweetzerland.net\\\/wp-content\\\/uploads\\\/2025\\\/11\\\/Sweetzerland-Assortment-Box-Discovery-Open.jpg\",\"contentUrl\":\"https:\\\/\\\/www.sweetzerland.net\\\/wp-content\\\/uploads\\\/2025\\\/11\\\/Sweetzerland-Assortment-Box-Discovery-Open.jpg\",\"width\":1365,\"height\":2048},{\"@type\":\"BreadcrumbList\",\"@id\":\"https:\\\/\\\/www.sweetzerland.net\\\/fr\\\/produit\\\/coffret-assortiment-decouverte\\\/#breadcrumb\",\"itemListElement\":[{\"@type\":\"ListItem\",\"position\":1,\"name\":\"Accueil\",\"item\":\"https:\\\/\\\/www.sweetzerland.net\\\/fr\\\/boutique\\\/\"},{\"@type\":\"ListItem\",\"position\":2,\"name\":\"Online Shop\",\"item\":\"https:\\\/\\\/www.sweetzerland.net\\\/fr\\\/boutique\\\/\"},{\"@type\":\"ListItem\",\"position\":3,\"name\":\"Coffret Assortiment D\u00e9couverte\"}]},{\"@type\":\"WebSite\",\"@id\":\"https:\\\/\\\/www.sweetzerland.net\\\/fr\\\/#website\",\"url\":\"https:\\\/\\\/www.sweetzerland.net\\\/fr\\\/\",\"name\":\"Sweetzerland Chocolatier\",\"description\":\"Chocolatier Gen\u00e8ve\",\"publisher\":{\"@id\":\"https:\\\/\\\/www.sweetzerland.net\\\/fr\\\/#organization\"},\"potentialAction\":[{\"@type\":\"SearchAction\",\"target\":{\"@type\":\"EntryPoint\",\"urlTemplate\":\"https:\\\/\\\/www.sweetzerland.net\\\/fr\\\/?s={search_term_string}\"},\"query-input\":{\"@type\":\"PropertyValueSpecification\",\"valueRequired\":true,\"valueName\":\"search_term_string\"}}],\"inLanguage\":\"fr-FR\"},{\"@type\":\"Organization\",\"@id\":\"https:\\\/\\\/www.sweetzerland.net\\\/fr\\\/#organization\",\"name\":\"Sweetzerland Chocolatier\",\"url\":\"https:\\\/\\\/www.sweetzerland.net\\\/fr\\\/\",\"logo\":{\"@type\":\"ImageObject\",\"inLanguage\":\"fr-FR\",\"@id\":\"https:\\\/\\\/www.sweetzerland.net\\\/fr\\\/#\\\/schema\\\/logo\\\/image\\\/\",\"url\":\"https:\\\/\\\/www.sweetzerland.net\\\/wp-content\\\/uploads\\\/2025\\\/01\\\/cropped-logo-sweetzerland-HD.png\",\"contentUrl\":\"https:\\\/\\\/www.sweetzerland.net\\\/wp-content\\\/uploads\\\/2025\\\/01\\\/cropped-logo-sweetzerland-HD.png\",\"width\":500,\"height\":353,\"caption\":\"Sweetzerland Chocolatier\"},\"image\":{\"@id\":\"https:\\\/\\\/www.sweetzerland.net\\\/fr\\\/#\\\/schema\\\/logo\\\/image\\\/\"}}]}<\/script>\n<!-- \/ Yoast SEO plugin. -->","yoast_head_json":{"title":"Coffret Assortiment D\u00e9couverte - Sweetzerland Chocolatier","description":"D\u00e9couvrez un coffret d\u00e9couverte gourmand, r\u00e9unissant ganaches, pralin\u00e9s, caramels et nouvelles branches pralin\u00e9es. Un cadeau artisanal d\u2019exception, pens\u00e9 pour une d\u00e9gustation m\u00e9morable.","robots":{"index":"index","follow":"follow","max-snippet":"max-snippet:-1","max-image-preview":"max-image-preview:large","max-video-preview":"max-video-preview:-1"},"canonical":"https:\/\/www.sweetzerland.net\/fr\/produit\/coffret-assortiment-decouverte\/","og_locale":"fr_FR","og_type":"article","og_title":"Coffret Assortiment D\u00e9couverte - Sweetzerland Chocolatier","og_description":"D\u00e9couvrez un coffret d\u00e9couverte gourmand, r\u00e9unissant ganaches, pralin\u00e9s, caramels et nouvelles branches pralin\u00e9es. Un cadeau artisanal d\u2019exception, pens\u00e9 pour une d\u00e9gustation m\u00e9morable.","og_url":"https:\/\/www.sweetzerland.net\/fr\/produit\/coffret-assortiment-decouverte\/","og_site_name":"Sweetzerland Chocolatier","article_modified_time":"2026-01-28T16:38:01+00:00","og_image":[{"width":1365,"height":2048,"url":"https:\/\/www.sweetzerland.net\/wp-content\/uploads\/2025\/11\/Sweetzerland-Assortment-Box-Discovery-Open.jpg","type":"image\/jpeg"}],"twitter_card":"summary_large_image","twitter_misc":{"Dur\u00e9e de lecture estim\u00e9e":"1 minute"},"schema":{"@context":"https:\/\/schema.org","@graph":[{"@type":"WebPage","@id":"https:\/\/www.sweetzerland.net\/fr\/produit\/coffret-assortiment-decouverte\/","url":"https:\/\/www.sweetzerland.net\/fr\/produit\/coffret-assortiment-decouverte\/","name":"Coffret Assortiment D\u00e9couverte - Sweetzerland Chocolatier","isPartOf":{"@id":"https:\/\/www.sweetzerland.net\/fr\/#website"},"primaryImageOfPage":{"@id":"https:\/\/www.sweetzerland.net\/fr\/produit\/coffret-assortiment-decouverte\/#primaryimage"},"image":{"@id":"https:\/\/www.sweetzerland.net\/fr\/produit\/coffret-assortiment-decouverte\/#primaryimage"},"thumbnailUrl":"https:\/\/www.sweetzerland.net\/wp-content\/uploads\/2025\/11\/Sweetzerland-Assortment-Box-Discovery-Open.jpg","datePublished":"2026-01-19T12:51:18+00:00","dateModified":"2026-01-28T16:38:01+00:00","description":"D\u00e9couvrez un coffret d\u00e9couverte gourmand, r\u00e9unissant ganaches, pralin\u00e9s, caramels et nouvelles branches pralin\u00e9es. Un cadeau artisanal d\u2019exception, pens\u00e9 pour une d\u00e9gustation m\u00e9morable.","breadcrumb":{"@id":"https:\/\/www.sweetzerland.net\/fr\/produit\/coffret-assortiment-decouverte\/#breadcrumb"},"inLanguage":"fr-FR","potentialAction":[{"@type":"ReadAction","target":["https:\/\/www.sweetzerland.net\/fr\/produit\/coffret-assortiment-decouverte\/"]}]},{"@type":"ImageObject","inLanguage":"fr-FR","@id":"https:\/\/www.sweetzerland.net\/fr\/produit\/coffret-assortiment-decouverte\/#primaryimage","url":"https:\/\/www.sweetzerland.net\/wp-content\/uploads\/2025\/11\/Sweetzerland-Assortment-Box-Discovery-Open.jpg","contentUrl":"https:\/\/www.sweetzerland.net\/wp-content\/uploads\/2025\/11\/Sweetzerland-Assortment-Box-Discovery-Open.jpg","width":1365,"height":2048},{"@type":"BreadcrumbList","@id":"https:\/\/www.sweetzerland.net\/fr\/produit\/coffret-assortiment-decouverte\/#breadcrumb","itemListElement":[{"@type":"ListItem","position":1,"name":"Accueil","item":"https:\/\/www.sweetzerland.net\/fr\/boutique\/"},{"@type":"ListItem","position":2,"name":"Online Shop","item":"https:\/\/www.sweetzerland.net\/fr\/boutique\/"},{"@type":"ListItem","position":3,"name":"Coffret Assortiment D\u00e9couverte"}]},{"@type":"WebSite","@id":"https:\/\/www.sweetzerland.net\/fr\/#website","url":"https:\/\/www.sweetzerland.net\/fr\/","name":"Sweetzerland Chocolatier","description":"Chocolatier Gen\u00e8ve","publisher":{"@id":"https:\/\/www.sweetzerland.net\/fr\/#organization"},"potentialAction":[{"@type":"SearchAction","target":{"@type":"EntryPoint","urlTemplate":"https:\/\/www.sweetzerland.net\/fr\/?s={search_term_string}"},"query-input":{"@type":"PropertyValueSpecification","valueRequired":true,"valueName":"search_term_string"}}],"inLanguage":"fr-FR"},{"@type":"Organization","@id":"https:\/\/www.sweetzerland.net\/fr\/#organization","name":"Sweetzerland Chocolatier","url":"https:\/\/www.sweetzerland.net\/fr\/","logo":{"@type":"ImageObject","inLanguage":"fr-FR","@id":"https:\/\/www.sweetzerland.net\/fr\/#\/schema\/logo\/image\/","url":"https:\/\/www.sweetzerland.net\/wp-content\/uploads\/2025\/01\/cropped-logo-sweetzerland-HD.png","contentUrl":"https:\/\/www.sweetzerland.net\/wp-content\/uploads\/2025\/01\/cropped-logo-sweetzerland-HD.png","width":500,"height":353,"caption":"Sweetzerland Chocolatier"},"image":{"@id":"https:\/\/www.sweetzerland.net\/fr\/#\/schema\/logo\/image\/"}}]}},"_links":{"self":[{"href":"https:\/\/www.sweetzerland.net\/fr\/wp-json\/wp\/v2\/product\/16150","targetHints":{"allow":["GET"]}}],"collection":[{"href":"https:\/\/www.sweetzerland.net\/fr\/wp-json\/wp\/v2\/product"}],"about":[{"href":"https:\/\/www.sweetzerland.net\/fr\/wp-json\/wp\/v2\/types\/product"}],"version-history":[{"count":3,"href":"https:\/\/www.sweetzerland.net\/fr\/wp-json\/wp\/v2\/product\/16150\/revisions"}],"predecessor-version":[{"id":16153,"href":"https:\/\/www.sweetzerland.net\/fr\/wp-json\/wp\/v2\/product\/16150\/revisions\/16153"}],"wp:featuredmedia":[{"embeddable":true,"href":"https:\/\/www.sweetzerland.net\/fr\/wp-json\/wp\/v2\/media\/15893"}],"wp:attachment":[{"href":"https:\/\/www.sweetzerland.net\/fr\/wp-json\/wp\/v2\/media?parent=16150"}],"wp:term":[{"taxonomy":"product_brand","embeddable":true,"href":"https:\/\/www.sweetzerland.net\/fr\/wp-json\/wp\/v2\/product_brand?post=16150"},{"taxonomy":"product_cat","embeddable":true,"href":"https:\/\/www.sweetzerland.net\/fr\/wp-json\/wp\/v2\/product_cat?post=16150"},{"taxonomy":"product_tag","embeddable":true,"href":"https:\/\/www.sweetzerland.net\/fr\/wp-json\/wp\/v2\/product_tag?post=16150"}],"curies":[{"name":"wp","href":"https:\/\/api.w.org\/{rel}","templated":true}]}}