{"id":15922,"date":"2025-11-28T23:04:09","date_gmt":"2025-11-28T22:04:09","guid":{"rendered":"https:\/\/www.sweetzerland.net\/?post_type=product&#038;p=15922"},"modified":"2025-12-01T16:31:06","modified_gmt":"2025-12-01T15:31:06","slug":"coffret-assortiment-gourmet-chocolat","status":"publish","type":"product","link":"https:\/\/www.sweetzerland.net\/fr\/produit\/coffret-assortiment-gourmet-chocolat\/","title":{"rendered":"Coffret Assortiment Gourmet"},"content":{"rendered":"<p><strong>L&rsquo;essence de Sweetzerland :<\/strong><\/p>\n<p>Pour un moment f\u00e9\u00e9rique et gourmand, Sweetzerland a imagin\u00e9 un coffret unique \u00e0 composer soi-m\u00eame ou \u00e0 d\u00e9couvrir dans sa version pr\u00eate \u00e0 offrir, r\u00e9unissant un\u00a0<b><i>savoureux<\/i><\/b>\u00a0<b><i>m\u00e9lange de nos cr\u00e9ations embl\u00e9matiques et de nouvelles recettes exclusives<\/i><\/b>.<\/p>\n<p>Ganaches intenses, pralin\u00e9s fondants, caramels d\u00e9licats\u2026 et d\u00e9sormais nos nouvelles branches pralin\u00e9es, aux multiples saveurs et textures, viennent enrichir cet assortiment raffin\u00e9, pens\u00e9 pour ravir tous les palais.<\/p>\n<p>Ce coffret incarne l\u2019attention soign\u00e9e et le go\u00fbt du d\u00e9tail. Plus qu\u2019un simple pr\u00e9sent, c\u2019est\u00a0<b><i>une invitation \u00e0 d\u00e9couvrir l\u2019univers\u00a0<\/i><\/b><b><i>Sweetzerland<\/i><\/b>\u00a0\u00e0 travers une d\u00e9gustation m\u00e9morable, entre exigence artisanale, \u00e9motions gustatives et valeurs engag\u00e9es.<\/p>\n<p>Un coffret \u00e0 offrir ou \u00e0 partager\u2026<\/p>\n<p>1 coffret Branches Rocher Lait<br \/>\n1 coffret Drops Noisettes Noir<br \/>\n1 coffret Sweet Rocks Pistache Lait<br \/>\n1 coffret Sweet Rocks Fruit\u00e9 Noir<br \/>\n1 coffret D\u00e9couverte 9 pi\u00e8ces<br \/>\n1 coffret Oranges Confites<br \/>\n1 coffret Drag\u00e9es Amandes<br \/>\n1 coffret Gingembres confits<br \/>\n1 Sweet Rocks Muesli Blanc<\/p>\n<p>100% NATUREL, AVEC DES INGREDIENTS BIO !<\/p>\n<p>Poids minimum : 1215 g<\/p>\n","protected":false},"excerpt":{"rendered":"<p>L&rsquo;essence de Sweetzerland : Pour un moment f\u00e9\u00e9rique et gourmand, Sweetzerland a imagin\u00e9 un coffret unique \u00e0 composer soi-m\u00eame ou \u00e0 d\u00e9couvrir dans sa version pr\u00eate \u00e0 offrir, r\u00e9unissant un\u00a0savoureux\u00a0m\u00e9lange de nos cr\u00e9ations embl\u00e9matiques et de nouvelles recettes exclusives. Ganaches intenses, pralin\u00e9s fondants, caramels d\u00e9licats\u2026 et d\u00e9sormais nos nouvelles branches pralin\u00e9es, aux multiples saveurs et [&hellip;]<\/p>\n","protected":false},"featured_media":15917,"template":"","meta":{"_acf_changed":false,"site-sidebar-layout":"default","site-content-layout":"","ast-site-content-layout":"default","site-content-style":"default","site-sidebar-style":"default","ast-global-header-display":"","ast-banner-title-visibility":"","ast-main-header-display":"","ast-hfb-above-header-display":"","ast-hfb-below-header-display":"","ast-hfb-mobile-header-display":"","site-post-title":"","ast-breadcrumbs-content":"","ast-featured-img":"","footer-sml-layout":"","ast-disable-related-posts":"","theme-transparent-header-meta":"default","adv-header-id-meta":"","stick-header-meta":"","header-above-stick-meta":"","header-main-stick-meta":"","header-below-stick-meta":"","astra-migrate-meta-layouts":"set","ast-page-background-enabled":"default","ast-page-background-meta":{"desktop":{"background-color":"","background-image":"","background-repeat":"repeat","background-position":"center center","background-size":"auto","background-attachment":"scroll","background-type":"","background-media":"","overlay-type":"","overlay-color":"","overlay-opacity":"","overlay-gradient":""},"tablet":{"background-color":"","background-image":"","background-repeat":"repeat","background-position":"center center","background-size":"auto","background-attachment":"scroll","background-type":"","background-media":"","overlay-type":"","overlay-color":"","overlay-opacity":"","overlay-gradient":""},"mobile":{"background-color":"","background-image":"","background-repeat":"repeat","background-position":"center center","background-size":"auto","background-attachment":"scroll","background-type":"","background-media":"","overlay-type":"","overlay-color":"","overlay-opacity":"","overlay-gradient":""}},"ast-content-background-meta":{"desktop":{"background-color":"var(--ast-global-color-5)","background-image":"","background-repeat":"repeat","background-position":"center center","background-size":"auto","background-attachment":"scroll","background-type":"","background-media":"","overlay-type":"","overlay-color":"","overlay-opacity":"","overlay-gradient":""},"tablet":{"background-color":"var(--ast-global-color-5)","background-image":"","background-repeat":"repeat","background-position":"center center","background-size":"auto","background-attachment":"scroll","background-type":"","background-media":"","overlay-type":"","overlay-color":"","overlay-opacity":"","overlay-gradient":""},"mobile":{"background-color":"var(--ast-global-color-5)","background-image":"","background-repeat":"repeat","background-position":"center center","background-size":"auto","background-attachment":"scroll","background-type":"","background-media":"","overlay-type":"","overlay-color":"","overlay-opacity":"","overlay-gradient":""}}},"product_brand":[],"product_cat":[17],"product_tag":[],"class_list":{"0":"post-15922","1":"product","2":"type-product","3":"status-publish","4":"has-post-thumbnail","6":"product_cat-truffes-pralines","7":"desktop-align-left","8":"tablet-align-left","9":"mobile-align-left","11":"first","12":"instock","13":"taxable","14":"shipping-taxable","15":"purchasable","16":"product-type-simple"},"acf":[],"yoast_head":"<!-- This site is optimized with the Yoast SEO plugin v27.4 - https:\/\/yoast.com\/product\/yoast-seo-wordpress\/ -->\n<title>Coffret Assortiment Gourmet - Sweetzerland Chocolatier<\/title>\n<meta name=\"description\" content=\"D\u00e9couvrez le coffret Signature Sweetzerland : ganaches, pralin\u00e9s, caramels et cr\u00e9ations exclusives pour une d\u00e9gustation artisanale d\u2019exception. Le cadeau parfait \u00e0 offrir ou partager.\" \/>\n<meta name=\"robots\" content=\"index, follow, max-snippet:-1, max-image-preview:large, max-video-preview:-1\" \/>\n<link rel=\"canonical\" href=\"https:\/\/www.sweetzerland.net\/fr\/produit\/coffret-assortiment-gourmet-chocolat\/\" \/>\n<meta property=\"og:locale\" content=\"fr_FR\" \/>\n<meta property=\"og:type\" content=\"article\" \/>\n<meta property=\"og:title\" content=\"Coffret Assortiment Gourmet - Sweetzerland Chocolatier\" \/>\n<meta property=\"og:description\" content=\"D\u00e9couvrez le coffret Signature Sweetzerland : ganaches, pralin\u00e9s, caramels et cr\u00e9ations exclusives pour une d\u00e9gustation artisanale d\u2019exception. Le cadeau parfait \u00e0 offrir ou partager.\" \/>\n<meta property=\"og:url\" content=\"https:\/\/www.sweetzerland.net\/fr\/produit\/coffret-assortiment-gourmet-chocolat\/\" \/>\n<meta property=\"og:site_name\" content=\"Sweetzerland Chocolatier\" \/>\n<meta property=\"article:modified_time\" content=\"2025-12-01T15:31:06+00:00\" \/>\n<meta property=\"og:image\" content=\"https:\/\/www.sweetzerland.net\/wp-content\/uploads\/2025\/11\/Sweetzerland-Assortment-Box-Gourmet-Open.jpg\" \/>\n\t<meta property=\"og:image:width\" content=\"1500\" \/>\n\t<meta property=\"og:image:height\" content=\"2250\" \/>\n\t<meta property=\"og:image:type\" content=\"image\/jpeg\" \/>\n<meta name=\"twitter:card\" content=\"summary_large_image\" \/>\n<meta name=\"twitter:label1\" content=\"Dur\u00e9e de lecture estim\u00e9e\" \/>\n\t<meta name=\"twitter:data1\" content=\"2 minutes\" \/>\n<script type=\"application\/ld+json\" class=\"yoast-schema-graph\">{\"@context\":\"https:\\\/\\\/schema.org\",\"@graph\":[{\"@type\":\"WebPage\",\"@id\":\"https:\\\/\\\/www.sweetzerland.net\\\/fr\\\/produit\\\/coffret-assortiment-gourmet-chocolat\\\/\",\"url\":\"https:\\\/\\\/www.sweetzerland.net\\\/fr\\\/produit\\\/coffret-assortiment-gourmet-chocolat\\\/\",\"name\":\"Coffret Assortiment Gourmet - Sweetzerland Chocolatier\",\"isPartOf\":{\"@id\":\"https:\\\/\\\/www.sweetzerland.net\\\/fr\\\/#website\"},\"primaryImageOfPage\":{\"@id\":\"https:\\\/\\\/www.sweetzerland.net\\\/fr\\\/produit\\\/coffret-assortiment-gourmet-chocolat\\\/#primaryimage\"},\"image\":{\"@id\":\"https:\\\/\\\/www.sweetzerland.net\\\/fr\\\/produit\\\/coffret-assortiment-gourmet-chocolat\\\/#primaryimage\"},\"thumbnailUrl\":\"https:\\\/\\\/www.sweetzerland.net\\\/wp-content\\\/uploads\\\/2025\\\/11\\\/Sweetzerland-Assortment-Box-Gourmet-Open.jpg\",\"datePublished\":\"2025-11-28T22:04:09+00:00\",\"dateModified\":\"2025-12-01T15:31:06+00:00\",\"description\":\"D\u00e9couvrez le coffret Signature Sweetzerland : ganaches, pralin\u00e9s, caramels et cr\u00e9ations exclusives pour une d\u00e9gustation artisanale d\u2019exception. Le cadeau parfait \u00e0 offrir ou partager.\",\"breadcrumb\":{\"@id\":\"https:\\\/\\\/www.sweetzerland.net\\\/fr\\\/produit\\\/coffret-assortiment-gourmet-chocolat\\\/#breadcrumb\"},\"inLanguage\":\"fr-FR\",\"potentialAction\":[{\"@type\":\"ReadAction\",\"target\":[\"https:\\\/\\\/www.sweetzerland.net\\\/fr\\\/produit\\\/coffret-assortiment-gourmet-chocolat\\\/\"]}]},{\"@type\":\"ImageObject\",\"inLanguage\":\"fr-FR\",\"@id\":\"https:\\\/\\\/www.sweetzerland.net\\\/fr\\\/produit\\\/coffret-assortiment-gourmet-chocolat\\\/#primaryimage\",\"url\":\"https:\\\/\\\/www.sweetzerland.net\\\/wp-content\\\/uploads\\\/2025\\\/11\\\/Sweetzerland-Assortment-Box-Gourmet-Open.jpg\",\"contentUrl\":\"https:\\\/\\\/www.sweetzerland.net\\\/wp-content\\\/uploads\\\/2025\\\/11\\\/Sweetzerland-Assortment-Box-Gourmet-Open.jpg\",\"width\":1500,\"height\":2250},{\"@type\":\"BreadcrumbList\",\"@id\":\"https:\\\/\\\/www.sweetzerland.net\\\/fr\\\/produit\\\/coffret-assortiment-gourmet-chocolat\\\/#breadcrumb\",\"itemListElement\":[{\"@type\":\"ListItem\",\"position\":1,\"name\":\"Accueil\",\"item\":\"https:\\\/\\\/www.sweetzerland.net\\\/fr\\\/boutique\\\/\"},{\"@type\":\"ListItem\",\"position\":2,\"name\":\"Online Shop\",\"item\":\"https:\\\/\\\/www.sweetzerland.net\\\/fr\\\/boutique\\\/\"},{\"@type\":\"ListItem\",\"position\":3,\"name\":\"Coffret Assortiment Gourmet\"}]},{\"@type\":\"WebSite\",\"@id\":\"https:\\\/\\\/www.sweetzerland.net\\\/fr\\\/#website\",\"url\":\"https:\\\/\\\/www.sweetzerland.net\\\/fr\\\/\",\"name\":\"Sweetzerland Chocolatier\",\"description\":\"Chocolatier Gen\u00e8ve\",\"publisher\":{\"@id\":\"https:\\\/\\\/www.sweetzerland.net\\\/fr\\\/#organization\"},\"potentialAction\":[{\"@type\":\"SearchAction\",\"target\":{\"@type\":\"EntryPoint\",\"urlTemplate\":\"https:\\\/\\\/www.sweetzerland.net\\\/fr\\\/?s={search_term_string}\"},\"query-input\":{\"@type\":\"PropertyValueSpecification\",\"valueRequired\":true,\"valueName\":\"search_term_string\"}}],\"inLanguage\":\"fr-FR\"},{\"@type\":\"Organization\",\"@id\":\"https:\\\/\\\/www.sweetzerland.net\\\/fr\\\/#organization\",\"name\":\"Sweetzerland Chocolatier\",\"url\":\"https:\\\/\\\/www.sweetzerland.net\\\/fr\\\/\",\"logo\":{\"@type\":\"ImageObject\",\"inLanguage\":\"fr-FR\",\"@id\":\"https:\\\/\\\/www.sweetzerland.net\\\/fr\\\/#\\\/schema\\\/logo\\\/image\\\/\",\"url\":\"https:\\\/\\\/www.sweetzerland.net\\\/wp-content\\\/uploads\\\/2025\\\/01\\\/cropped-logo-sweetzerland-HD.png\",\"contentUrl\":\"https:\\\/\\\/www.sweetzerland.net\\\/wp-content\\\/uploads\\\/2025\\\/01\\\/cropped-logo-sweetzerland-HD.png\",\"width\":500,\"height\":353,\"caption\":\"Sweetzerland Chocolatier\"},\"image\":{\"@id\":\"https:\\\/\\\/www.sweetzerland.net\\\/fr\\\/#\\\/schema\\\/logo\\\/image\\\/\"}}]}<\/script>\n<!-- \/ Yoast SEO plugin. -->","yoast_head_json":{"title":"Coffret Assortiment Gourmet - Sweetzerland Chocolatier","description":"D\u00e9couvrez le coffret Signature Sweetzerland : ganaches, pralin\u00e9s, caramels et cr\u00e9ations exclusives pour une d\u00e9gustation artisanale d\u2019exception. Le cadeau parfait \u00e0 offrir ou partager.","robots":{"index":"index","follow":"follow","max-snippet":"max-snippet:-1","max-image-preview":"max-image-preview:large","max-video-preview":"max-video-preview:-1"},"canonical":"https:\/\/www.sweetzerland.net\/fr\/produit\/coffret-assortiment-gourmet-chocolat\/","og_locale":"fr_FR","og_type":"article","og_title":"Coffret Assortiment Gourmet - Sweetzerland Chocolatier","og_description":"D\u00e9couvrez le coffret Signature Sweetzerland : ganaches, pralin\u00e9s, caramels et cr\u00e9ations exclusives pour une d\u00e9gustation artisanale d\u2019exception. Le cadeau parfait \u00e0 offrir ou partager.","og_url":"https:\/\/www.sweetzerland.net\/fr\/produit\/coffret-assortiment-gourmet-chocolat\/","og_site_name":"Sweetzerland Chocolatier","article_modified_time":"2025-12-01T15:31:06+00:00","og_image":[{"width":1500,"height":2250,"url":"https:\/\/www.sweetzerland.net\/wp-content\/uploads\/2025\/11\/Sweetzerland-Assortment-Box-Gourmet-Open.jpg","type":"image\/jpeg"}],"twitter_card":"summary_large_image","twitter_misc":{"Dur\u00e9e de lecture estim\u00e9e":"2 minutes"},"schema":{"@context":"https:\/\/schema.org","@graph":[{"@type":"WebPage","@id":"https:\/\/www.sweetzerland.net\/fr\/produit\/coffret-assortiment-gourmet-chocolat\/","url":"https:\/\/www.sweetzerland.net\/fr\/produit\/coffret-assortiment-gourmet-chocolat\/","name":"Coffret Assortiment Gourmet - Sweetzerland Chocolatier","isPartOf":{"@id":"https:\/\/www.sweetzerland.net\/fr\/#website"},"primaryImageOfPage":{"@id":"https:\/\/www.sweetzerland.net\/fr\/produit\/coffret-assortiment-gourmet-chocolat\/#primaryimage"},"image":{"@id":"https:\/\/www.sweetzerland.net\/fr\/produit\/coffret-assortiment-gourmet-chocolat\/#primaryimage"},"thumbnailUrl":"https:\/\/www.sweetzerland.net\/wp-content\/uploads\/2025\/11\/Sweetzerland-Assortment-Box-Gourmet-Open.jpg","datePublished":"2025-11-28T22:04:09+00:00","dateModified":"2025-12-01T15:31:06+00:00","description":"D\u00e9couvrez le coffret Signature Sweetzerland : ganaches, pralin\u00e9s, caramels et cr\u00e9ations exclusives pour une d\u00e9gustation artisanale d\u2019exception. Le cadeau parfait \u00e0 offrir ou partager.","breadcrumb":{"@id":"https:\/\/www.sweetzerland.net\/fr\/produit\/coffret-assortiment-gourmet-chocolat\/#breadcrumb"},"inLanguage":"fr-FR","potentialAction":[{"@type":"ReadAction","target":["https:\/\/www.sweetzerland.net\/fr\/produit\/coffret-assortiment-gourmet-chocolat\/"]}]},{"@type":"ImageObject","inLanguage":"fr-FR","@id":"https:\/\/www.sweetzerland.net\/fr\/produit\/coffret-assortiment-gourmet-chocolat\/#primaryimage","url":"https:\/\/www.sweetzerland.net\/wp-content\/uploads\/2025\/11\/Sweetzerland-Assortment-Box-Gourmet-Open.jpg","contentUrl":"https:\/\/www.sweetzerland.net\/wp-content\/uploads\/2025\/11\/Sweetzerland-Assortment-Box-Gourmet-Open.jpg","width":1500,"height":2250},{"@type":"BreadcrumbList","@id":"https:\/\/www.sweetzerland.net\/fr\/produit\/coffret-assortiment-gourmet-chocolat\/#breadcrumb","itemListElement":[{"@type":"ListItem","position":1,"name":"Accueil","item":"https:\/\/www.sweetzerland.net\/fr\/boutique\/"},{"@type":"ListItem","position":2,"name":"Online Shop","item":"https:\/\/www.sweetzerland.net\/fr\/boutique\/"},{"@type":"ListItem","position":3,"name":"Coffret Assortiment Gourmet"}]},{"@type":"WebSite","@id":"https:\/\/www.sweetzerland.net\/fr\/#website","url":"https:\/\/www.sweetzerland.net\/fr\/","name":"Sweetzerland Chocolatier","description":"Chocolatier Gen\u00e8ve","publisher":{"@id":"https:\/\/www.sweetzerland.net\/fr\/#organization"},"potentialAction":[{"@type":"SearchAction","target":{"@type":"EntryPoint","urlTemplate":"https:\/\/www.sweetzerland.net\/fr\/?s={search_term_string}"},"query-input":{"@type":"PropertyValueSpecification","valueRequired":true,"valueName":"search_term_string"}}],"inLanguage":"fr-FR"},{"@type":"Organization","@id":"https:\/\/www.sweetzerland.net\/fr\/#organization","name":"Sweetzerland Chocolatier","url":"https:\/\/www.sweetzerland.net\/fr\/","logo":{"@type":"ImageObject","inLanguage":"fr-FR","@id":"https:\/\/www.sweetzerland.net\/fr\/#\/schema\/logo\/image\/","url":"https:\/\/www.sweetzerland.net\/wp-content\/uploads\/2025\/01\/cropped-logo-sweetzerland-HD.png","contentUrl":"https:\/\/www.sweetzerland.net\/wp-content\/uploads\/2025\/01\/cropped-logo-sweetzerland-HD.png","width":500,"height":353,"caption":"Sweetzerland Chocolatier"},"image":{"@id":"https:\/\/www.sweetzerland.net\/fr\/#\/schema\/logo\/image\/"}}]}},"_links":{"self":[{"href":"https:\/\/www.sweetzerland.net\/fr\/wp-json\/wp\/v2\/product\/15922","targetHints":{"allow":["GET"]}}],"collection":[{"href":"https:\/\/www.sweetzerland.net\/fr\/wp-json\/wp\/v2\/product"}],"about":[{"href":"https:\/\/www.sweetzerland.net\/fr\/wp-json\/wp\/v2\/types\/product"}],"version-history":[{"count":3,"href":"https:\/\/www.sweetzerland.net\/fr\/wp-json\/wp\/v2\/product\/15922\/revisions"}],"predecessor-version":[{"id":15927,"href":"https:\/\/www.sweetzerland.net\/fr\/wp-json\/wp\/v2\/product\/15922\/revisions\/15927"}],"wp:featuredmedia":[{"embeddable":true,"href":"https:\/\/www.sweetzerland.net\/fr\/wp-json\/wp\/v2\/media\/15917"}],"wp:attachment":[{"href":"https:\/\/www.sweetzerland.net\/fr\/wp-json\/wp\/v2\/media?parent=15922"}],"wp:term":[{"taxonomy":"product_brand","embeddable":true,"href":"https:\/\/www.sweetzerland.net\/fr\/wp-json\/wp\/v2\/product_brand?post=15922"},{"taxonomy":"product_cat","embeddable":true,"href":"https:\/\/www.sweetzerland.net\/fr\/wp-json\/wp\/v2\/product_cat?post=15922"},{"taxonomy":"product_tag","embeddable":true,"href":"https:\/\/www.sweetzerland.net\/fr\/wp-json\/wp\/v2\/product_tag?post=15922"}],"curies":[{"name":"wp","href":"https:\/\/api.w.org\/{rel}","templated":true}]}}