{"id":15765,"date":"2025-11-11T20:43:52","date_gmt":"2025-11-11T19:43:52","guid":{"rendered":"https:\/\/www.sweetzerland.net\/?post_type=product&#038;p=15765"},"modified":"2026-03-24T12:52:39","modified_gmt":"2026-03-24T11:52:39","slug":"branches-praline-assortiment-mix-150g","status":"publish","type":"product","link":"https:\/\/www.sweetzerland.net\/fr\/produit\/branches-praline-assortiment-mix-150g\/","title":{"rendered":"Branches praline \u2013 Assortiment mix \/ 150g"},"content":{"rendered":"<p>D\u00e9couvrez le Coffret Assortiment de branches pralin\u00e9 : un trio gourmand, Rocher, Pistache et Gru\u00e9, alliant intensit\u00e9, croquant et savoir-faire chocolatier suisse.<\/p>\n<p>Une d\u00e9licieuse fusion de textures et de saveurs, nos Branches Pralin\u00e9es sont un v\u00e9ritable hommage \u00e0 l\u2019art de la chocolaterie.<\/p>\n<p>L\u2019intensit\u00e9 aromatique des fruits secs d\u2019Italie, soigneusement s\u00e9lectionn\u00e9s pour leur richesse gustative, se m\u00eale harmonieusement au croustillant d\u00e9licat de brisures de biscuit suisse.<\/p>\n<p>Enrob\u00e9es d\u2019une fine couche de cacao Grand Cru, ces branches pralin\u00e9es offrent un \u00e9quilibre exquis entre croquant et fondant, faisant de chaque bouch\u00e9e un moment de gourmandise irr\u00e9sistible.<\/p>\n<p>150g &#8211; Noir 70% &amp; Lait 38%<\/p>\n","protected":false},"excerpt":{"rendered":"<p>D\u00e9couvrez le Coffret Assortiment de branches pralin\u00e9 : un trio gourmand, Rocher, Pistache et Gru\u00e9, alliant intensit\u00e9, croquant et savoir-faire chocolatier suisse. Une d\u00e9licieuse fusion de textures et de saveurs, nos Branches Pralin\u00e9es sont un v\u00e9ritable hommage \u00e0 l\u2019art de la chocolaterie. L\u2019intensit\u00e9 aromatique des fruits secs d\u2019Italie, soigneusement s\u00e9lectionn\u00e9s pour leur richesse gustative, se [&hellip;]<\/p>\n","protected":false},"featured_media":16445,"template":"","meta":{"_acf_changed":false,"site-sidebar-layout":"default","site-content-layout":"","ast-site-content-layout":"default","site-content-style":"default","site-sidebar-style":"default","ast-global-header-display":"","ast-banner-title-visibility":"","ast-main-header-display":"","ast-hfb-above-header-display":"","ast-hfb-below-header-display":"","ast-hfb-mobile-header-display":"","site-post-title":"","ast-breadcrumbs-content":"","ast-featured-img":"","footer-sml-layout":"","ast-disable-related-posts":"","theme-transparent-header-meta":"default","adv-header-id-meta":"","stick-header-meta":"","header-above-stick-meta":"","header-main-stick-meta":"","header-below-stick-meta":"","astra-migrate-meta-layouts":"set","ast-page-background-enabled":"default","ast-page-background-meta":{"desktop":{"background-color":"","background-image":"","background-repeat":"repeat","background-position":"center center","background-size":"auto","background-attachment":"scroll","background-type":"","background-media":"","overlay-type":"","overlay-color":"","overlay-opacity":"","overlay-gradient":""},"tablet":{"background-color":"","background-image":"","background-repeat":"repeat","background-position":"center center","background-size":"auto","background-attachment":"scroll","background-type":"","background-media":"","overlay-type":"","overlay-color":"","overlay-opacity":"","overlay-gradient":""},"mobile":{"background-color":"","background-image":"","background-repeat":"repeat","background-position":"center center","background-size":"auto","background-attachment":"scroll","background-type":"","background-media":"","overlay-type":"","overlay-color":"","overlay-opacity":"","overlay-gradient":""}},"ast-content-background-meta":{"desktop":{"background-color":"var(--ast-global-color-5)","background-image":"","background-repeat":"repeat","background-position":"center center","background-size":"auto","background-attachment":"scroll","background-type":"","background-media":"","overlay-type":"","overlay-color":"","overlay-opacity":"","overlay-gradient":""},"tablet":{"background-color":"var(--ast-global-color-5)","background-image":"","background-repeat":"repeat","background-position":"center center","background-size":"auto","background-attachment":"scroll","background-type":"","background-media":"","overlay-type":"","overlay-color":"","overlay-opacity":"","overlay-gradient":""},"mobile":{"background-color":"var(--ast-global-color-5)","background-image":"","background-repeat":"repeat","background-position":"center center","background-size":"auto","background-attachment":"scroll","background-type":"","background-media":"","overlay-type":"","overlay-color":"","overlay-opacity":"","overlay-gradient":""}}},"product_brand":[],"product_cat":[20],"product_tag":[],"class_list":{"0":"post-15765","1":"product","2":"type-product","3":"status-publish","4":"has-post-thumbnail","6":"product_cat-gourmandises","7":"desktop-align-left","8":"tablet-align-left","9":"mobile-align-left","11":"first","12":"instock","13":"taxable","14":"shipping-taxable","15":"purchasable","16":"product-type-simple"},"acf":[],"yoast_head":"<!-- This site is optimized with the Yoast SEO plugin v27.3 - https:\/\/yoast.com\/product\/yoast-seo-wordpress\/ -->\n<title>Branches praline \u2013 Assortiment mix \/ 150g - Sweetzerland Chocolatier<\/title>\n<meta name=\"description\" content=\"D\u00e9couvrez le Coffret Assortiment Sweetzerland : un trio gourmand de branches pralin\u00e9 bio, Rocher, Pistache et Gru\u00e9, alliant intensit\u00e9, croquant et savoir-faire chocolatier suisse.\" \/>\n<meta name=\"robots\" content=\"index, follow, max-snippet:-1, max-image-preview:large, max-video-preview:-1\" \/>\n<link rel=\"canonical\" href=\"https:\/\/www.sweetzerland.net\/fr\/produit\/branches-praline-assortiment-mix-150g\/\" \/>\n<meta property=\"og:locale\" content=\"fr_FR\" \/>\n<meta property=\"og:type\" content=\"article\" \/>\n<meta property=\"og:title\" content=\"Branches praline \u2013 Assortiment mix \/ 150g - Sweetzerland Chocolatier\" \/>\n<meta property=\"og:description\" content=\"D\u00e9couvrez le Coffret Assortiment Sweetzerland : un trio gourmand de branches pralin\u00e9 bio, Rocher, Pistache et Gru\u00e9, alliant intensit\u00e9, croquant et savoir-faire chocolatier suisse.\" \/>\n<meta property=\"og:url\" content=\"https:\/\/www.sweetzerland.net\/fr\/produit\/branches-praline-assortiment-mix-150g\/\" \/>\n<meta property=\"og:site_name\" content=\"Sweetzerland Chocolatier\" \/>\n<meta property=\"article:modified_time\" content=\"2026-03-24T11:52:39+00:00\" \/>\n<meta property=\"og:image\" content=\"https:\/\/www.sweetzerland.net\/wp-content\/uploads\/2026\/03\/Sweetzerland_C9_Praline_Branches_Discovery_Open-e1774353140732.jpg\" \/>\n\t<meta property=\"og:image:width\" content=\"1287\" \/>\n\t<meta property=\"og:image:height\" content=\"1952\" \/>\n\t<meta property=\"og:image:type\" content=\"image\/jpeg\" \/>\n<meta name=\"twitter:card\" content=\"summary_large_image\" \/>\n<meta name=\"twitter:label1\" content=\"Dur\u00e9e de lecture estim\u00e9e\" \/>\n\t<meta name=\"twitter:data1\" content=\"1 minute\" \/>\n<script type=\"application\/ld+json\" class=\"yoast-schema-graph\">{\"@context\":\"https:\\\/\\\/schema.org\",\"@graph\":[{\"@type\":\"WebPage\",\"@id\":\"https:\\\/\\\/www.sweetzerland.net\\\/fr\\\/produit\\\/branches-praline-assortiment-mix-150g\\\/\",\"url\":\"https:\\\/\\\/www.sweetzerland.net\\\/fr\\\/produit\\\/branches-praline-assortiment-mix-150g\\\/\",\"name\":\"Branches praline \u2013 Assortiment mix \\\/ 150g - Sweetzerland Chocolatier\",\"isPartOf\":{\"@id\":\"https:\\\/\\\/www.sweetzerland.net\\\/fr\\\/#website\"},\"primaryImageOfPage\":{\"@id\":\"https:\\\/\\\/www.sweetzerland.net\\\/fr\\\/produit\\\/branches-praline-assortiment-mix-150g\\\/#primaryimage\"},\"image\":{\"@id\":\"https:\\\/\\\/www.sweetzerland.net\\\/fr\\\/produit\\\/branches-praline-assortiment-mix-150g\\\/#primaryimage\"},\"thumbnailUrl\":\"https:\\\/\\\/www.sweetzerland.net\\\/wp-content\\\/uploads\\\/2026\\\/03\\\/Sweetzerland_C9_Praline_Branches_Discovery_Open-e1774353140732.jpg\",\"datePublished\":\"2025-11-11T19:43:52+00:00\",\"dateModified\":\"2026-03-24T11:52:39+00:00\",\"description\":\"D\u00e9couvrez le Coffret Assortiment Sweetzerland : un trio gourmand de branches pralin\u00e9 bio, Rocher, Pistache et Gru\u00e9, alliant intensit\u00e9, croquant et savoir-faire chocolatier suisse.\",\"breadcrumb\":{\"@id\":\"https:\\\/\\\/www.sweetzerland.net\\\/fr\\\/produit\\\/branches-praline-assortiment-mix-150g\\\/#breadcrumb\"},\"inLanguage\":\"fr-FR\",\"potentialAction\":[{\"@type\":\"ReadAction\",\"target\":[\"https:\\\/\\\/www.sweetzerland.net\\\/fr\\\/produit\\\/branches-praline-assortiment-mix-150g\\\/\"]}]},{\"@type\":\"ImageObject\",\"inLanguage\":\"fr-FR\",\"@id\":\"https:\\\/\\\/www.sweetzerland.net\\\/fr\\\/produit\\\/branches-praline-assortiment-mix-150g\\\/#primaryimage\",\"url\":\"https:\\\/\\\/www.sweetzerland.net\\\/wp-content\\\/uploads\\\/2026\\\/03\\\/Sweetzerland_C9_Praline_Branches_Discovery_Open-e1774353140732.jpg\",\"contentUrl\":\"https:\\\/\\\/www.sweetzerland.net\\\/wp-content\\\/uploads\\\/2026\\\/03\\\/Sweetzerland_C9_Praline_Branches_Discovery_Open-e1774353140732.jpg\",\"width\":1287,\"height\":1952},{\"@type\":\"BreadcrumbList\",\"@id\":\"https:\\\/\\\/www.sweetzerland.net\\\/fr\\\/produit\\\/branches-praline-assortiment-mix-150g\\\/#breadcrumb\",\"itemListElement\":[{\"@type\":\"ListItem\",\"position\":1,\"name\":\"Accueil\",\"item\":\"https:\\\/\\\/www.sweetzerland.net\\\/fr\\\/boutique\\\/\"},{\"@type\":\"ListItem\",\"position\":2,\"name\":\"Online Shop\",\"item\":\"https:\\\/\\\/www.sweetzerland.net\\\/fr\\\/boutique\\\/\"},{\"@type\":\"ListItem\",\"position\":3,\"name\":\"Branches praline \u2013 Assortiment mix \\\/ 150g\"}]},{\"@type\":\"WebSite\",\"@id\":\"https:\\\/\\\/www.sweetzerland.net\\\/fr\\\/#website\",\"url\":\"https:\\\/\\\/www.sweetzerland.net\\\/fr\\\/\",\"name\":\"Sweetzerland Chocolatier\",\"description\":\"Chocolatier Gen\u00e8ve\",\"publisher\":{\"@id\":\"https:\\\/\\\/www.sweetzerland.net\\\/fr\\\/#organization\"},\"potentialAction\":[{\"@type\":\"SearchAction\",\"target\":{\"@type\":\"EntryPoint\",\"urlTemplate\":\"https:\\\/\\\/www.sweetzerland.net\\\/fr\\\/?s={search_term_string}\"},\"query-input\":{\"@type\":\"PropertyValueSpecification\",\"valueRequired\":true,\"valueName\":\"search_term_string\"}}],\"inLanguage\":\"fr-FR\"},{\"@type\":\"Organization\",\"@id\":\"https:\\\/\\\/www.sweetzerland.net\\\/fr\\\/#organization\",\"name\":\"Sweetzerland Chocolatier\",\"url\":\"https:\\\/\\\/www.sweetzerland.net\\\/fr\\\/\",\"logo\":{\"@type\":\"ImageObject\",\"inLanguage\":\"fr-FR\",\"@id\":\"https:\\\/\\\/www.sweetzerland.net\\\/fr\\\/#\\\/schema\\\/logo\\\/image\\\/\",\"url\":\"https:\\\/\\\/www.sweetzerland.net\\\/wp-content\\\/uploads\\\/2025\\\/01\\\/cropped-logo-sweetzerland-HD.png\",\"contentUrl\":\"https:\\\/\\\/www.sweetzerland.net\\\/wp-content\\\/uploads\\\/2025\\\/01\\\/cropped-logo-sweetzerland-HD.png\",\"width\":500,\"height\":353,\"caption\":\"Sweetzerland Chocolatier\"},\"image\":{\"@id\":\"https:\\\/\\\/www.sweetzerland.net\\\/fr\\\/#\\\/schema\\\/logo\\\/image\\\/\"}}]}<\/script>\n<!-- \/ Yoast SEO plugin. -->","yoast_head_json":{"title":"Branches praline \u2013 Assortiment mix \/ 150g - Sweetzerland Chocolatier","description":"D\u00e9couvrez le Coffret Assortiment Sweetzerland : un trio gourmand de branches pralin\u00e9 bio, Rocher, Pistache et Gru\u00e9, alliant intensit\u00e9, croquant et savoir-faire chocolatier suisse.","robots":{"index":"index","follow":"follow","max-snippet":"max-snippet:-1","max-image-preview":"max-image-preview:large","max-video-preview":"max-video-preview:-1"},"canonical":"https:\/\/www.sweetzerland.net\/fr\/produit\/branches-praline-assortiment-mix-150g\/","og_locale":"fr_FR","og_type":"article","og_title":"Branches praline \u2013 Assortiment mix \/ 150g - Sweetzerland Chocolatier","og_description":"D\u00e9couvrez le Coffret Assortiment Sweetzerland : un trio gourmand de branches pralin\u00e9 bio, Rocher, Pistache et Gru\u00e9, alliant intensit\u00e9, croquant et savoir-faire chocolatier suisse.","og_url":"https:\/\/www.sweetzerland.net\/fr\/produit\/branches-praline-assortiment-mix-150g\/","og_site_name":"Sweetzerland Chocolatier","article_modified_time":"2026-03-24T11:52:39+00:00","og_image":[{"width":1287,"height":1952,"url":"https:\/\/www.sweetzerland.net\/wp-content\/uploads\/2026\/03\/Sweetzerland_C9_Praline_Branches_Discovery_Open-e1774353140732.jpg","type":"image\/jpeg"}],"twitter_card":"summary_large_image","twitter_misc":{"Dur\u00e9e de lecture estim\u00e9e":"1 minute"},"schema":{"@context":"https:\/\/schema.org","@graph":[{"@type":"WebPage","@id":"https:\/\/www.sweetzerland.net\/fr\/produit\/branches-praline-assortiment-mix-150g\/","url":"https:\/\/www.sweetzerland.net\/fr\/produit\/branches-praline-assortiment-mix-150g\/","name":"Branches praline \u2013 Assortiment mix \/ 150g - Sweetzerland Chocolatier","isPartOf":{"@id":"https:\/\/www.sweetzerland.net\/fr\/#website"},"primaryImageOfPage":{"@id":"https:\/\/www.sweetzerland.net\/fr\/produit\/branches-praline-assortiment-mix-150g\/#primaryimage"},"image":{"@id":"https:\/\/www.sweetzerland.net\/fr\/produit\/branches-praline-assortiment-mix-150g\/#primaryimage"},"thumbnailUrl":"https:\/\/www.sweetzerland.net\/wp-content\/uploads\/2026\/03\/Sweetzerland_C9_Praline_Branches_Discovery_Open-e1774353140732.jpg","datePublished":"2025-11-11T19:43:52+00:00","dateModified":"2026-03-24T11:52:39+00:00","description":"D\u00e9couvrez le Coffret Assortiment Sweetzerland : un trio gourmand de branches pralin\u00e9 bio, Rocher, Pistache et Gru\u00e9, alliant intensit\u00e9, croquant et savoir-faire chocolatier suisse.","breadcrumb":{"@id":"https:\/\/www.sweetzerland.net\/fr\/produit\/branches-praline-assortiment-mix-150g\/#breadcrumb"},"inLanguage":"fr-FR","potentialAction":[{"@type":"ReadAction","target":["https:\/\/www.sweetzerland.net\/fr\/produit\/branches-praline-assortiment-mix-150g\/"]}]},{"@type":"ImageObject","inLanguage":"fr-FR","@id":"https:\/\/www.sweetzerland.net\/fr\/produit\/branches-praline-assortiment-mix-150g\/#primaryimage","url":"https:\/\/www.sweetzerland.net\/wp-content\/uploads\/2026\/03\/Sweetzerland_C9_Praline_Branches_Discovery_Open-e1774353140732.jpg","contentUrl":"https:\/\/www.sweetzerland.net\/wp-content\/uploads\/2026\/03\/Sweetzerland_C9_Praline_Branches_Discovery_Open-e1774353140732.jpg","width":1287,"height":1952},{"@type":"BreadcrumbList","@id":"https:\/\/www.sweetzerland.net\/fr\/produit\/branches-praline-assortiment-mix-150g\/#breadcrumb","itemListElement":[{"@type":"ListItem","position":1,"name":"Accueil","item":"https:\/\/www.sweetzerland.net\/fr\/boutique\/"},{"@type":"ListItem","position":2,"name":"Online Shop","item":"https:\/\/www.sweetzerland.net\/fr\/boutique\/"},{"@type":"ListItem","position":3,"name":"Branches praline \u2013 Assortiment mix \/ 150g"}]},{"@type":"WebSite","@id":"https:\/\/www.sweetzerland.net\/fr\/#website","url":"https:\/\/www.sweetzerland.net\/fr\/","name":"Sweetzerland Chocolatier","description":"Chocolatier Gen\u00e8ve","publisher":{"@id":"https:\/\/www.sweetzerland.net\/fr\/#organization"},"potentialAction":[{"@type":"SearchAction","target":{"@type":"EntryPoint","urlTemplate":"https:\/\/www.sweetzerland.net\/fr\/?s={search_term_string}"},"query-input":{"@type":"PropertyValueSpecification","valueRequired":true,"valueName":"search_term_string"}}],"inLanguage":"fr-FR"},{"@type":"Organization","@id":"https:\/\/www.sweetzerland.net\/fr\/#organization","name":"Sweetzerland Chocolatier","url":"https:\/\/www.sweetzerland.net\/fr\/","logo":{"@type":"ImageObject","inLanguage":"fr-FR","@id":"https:\/\/www.sweetzerland.net\/fr\/#\/schema\/logo\/image\/","url":"https:\/\/www.sweetzerland.net\/wp-content\/uploads\/2025\/01\/cropped-logo-sweetzerland-HD.png","contentUrl":"https:\/\/www.sweetzerland.net\/wp-content\/uploads\/2025\/01\/cropped-logo-sweetzerland-HD.png","width":500,"height":353,"caption":"Sweetzerland Chocolatier"},"image":{"@id":"https:\/\/www.sweetzerland.net\/fr\/#\/schema\/logo\/image\/"}}]}},"_links":{"self":[{"href":"https:\/\/www.sweetzerland.net\/fr\/wp-json\/wp\/v2\/product\/15765","targetHints":{"allow":["GET"]}}],"collection":[{"href":"https:\/\/www.sweetzerland.net\/fr\/wp-json\/wp\/v2\/product"}],"about":[{"href":"https:\/\/www.sweetzerland.net\/fr\/wp-json\/wp\/v2\/types\/product"}],"version-history":[{"count":2,"href":"https:\/\/www.sweetzerland.net\/fr\/wp-json\/wp\/v2\/product\/15765\/revisions"}],"predecessor-version":[{"id":15793,"href":"https:\/\/www.sweetzerland.net\/fr\/wp-json\/wp\/v2\/product\/15765\/revisions\/15793"}],"wp:featuredmedia":[{"embeddable":true,"href":"https:\/\/www.sweetzerland.net\/fr\/wp-json\/wp\/v2\/media\/16445"}],"wp:attachment":[{"href":"https:\/\/www.sweetzerland.net\/fr\/wp-json\/wp\/v2\/media?parent=15765"}],"wp:term":[{"taxonomy":"product_brand","embeddable":true,"href":"https:\/\/www.sweetzerland.net\/fr\/wp-json\/wp\/v2\/product_brand?post=15765"},{"taxonomy":"product_cat","embeddable":true,"href":"https:\/\/www.sweetzerland.net\/fr\/wp-json\/wp\/v2\/product_cat?post=15765"},{"taxonomy":"product_tag","embeddable":true,"href":"https:\/\/www.sweetzerland.net\/fr\/wp-json\/wp\/v2\/product_tag?post=15765"}],"curies":[{"name":"wp","href":"https:\/\/api.w.org\/{rel}","templated":true}]}}