{"id":15753,"date":"2025-11-11T18:36:57","date_gmt":"2025-11-11T17:36:57","guid":{"rendered":"https:\/\/www.sweetzerland.net\/?post_type=product&#038;p=15753"},"modified":"2026-04-14T17:51:53","modified_gmt":"2026-04-14T15:51:53","slug":"branches-praline-noir-150g-bio","status":"publish","type":"product","link":"https:\/\/www.sweetzerland.net\/fr\/produit\/branches-praline-noir-150g-bio\/","title":{"rendered":"Branches pralin\u00e9 noisette \u2013 Noir \/ 150g"},"content":{"rendered":"<p>Une fusion exquise de textures et de saveurs fait de nos Branches Pralin\u00e9 Bio une v\u00e9ritable c\u00e9l\u00e9bration du savoir-faire chocolatier. La richesse aromatique des noisettes IGP du Pi\u00e9mont, s\u00e9lectionn\u00e9es pour leur go\u00fbt intense, s\u2019harmonise parfaitement avec le croustillant de fins \u00e9clats de biscuit, apportant une sensation irr\u00e9sistible en bouche. Envelopp\u00e9es d\u2019un enrobage soyeux de cacao Grand Cru d\u2019\u00c9quateur, ces branches pralin\u00e9es offrent un parfait \u00e9quilibre entre fondant et croquant, pour une exp\u00e9rience gourmande unique.<\/p>\n<p>Que ce soit pour une pause r\u00e9confortante ou pour partager un moment de plaisir avec des amateurs de chocolat, nos Branches Pralin\u00e9 Bio r\u00e9v\u00e8lent toute l\u2019authenticit\u00e9 des ingr\u00e9dients d\u2019exception et d\u2019un savoir-faire artisanal d\u2019exception.<\/p>\n<p>150 g &#8211; Noir 70%<\/p>\n","protected":false},"excerpt":{"rendered":"<p>Une fusion exquise de textures et de saveurs fait de nos Branches Pralin\u00e9 Bio une v\u00e9ritable c\u00e9l\u00e9bration du savoir-faire chocolatier. La richesse aromatique des noisettes IGP du Pi\u00e9mont, s\u00e9lectionn\u00e9es pour leur go\u00fbt intense, s\u2019harmonise parfaitement avec le croustillant de fins \u00e9clats de biscuit, apportant une sensation irr\u00e9sistible en bouche. Envelopp\u00e9es d\u2019un enrobage soyeux de cacao [&hellip;]<\/p>\n","protected":false},"featured_media":15687,"template":"","meta":{"_acf_changed":false,"site-sidebar-layout":"default","site-content-layout":"","ast-site-content-layout":"default","site-content-style":"default","site-sidebar-style":"default","ast-global-header-display":"","ast-banner-title-visibility":"","ast-main-header-display":"","ast-hfb-above-header-display":"","ast-hfb-below-header-display":"","ast-hfb-mobile-header-display":"","site-post-title":"","ast-breadcrumbs-content":"","ast-featured-img":"","footer-sml-layout":"","ast-disable-related-posts":"","theme-transparent-header-meta":"default","adv-header-id-meta":"","stick-header-meta":"","header-above-stick-meta":"","header-main-stick-meta":"","header-below-stick-meta":"","astra-migrate-meta-layouts":"set","ast-page-background-enabled":"default","ast-page-background-meta":{"desktop":{"background-color":"","background-image":"","background-repeat":"repeat","background-position":"center center","background-size":"auto","background-attachment":"scroll","background-type":"","background-media":"","overlay-type":"","overlay-color":"","overlay-opacity":"","overlay-gradient":""},"tablet":{"background-color":"","background-image":"","background-repeat":"repeat","background-position":"center center","background-size":"auto","background-attachment":"scroll","background-type":"","background-media":"","overlay-type":"","overlay-color":"","overlay-opacity":"","overlay-gradient":""},"mobile":{"background-color":"","background-image":"","background-repeat":"repeat","background-position":"center center","background-size":"auto","background-attachment":"scroll","background-type":"","background-media":"","overlay-type":"","overlay-color":"","overlay-opacity":"","overlay-gradient":""}},"ast-content-background-meta":{"desktop":{"background-color":"var(--ast-global-color-5)","background-image":"","background-repeat":"repeat","background-position":"center center","background-size":"auto","background-attachment":"scroll","background-type":"","background-media":"","overlay-type":"","overlay-color":"","overlay-opacity":"","overlay-gradient":""},"tablet":{"background-color":"var(--ast-global-color-5)","background-image":"","background-repeat":"repeat","background-position":"center center","background-size":"auto","background-attachment":"scroll","background-type":"","background-media":"","overlay-type":"","overlay-color":"","overlay-opacity":"","overlay-gradient":""},"mobile":{"background-color":"var(--ast-global-color-5)","background-image":"","background-repeat":"repeat","background-position":"center center","background-size":"auto","background-attachment":"scroll","background-type":"","background-media":"","overlay-type":"","overlay-color":"","overlay-opacity":"","overlay-gradient":""}}},"product_brand":[],"product_cat":[20],"product_tag":[],"class_list":{"0":"post-15753","1":"product","2":"type-product","3":"status-publish","4":"has-post-thumbnail","6":"product_cat-gourmandises","7":"desktop-align-left","8":"tablet-align-left","9":"mobile-align-left","11":"first","12":"instock","13":"taxable","14":"shipping-taxable","15":"purchasable","16":"product-type-simple"},"acf":[],"yoast_head":"<!-- This site is optimized with the Yoast SEO plugin v27.6 - https:\/\/yoast.com\/product\/yoast-seo-wordpress\/ -->\n<title>Branches pralin\u00e9 noisette \u2013 Noir \/ 150g - Sweetzerland Chocolatier<\/title>\n<meta name=\"description\" content=\"D\u00e9couvrez les Branches Pralin\u00e9 Bio Sweetzerland : un \u00e9quilibre parfait entre fondant et croustillant, aux noisettes du Pi\u00e9mont et cacao Grand Cru d\u2019\u00c9quateur.\" \/>\n<meta name=\"robots\" content=\"index, follow, max-snippet:-1, max-image-preview:large, max-video-preview:-1\" \/>\n<link rel=\"canonical\" href=\"https:\/\/www.sweetzerland.net\/fr\/produit\/branches-praline-noir-150g-bio\/\" \/>\n<meta property=\"og:locale\" content=\"fr_FR\" \/>\n<meta property=\"og:type\" content=\"article\" \/>\n<meta property=\"og:title\" content=\"Branches pralin\u00e9 noisette \u2013 Noir \/ 150g - Sweetzerland Chocolatier\" \/>\n<meta property=\"og:description\" content=\"D\u00e9couvrez les Branches Pralin\u00e9 Bio Sweetzerland : un \u00e9quilibre parfait entre fondant et croustillant, aux noisettes du Pi\u00e9mont et cacao Grand Cru d\u2019\u00c9quateur.\" \/>\n<meta property=\"og:url\" content=\"https:\/\/www.sweetzerland.net\/fr\/produit\/branches-praline-noir-150g-bio\/\" \/>\n<meta property=\"og:site_name\" content=\"Sweetzerland Chocolatier\" \/>\n<meta property=\"article:modified_time\" content=\"2026-04-14T15:51:53+00:00\" \/>\n<meta property=\"og:image\" content=\"https:\/\/www.sweetzerland.net\/wp-content\/uploads\/2025\/11\/Sweetzerland-Praline-Branche-Rocher-Dark-C9-1.jpg\" \/>\n\t<meta property=\"og:image:width\" content=\"1365\" \/>\n\t<meta property=\"og:image:height\" content=\"2048\" \/>\n\t<meta property=\"og:image:type\" content=\"image\/jpeg\" \/>\n<meta name=\"twitter:card\" content=\"summary_large_image\" \/>\n<meta name=\"twitter:label1\" content=\"Dur\u00e9e de lecture estim\u00e9e\" \/>\n\t<meta name=\"twitter:data1\" content=\"1 minute\" \/>\n<script type=\"application\/ld+json\" class=\"yoast-schema-graph\">{\"@context\":\"https:\\\/\\\/schema.org\",\"@graph\":[{\"@type\":\"WebPage\",\"@id\":\"https:\\\/\\\/www.sweetzerland.net\\\/fr\\\/produit\\\/branches-praline-noir-150g-bio\\\/\",\"url\":\"https:\\\/\\\/www.sweetzerland.net\\\/fr\\\/produit\\\/branches-praline-noir-150g-bio\\\/\",\"name\":\"Branches pralin\u00e9 noisette \u2013 Noir \\\/ 150g - Sweetzerland Chocolatier\",\"isPartOf\":{\"@id\":\"https:\\\/\\\/www.sweetzerland.net\\\/fr\\\/#website\"},\"primaryImageOfPage\":{\"@id\":\"https:\\\/\\\/www.sweetzerland.net\\\/fr\\\/produit\\\/branches-praline-noir-150g-bio\\\/#primaryimage\"},\"image\":{\"@id\":\"https:\\\/\\\/www.sweetzerland.net\\\/fr\\\/produit\\\/branches-praline-noir-150g-bio\\\/#primaryimage\"},\"thumbnailUrl\":\"https:\\\/\\\/www.sweetzerland.net\\\/wp-content\\\/uploads\\\/2025\\\/11\\\/Sweetzerland-Praline-Branche-Rocher-Dark-C9-1.jpg\",\"datePublished\":\"2025-11-11T17:36:57+00:00\",\"dateModified\":\"2026-04-14T15:51:53+00:00\",\"description\":\"D\u00e9couvrez les Branches Pralin\u00e9 Bio Sweetzerland : un \u00e9quilibre parfait entre fondant et croustillant, aux noisettes du Pi\u00e9mont et cacao Grand Cru d\u2019\u00c9quateur.\",\"breadcrumb\":{\"@id\":\"https:\\\/\\\/www.sweetzerland.net\\\/fr\\\/produit\\\/branches-praline-noir-150g-bio\\\/#breadcrumb\"},\"inLanguage\":\"fr-FR\",\"potentialAction\":[{\"@type\":\"ReadAction\",\"target\":[\"https:\\\/\\\/www.sweetzerland.net\\\/fr\\\/produit\\\/branches-praline-noir-150g-bio\\\/\"]}]},{\"@type\":\"ImageObject\",\"inLanguage\":\"fr-FR\",\"@id\":\"https:\\\/\\\/www.sweetzerland.net\\\/fr\\\/produit\\\/branches-praline-noir-150g-bio\\\/#primaryimage\",\"url\":\"https:\\\/\\\/www.sweetzerland.net\\\/wp-content\\\/uploads\\\/2025\\\/11\\\/Sweetzerland-Praline-Branche-Rocher-Dark-C9-1.jpg\",\"contentUrl\":\"https:\\\/\\\/www.sweetzerland.net\\\/wp-content\\\/uploads\\\/2025\\\/11\\\/Sweetzerland-Praline-Branche-Rocher-Dark-C9-1.jpg\",\"width\":1365,\"height\":2048},{\"@type\":\"BreadcrumbList\",\"@id\":\"https:\\\/\\\/www.sweetzerland.net\\\/fr\\\/produit\\\/branches-praline-noir-150g-bio\\\/#breadcrumb\",\"itemListElement\":[{\"@type\":\"ListItem\",\"position\":1,\"name\":\"Accueil\",\"item\":\"https:\\\/\\\/www.sweetzerland.net\\\/fr\\\/boutique\\\/\"},{\"@type\":\"ListItem\",\"position\":2,\"name\":\"Online Shop\",\"item\":\"https:\\\/\\\/www.sweetzerland.net\\\/fr\\\/boutique\\\/\"},{\"@type\":\"ListItem\",\"position\":3,\"name\":\"Branches pralin\u00e9 noisette \u2013 Noir \\\/ 150g\"}]},{\"@type\":\"WebSite\",\"@id\":\"https:\\\/\\\/www.sweetzerland.net\\\/fr\\\/#website\",\"url\":\"https:\\\/\\\/www.sweetzerland.net\\\/fr\\\/\",\"name\":\"Sweetzerland Chocolatier\",\"description\":\"Chocolatier Gen\u00e8ve\",\"publisher\":{\"@id\":\"https:\\\/\\\/www.sweetzerland.net\\\/fr\\\/#organization\"},\"potentialAction\":[{\"@type\":\"SearchAction\",\"target\":{\"@type\":\"EntryPoint\",\"urlTemplate\":\"https:\\\/\\\/www.sweetzerland.net\\\/fr\\\/?s={search_term_string}\"},\"query-input\":{\"@type\":\"PropertyValueSpecification\",\"valueRequired\":true,\"valueName\":\"search_term_string\"}}],\"inLanguage\":\"fr-FR\"},{\"@type\":\"Organization\",\"@id\":\"https:\\\/\\\/www.sweetzerland.net\\\/fr\\\/#organization\",\"name\":\"Sweetzerland Chocolatier\",\"url\":\"https:\\\/\\\/www.sweetzerland.net\\\/fr\\\/\",\"logo\":{\"@type\":\"ImageObject\",\"inLanguage\":\"fr-FR\",\"@id\":\"https:\\\/\\\/www.sweetzerland.net\\\/fr\\\/#\\\/schema\\\/logo\\\/image\\\/\",\"url\":\"https:\\\/\\\/www.sweetzerland.net\\\/wp-content\\\/uploads\\\/2025\\\/01\\\/cropped-logo-sweetzerland-HD.png\",\"contentUrl\":\"https:\\\/\\\/www.sweetzerland.net\\\/wp-content\\\/uploads\\\/2025\\\/01\\\/cropped-logo-sweetzerland-HD.png\",\"width\":500,\"height\":353,\"caption\":\"Sweetzerland Chocolatier\"},\"image\":{\"@id\":\"https:\\\/\\\/www.sweetzerland.net\\\/fr\\\/#\\\/schema\\\/logo\\\/image\\\/\"}}]}<\/script>\n<!-- \/ Yoast SEO plugin. -->","yoast_head_json":{"title":"Branches pralin\u00e9 noisette \u2013 Noir \/ 150g - Sweetzerland Chocolatier","description":"D\u00e9couvrez les Branches Pralin\u00e9 Bio Sweetzerland : un \u00e9quilibre parfait entre fondant et croustillant, aux noisettes du Pi\u00e9mont et cacao Grand Cru d\u2019\u00c9quateur.","robots":{"index":"index","follow":"follow","max-snippet":"max-snippet:-1","max-image-preview":"max-image-preview:large","max-video-preview":"max-video-preview:-1"},"canonical":"https:\/\/www.sweetzerland.net\/fr\/produit\/branches-praline-noir-150g-bio\/","og_locale":"fr_FR","og_type":"article","og_title":"Branches pralin\u00e9 noisette \u2013 Noir \/ 150g - Sweetzerland Chocolatier","og_description":"D\u00e9couvrez les Branches Pralin\u00e9 Bio Sweetzerland : un \u00e9quilibre parfait entre fondant et croustillant, aux noisettes du Pi\u00e9mont et cacao Grand Cru d\u2019\u00c9quateur.","og_url":"https:\/\/www.sweetzerland.net\/fr\/produit\/branches-praline-noir-150g-bio\/","og_site_name":"Sweetzerland Chocolatier","article_modified_time":"2026-04-14T15:51:53+00:00","og_image":[{"width":1365,"height":2048,"url":"https:\/\/www.sweetzerland.net\/wp-content\/uploads\/2025\/11\/Sweetzerland-Praline-Branche-Rocher-Dark-C9-1.jpg","type":"image\/jpeg"}],"twitter_card":"summary_large_image","twitter_misc":{"Dur\u00e9e de lecture estim\u00e9e":"1 minute"},"schema":{"@context":"https:\/\/schema.org","@graph":[{"@type":"WebPage","@id":"https:\/\/www.sweetzerland.net\/fr\/produit\/branches-praline-noir-150g-bio\/","url":"https:\/\/www.sweetzerland.net\/fr\/produit\/branches-praline-noir-150g-bio\/","name":"Branches pralin\u00e9 noisette \u2013 Noir \/ 150g - Sweetzerland Chocolatier","isPartOf":{"@id":"https:\/\/www.sweetzerland.net\/fr\/#website"},"primaryImageOfPage":{"@id":"https:\/\/www.sweetzerland.net\/fr\/produit\/branches-praline-noir-150g-bio\/#primaryimage"},"image":{"@id":"https:\/\/www.sweetzerland.net\/fr\/produit\/branches-praline-noir-150g-bio\/#primaryimage"},"thumbnailUrl":"https:\/\/www.sweetzerland.net\/wp-content\/uploads\/2025\/11\/Sweetzerland-Praline-Branche-Rocher-Dark-C9-1.jpg","datePublished":"2025-11-11T17:36:57+00:00","dateModified":"2026-04-14T15:51:53+00:00","description":"D\u00e9couvrez les Branches Pralin\u00e9 Bio Sweetzerland : un \u00e9quilibre parfait entre fondant et croustillant, aux noisettes du Pi\u00e9mont et cacao Grand Cru d\u2019\u00c9quateur.","breadcrumb":{"@id":"https:\/\/www.sweetzerland.net\/fr\/produit\/branches-praline-noir-150g-bio\/#breadcrumb"},"inLanguage":"fr-FR","potentialAction":[{"@type":"ReadAction","target":["https:\/\/www.sweetzerland.net\/fr\/produit\/branches-praline-noir-150g-bio\/"]}]},{"@type":"ImageObject","inLanguage":"fr-FR","@id":"https:\/\/www.sweetzerland.net\/fr\/produit\/branches-praline-noir-150g-bio\/#primaryimage","url":"https:\/\/www.sweetzerland.net\/wp-content\/uploads\/2025\/11\/Sweetzerland-Praline-Branche-Rocher-Dark-C9-1.jpg","contentUrl":"https:\/\/www.sweetzerland.net\/wp-content\/uploads\/2025\/11\/Sweetzerland-Praline-Branche-Rocher-Dark-C9-1.jpg","width":1365,"height":2048},{"@type":"BreadcrumbList","@id":"https:\/\/www.sweetzerland.net\/fr\/produit\/branches-praline-noir-150g-bio\/#breadcrumb","itemListElement":[{"@type":"ListItem","position":1,"name":"Accueil","item":"https:\/\/www.sweetzerland.net\/fr\/boutique\/"},{"@type":"ListItem","position":2,"name":"Online Shop","item":"https:\/\/www.sweetzerland.net\/fr\/boutique\/"},{"@type":"ListItem","position":3,"name":"Branches pralin\u00e9 noisette \u2013 Noir \/ 150g"}]},{"@type":"WebSite","@id":"https:\/\/www.sweetzerland.net\/fr\/#website","url":"https:\/\/www.sweetzerland.net\/fr\/","name":"Sweetzerland Chocolatier","description":"Chocolatier Gen\u00e8ve","publisher":{"@id":"https:\/\/www.sweetzerland.net\/fr\/#organization"},"potentialAction":[{"@type":"SearchAction","target":{"@type":"EntryPoint","urlTemplate":"https:\/\/www.sweetzerland.net\/fr\/?s={search_term_string}"},"query-input":{"@type":"PropertyValueSpecification","valueRequired":true,"valueName":"search_term_string"}}],"inLanguage":"fr-FR"},{"@type":"Organization","@id":"https:\/\/www.sweetzerland.net\/fr\/#organization","name":"Sweetzerland Chocolatier","url":"https:\/\/www.sweetzerland.net\/fr\/","logo":{"@type":"ImageObject","inLanguage":"fr-FR","@id":"https:\/\/www.sweetzerland.net\/fr\/#\/schema\/logo\/image\/","url":"https:\/\/www.sweetzerland.net\/wp-content\/uploads\/2025\/01\/cropped-logo-sweetzerland-HD.png","contentUrl":"https:\/\/www.sweetzerland.net\/wp-content\/uploads\/2025\/01\/cropped-logo-sweetzerland-HD.png","width":500,"height":353,"caption":"Sweetzerland Chocolatier"},"image":{"@id":"https:\/\/www.sweetzerland.net\/fr\/#\/schema\/logo\/image\/"}}]}},"_links":{"self":[{"href":"https:\/\/www.sweetzerland.net\/fr\/wp-json\/wp\/v2\/product\/15753","targetHints":{"allow":["GET"]}}],"collection":[{"href":"https:\/\/www.sweetzerland.net\/fr\/wp-json\/wp\/v2\/product"}],"about":[{"href":"https:\/\/www.sweetzerland.net\/fr\/wp-json\/wp\/v2\/types\/product"}],"version-history":[{"count":4,"href":"https:\/\/www.sweetzerland.net\/fr\/wp-json\/wp\/v2\/product\/15753\/revisions"}],"predecessor-version":[{"id":15816,"href":"https:\/\/www.sweetzerland.net\/fr\/wp-json\/wp\/v2\/product\/15753\/revisions\/15816"}],"wp:featuredmedia":[{"embeddable":true,"href":"https:\/\/www.sweetzerland.net\/fr\/wp-json\/wp\/v2\/media\/15687"}],"wp:attachment":[{"href":"https:\/\/www.sweetzerland.net\/fr\/wp-json\/wp\/v2\/media?parent=15753"}],"wp:term":[{"taxonomy":"product_brand","embeddable":true,"href":"https:\/\/www.sweetzerland.net\/fr\/wp-json\/wp\/v2\/product_brand?post=15753"},{"taxonomy":"product_cat","embeddable":true,"href":"https:\/\/www.sweetzerland.net\/fr\/wp-json\/wp\/v2\/product_cat?post=15753"},{"taxonomy":"product_tag","embeddable":true,"href":"https:\/\/www.sweetzerland.net\/fr\/wp-json\/wp\/v2\/product_tag?post=15753"}],"curies":[{"name":"wp","href":"https:\/\/api.w.org\/{rel}","templated":true}]}}