{"id":15270,"date":"2025-03-19T13:09:06","date_gmt":"2025-03-19T12:09:06","guid":{"rendered":"https:\/\/www.sweetzerland.net\/?post_type=product&#038;p=15270"},"modified":"2025-11-17T13:31:00","modified_gmt":"2025-11-17T12:31:00","slug":"branches-praline-lait-150-gr-bio","status":"publish","type":"product","link":"https:\/\/www.sweetzerland.net\/fr\/produit\/branches-praline-lait-150-gr-bio\/","title":{"rendered":"Branches praline noisette &#8211; Lait \/ 150g \u2013 Bio"},"content":{"rendered":"<p>Une fusion exquise de textures et de saveurs fait de nos Branches Pralin\u00e9 Bio une v\u00e9ritable c\u00e9l\u00e9bration du savoir-faire chocolatier. La richesse aromatique des noisettes IGP du Pi\u00e9mont, s\u00e9lectionn\u00e9es pour leur go\u00fbt intense, s\u2019harmonise parfaitement avec le croustillant de fins \u00e9clats de biscuit, apportant une sensation irr\u00e9sistible en bouche. Envelopp\u00e9es d\u2019un enrobage soyeux de cacao Grand Cru d\u2019\u00c9quateur, ces branches pralin\u00e9es offrent un parfait \u00e9quilibre entre fondant et croquant, pour une exp\u00e9rience gourmande unique.<\/p>\n<p>Que ce soit pour une pause r\u00e9confortante ou pour partager un moment de plaisir avec des amateurs de chocolat, nos Branches Pralin\u00e9 Bio r\u00e9v\u00e8lent toute l\u2019authenticit\u00e9 des ingr\u00e9dients d\u2019exception et d\u2019un savoir-faire artisanal d\u2019exception.<\/p>\n<p>100% NATUREL ET CERTIFI\u00c9 BIO !<\/p>\n<p>150 g<\/p>\n","protected":false},"excerpt":{"rendered":"<p>Une fusion exquise de textures et de saveurs fait de nos Branches Pralin\u00e9 Bio une v\u00e9ritable c\u00e9l\u00e9bration du savoir-faire chocolatier. La richesse aromatique des noisettes IGP du Pi\u00e9mont, s\u00e9lectionn\u00e9es pour leur go\u00fbt intense, s\u2019harmonise parfaitement avec le croustillant de fins \u00e9clats de biscuit, apportant une sensation irr\u00e9sistible en bouche. Envelopp\u00e9es d\u2019un enrobage soyeux de cacao [&hellip;]<\/p>\n","protected":false},"featured_media":15175,"template":"","meta":{"_acf_changed":false,"site-sidebar-layout":"default","site-content-layout":"","ast-site-content-layout":"default","site-content-style":"default","site-sidebar-style":"default","ast-global-header-display":"","ast-banner-title-visibility":"","ast-main-header-display":"","ast-hfb-above-header-display":"","ast-hfb-below-header-display":"","ast-hfb-mobile-header-display":"","site-post-title":"","ast-breadcrumbs-content":"","ast-featured-img":"","footer-sml-layout":"","ast-disable-related-posts":"","theme-transparent-header-meta":"default","adv-header-id-meta":"","stick-header-meta":"","header-above-stick-meta":"","header-main-stick-meta":"","header-below-stick-meta":"","astra-migrate-meta-layouts":"set","ast-page-background-enabled":"default","ast-page-background-meta":{"desktop":{"background-color":"","background-image":"","background-repeat":"repeat","background-position":"center center","background-size":"auto","background-attachment":"scroll","background-type":"","background-media":"","overlay-type":"","overlay-color":"","overlay-opacity":"","overlay-gradient":""},"tablet":{"background-color":"","background-image":"","background-repeat":"repeat","background-position":"center center","background-size":"auto","background-attachment":"scroll","background-type":"","background-media":"","overlay-type":"","overlay-color":"","overlay-opacity":"","overlay-gradient":""},"mobile":{"background-color":"","background-image":"","background-repeat":"repeat","background-position":"center center","background-size":"auto","background-attachment":"scroll","background-type":"","background-media":"","overlay-type":"","overlay-color":"","overlay-opacity":"","overlay-gradient":""}},"ast-content-background-meta":{"desktop":{"background-color":"var(--ast-global-color-5)","background-image":"","background-repeat":"repeat","background-position":"center center","background-size":"auto","background-attachment":"scroll","background-type":"","background-media":"","overlay-type":"","overlay-color":"","overlay-opacity":"","overlay-gradient":""},"tablet":{"background-color":"var(--ast-global-color-5)","background-image":"","background-repeat":"repeat","background-position":"center center","background-size":"auto","background-attachment":"scroll","background-type":"","background-media":"","overlay-type":"","overlay-color":"","overlay-opacity":"","overlay-gradient":""},"mobile":{"background-color":"var(--ast-global-color-5)","background-image":"","background-repeat":"repeat","background-position":"center center","background-size":"auto","background-attachment":"scroll","background-type":"","background-media":"","overlay-type":"","overlay-color":"","overlay-opacity":"","overlay-gradient":""}}},"product_brand":[],"product_cat":[20],"product_tag":[],"class_list":{"0":"post-15270","1":"product","2":"type-product","3":"status-publish","4":"has-post-thumbnail","6":"product_cat-gourmandises","7":"desktop-align-left","8":"tablet-align-left","9":"mobile-align-left","11":"first","12":"instock","13":"taxable","14":"shipping-taxable","15":"purchasable","16":"product-type-simple"},"acf":[],"yoast_head":"<!-- This site is optimized with the Yoast SEO plugin v27.6 - https:\/\/yoast.com\/product\/yoast-seo-wordpress\/ -->\n<title>Branches praline noisette - Lait \/ 150g \u2013 Bio - Sweetzerland Chocolatier<\/title>\n<meta name=\"robots\" content=\"index, follow, max-snippet:-1, max-image-preview:large, max-video-preview:-1\" \/>\n<link rel=\"canonical\" href=\"https:\/\/www.sweetzerland.net\/fr\/produit\/branches-praline-lait-150-gr-bio\/\" \/>\n<meta property=\"og:locale\" content=\"fr_FR\" \/>\n<meta property=\"og:type\" content=\"article\" \/>\n<meta property=\"og:title\" content=\"Branches praline noisette - Lait \/ 150g \u2013 Bio - Sweetzerland Chocolatier\" \/>\n<meta property=\"og:description\" content=\"Une fusion exquise de textures et de saveurs fait de nos Branches Pralin\u00e9 Bio une v\u00e9ritable c\u00e9l\u00e9bration du savoir-faire chocolatier. La richesse aromatique des noisettes IGP du Pi\u00e9mont, s\u00e9lectionn\u00e9es pour leur go\u00fbt intense, s\u2019harmonise parfaitement avec le croustillant de fins \u00e9clats de biscuit, apportant une sensation irr\u00e9sistible en bouche. Envelopp\u00e9es d\u2019un enrobage soyeux de cacao [&hellip;]\" \/>\n<meta property=\"og:url\" content=\"https:\/\/www.sweetzerland.net\/fr\/produit\/branches-praline-lait-150-gr-bio\/\" \/>\n<meta property=\"og:site_name\" content=\"Sweetzerland Chocolatier\" \/>\n<meta property=\"article:modified_time\" content=\"2025-11-17T12:31:00+00:00\" \/>\n<meta property=\"og:image\" content=\"https:\/\/www.sweetzerland.net\/wp-content\/uploads\/2025\/03\/C9-Barres-Rocher_Ouverte-e1742387029964.png\" \/>\n\t<meta property=\"og:image:width\" content=\"301\" \/>\n\t<meta property=\"og:image:height\" content=\"300\" \/>\n\t<meta property=\"og:image:type\" content=\"image\/png\" \/>\n<meta name=\"twitter:card\" content=\"summary_large_image\" \/>\n<meta name=\"twitter:label1\" content=\"Dur\u00e9e de lecture estim\u00e9e\" \/>\n\t<meta name=\"twitter:data1\" content=\"1 minute\" \/>\n<script type=\"application\/ld+json\" class=\"yoast-schema-graph\">{\"@context\":\"https:\\\/\\\/schema.org\",\"@graph\":[{\"@type\":\"WebPage\",\"@id\":\"https:\\\/\\\/www.sweetzerland.net\\\/fr\\\/produit\\\/branches-praline-lait-150-gr-bio\\\/\",\"url\":\"https:\\\/\\\/www.sweetzerland.net\\\/fr\\\/produit\\\/branches-praline-lait-150-gr-bio\\\/\",\"name\":\"Branches praline noisette - Lait \\\/ 150g \u2013 Bio - Sweetzerland Chocolatier\",\"isPartOf\":{\"@id\":\"https:\\\/\\\/www.sweetzerland.net\\\/fr\\\/#website\"},\"primaryImageOfPage\":{\"@id\":\"https:\\\/\\\/www.sweetzerland.net\\\/fr\\\/produit\\\/branches-praline-lait-150-gr-bio\\\/#primaryimage\"},\"image\":{\"@id\":\"https:\\\/\\\/www.sweetzerland.net\\\/fr\\\/produit\\\/branches-praline-lait-150-gr-bio\\\/#primaryimage\"},\"thumbnailUrl\":\"https:\\\/\\\/www.sweetzerland.net\\\/wp-content\\\/uploads\\\/2025\\\/03\\\/C9-Barres-Rocher_Ouverte-e1742387029964.png\",\"datePublished\":\"2025-03-19T12:09:06+00:00\",\"dateModified\":\"2025-11-17T12:31:00+00:00\",\"breadcrumb\":{\"@id\":\"https:\\\/\\\/www.sweetzerland.net\\\/fr\\\/produit\\\/branches-praline-lait-150-gr-bio\\\/#breadcrumb\"},\"inLanguage\":\"fr-FR\",\"potentialAction\":[{\"@type\":\"ReadAction\",\"target\":[\"https:\\\/\\\/www.sweetzerland.net\\\/fr\\\/produit\\\/branches-praline-lait-150-gr-bio\\\/\"]}]},{\"@type\":\"ImageObject\",\"inLanguage\":\"fr-FR\",\"@id\":\"https:\\\/\\\/www.sweetzerland.net\\\/fr\\\/produit\\\/branches-praline-lait-150-gr-bio\\\/#primaryimage\",\"url\":\"https:\\\/\\\/www.sweetzerland.net\\\/wp-content\\\/uploads\\\/2025\\\/03\\\/C9-Barres-Rocher_Ouverte-e1742387029964.png\",\"contentUrl\":\"https:\\\/\\\/www.sweetzerland.net\\\/wp-content\\\/uploads\\\/2025\\\/03\\\/C9-Barres-Rocher_Ouverte-e1742387029964.png\",\"width\":301,\"height\":300},{\"@type\":\"BreadcrumbList\",\"@id\":\"https:\\\/\\\/www.sweetzerland.net\\\/fr\\\/produit\\\/branches-praline-lait-150-gr-bio\\\/#breadcrumb\",\"itemListElement\":[{\"@type\":\"ListItem\",\"position\":1,\"name\":\"Accueil\",\"item\":\"https:\\\/\\\/www.sweetzerland.net\\\/fr\\\/boutique\\\/\"},{\"@type\":\"ListItem\",\"position\":2,\"name\":\"Online Shop\",\"item\":\"https:\\\/\\\/www.sweetzerland.net\\\/fr\\\/boutique\\\/\"},{\"@type\":\"ListItem\",\"position\":3,\"name\":\"Branches praline noisette &#8211; Lait \\\/ 150g \u2013 Bio\"}]},{\"@type\":\"WebSite\",\"@id\":\"https:\\\/\\\/www.sweetzerland.net\\\/fr\\\/#website\",\"url\":\"https:\\\/\\\/www.sweetzerland.net\\\/fr\\\/\",\"name\":\"Sweetzerland Chocolatier\",\"description\":\"Chocolatier Gen\u00e8ve\",\"publisher\":{\"@id\":\"https:\\\/\\\/www.sweetzerland.net\\\/fr\\\/#organization\"},\"potentialAction\":[{\"@type\":\"SearchAction\",\"target\":{\"@type\":\"EntryPoint\",\"urlTemplate\":\"https:\\\/\\\/www.sweetzerland.net\\\/fr\\\/?s={search_term_string}\"},\"query-input\":{\"@type\":\"PropertyValueSpecification\",\"valueRequired\":true,\"valueName\":\"search_term_string\"}}],\"inLanguage\":\"fr-FR\"},{\"@type\":\"Organization\",\"@id\":\"https:\\\/\\\/www.sweetzerland.net\\\/fr\\\/#organization\",\"name\":\"Sweetzerland Chocolatier\",\"url\":\"https:\\\/\\\/www.sweetzerland.net\\\/fr\\\/\",\"logo\":{\"@type\":\"ImageObject\",\"inLanguage\":\"fr-FR\",\"@id\":\"https:\\\/\\\/www.sweetzerland.net\\\/fr\\\/#\\\/schema\\\/logo\\\/image\\\/\",\"url\":\"https:\\\/\\\/www.sweetzerland.net\\\/wp-content\\\/uploads\\\/2025\\\/01\\\/cropped-logo-sweetzerland-HD.png\",\"contentUrl\":\"https:\\\/\\\/www.sweetzerland.net\\\/wp-content\\\/uploads\\\/2025\\\/01\\\/cropped-logo-sweetzerland-HD.png\",\"width\":500,\"height\":353,\"caption\":\"Sweetzerland Chocolatier\"},\"image\":{\"@id\":\"https:\\\/\\\/www.sweetzerland.net\\\/fr\\\/#\\\/schema\\\/logo\\\/image\\\/\"}}]}<\/script>\n<!-- \/ Yoast SEO plugin. -->","yoast_head_json":{"title":"Branches praline noisette - Lait \/ 150g \u2013 Bio - Sweetzerland Chocolatier","robots":{"index":"index","follow":"follow","max-snippet":"max-snippet:-1","max-image-preview":"max-image-preview:large","max-video-preview":"max-video-preview:-1"},"canonical":"https:\/\/www.sweetzerland.net\/fr\/produit\/branches-praline-lait-150-gr-bio\/","og_locale":"fr_FR","og_type":"article","og_title":"Branches praline noisette - Lait \/ 150g \u2013 Bio - Sweetzerland Chocolatier","og_description":"Une fusion exquise de textures et de saveurs fait de nos Branches Pralin\u00e9 Bio une v\u00e9ritable c\u00e9l\u00e9bration du savoir-faire chocolatier. La richesse aromatique des noisettes IGP du Pi\u00e9mont, s\u00e9lectionn\u00e9es pour leur go\u00fbt intense, s\u2019harmonise parfaitement avec le croustillant de fins \u00e9clats de biscuit, apportant une sensation irr\u00e9sistible en bouche. Envelopp\u00e9es d\u2019un enrobage soyeux de cacao [&hellip;]","og_url":"https:\/\/www.sweetzerland.net\/fr\/produit\/branches-praline-lait-150-gr-bio\/","og_site_name":"Sweetzerland Chocolatier","article_modified_time":"2025-11-17T12:31:00+00:00","og_image":[{"width":301,"height":300,"url":"https:\/\/www.sweetzerland.net\/wp-content\/uploads\/2025\/03\/C9-Barres-Rocher_Ouverte-e1742387029964.png","type":"image\/png"}],"twitter_card":"summary_large_image","twitter_misc":{"Dur\u00e9e de lecture estim\u00e9e":"1 minute"},"schema":{"@context":"https:\/\/schema.org","@graph":[{"@type":"WebPage","@id":"https:\/\/www.sweetzerland.net\/fr\/produit\/branches-praline-lait-150-gr-bio\/","url":"https:\/\/www.sweetzerland.net\/fr\/produit\/branches-praline-lait-150-gr-bio\/","name":"Branches praline noisette - Lait \/ 150g \u2013 Bio - Sweetzerland Chocolatier","isPartOf":{"@id":"https:\/\/www.sweetzerland.net\/fr\/#website"},"primaryImageOfPage":{"@id":"https:\/\/www.sweetzerland.net\/fr\/produit\/branches-praline-lait-150-gr-bio\/#primaryimage"},"image":{"@id":"https:\/\/www.sweetzerland.net\/fr\/produit\/branches-praline-lait-150-gr-bio\/#primaryimage"},"thumbnailUrl":"https:\/\/www.sweetzerland.net\/wp-content\/uploads\/2025\/03\/C9-Barres-Rocher_Ouverte-e1742387029964.png","datePublished":"2025-03-19T12:09:06+00:00","dateModified":"2025-11-17T12:31:00+00:00","breadcrumb":{"@id":"https:\/\/www.sweetzerland.net\/fr\/produit\/branches-praline-lait-150-gr-bio\/#breadcrumb"},"inLanguage":"fr-FR","potentialAction":[{"@type":"ReadAction","target":["https:\/\/www.sweetzerland.net\/fr\/produit\/branches-praline-lait-150-gr-bio\/"]}]},{"@type":"ImageObject","inLanguage":"fr-FR","@id":"https:\/\/www.sweetzerland.net\/fr\/produit\/branches-praline-lait-150-gr-bio\/#primaryimage","url":"https:\/\/www.sweetzerland.net\/wp-content\/uploads\/2025\/03\/C9-Barres-Rocher_Ouverte-e1742387029964.png","contentUrl":"https:\/\/www.sweetzerland.net\/wp-content\/uploads\/2025\/03\/C9-Barres-Rocher_Ouverte-e1742387029964.png","width":301,"height":300},{"@type":"BreadcrumbList","@id":"https:\/\/www.sweetzerland.net\/fr\/produit\/branches-praline-lait-150-gr-bio\/#breadcrumb","itemListElement":[{"@type":"ListItem","position":1,"name":"Accueil","item":"https:\/\/www.sweetzerland.net\/fr\/boutique\/"},{"@type":"ListItem","position":2,"name":"Online Shop","item":"https:\/\/www.sweetzerland.net\/fr\/boutique\/"},{"@type":"ListItem","position":3,"name":"Branches praline noisette &#8211; Lait \/ 150g \u2013 Bio"}]},{"@type":"WebSite","@id":"https:\/\/www.sweetzerland.net\/fr\/#website","url":"https:\/\/www.sweetzerland.net\/fr\/","name":"Sweetzerland Chocolatier","description":"Chocolatier Gen\u00e8ve","publisher":{"@id":"https:\/\/www.sweetzerland.net\/fr\/#organization"},"potentialAction":[{"@type":"SearchAction","target":{"@type":"EntryPoint","urlTemplate":"https:\/\/www.sweetzerland.net\/fr\/?s={search_term_string}"},"query-input":{"@type":"PropertyValueSpecification","valueRequired":true,"valueName":"search_term_string"}}],"inLanguage":"fr-FR"},{"@type":"Organization","@id":"https:\/\/www.sweetzerland.net\/fr\/#organization","name":"Sweetzerland Chocolatier","url":"https:\/\/www.sweetzerland.net\/fr\/","logo":{"@type":"ImageObject","inLanguage":"fr-FR","@id":"https:\/\/www.sweetzerland.net\/fr\/#\/schema\/logo\/image\/","url":"https:\/\/www.sweetzerland.net\/wp-content\/uploads\/2025\/01\/cropped-logo-sweetzerland-HD.png","contentUrl":"https:\/\/www.sweetzerland.net\/wp-content\/uploads\/2025\/01\/cropped-logo-sweetzerland-HD.png","width":500,"height":353,"caption":"Sweetzerland Chocolatier"},"image":{"@id":"https:\/\/www.sweetzerland.net\/fr\/#\/schema\/logo\/image\/"}}]}},"_links":{"self":[{"href":"https:\/\/www.sweetzerland.net\/fr\/wp-json\/wp\/v2\/product\/15270","targetHints":{"allow":["GET"]}}],"collection":[{"href":"https:\/\/www.sweetzerland.net\/fr\/wp-json\/wp\/v2\/product"}],"about":[{"href":"https:\/\/www.sweetzerland.net\/fr\/wp-json\/wp\/v2\/types\/product"}],"version-history":[{"count":8,"href":"https:\/\/www.sweetzerland.net\/fr\/wp-json\/wp\/v2\/product\/15270\/revisions"}],"predecessor-version":[{"id":15819,"href":"https:\/\/www.sweetzerland.net\/fr\/wp-json\/wp\/v2\/product\/15270\/revisions\/15819"}],"wp:featuredmedia":[{"embeddable":true,"href":"https:\/\/www.sweetzerland.net\/fr\/wp-json\/wp\/v2\/media\/15175"}],"wp:attachment":[{"href":"https:\/\/www.sweetzerland.net\/fr\/wp-json\/wp\/v2\/media?parent=15270"}],"wp:term":[{"taxonomy":"product_brand","embeddable":true,"href":"https:\/\/www.sweetzerland.net\/fr\/wp-json\/wp\/v2\/product_brand?post=15270"},{"taxonomy":"product_cat","embeddable":true,"href":"https:\/\/www.sweetzerland.net\/fr\/wp-json\/wp\/v2\/product_cat?post=15270"},{"taxonomy":"product_tag","embeddable":true,"href":"https:\/\/www.sweetzerland.net\/fr\/wp-json\/wp\/v2\/product_tag?post=15270"}],"curies":[{"name":"wp","href":"https:\/\/api.w.org\/{rel}","templated":true}]}}