{"id":14118,"date":"2024-01-25T16:05:26","date_gmt":"2024-01-25T15:05:26","guid":{"rendered":"https:\/\/www.sweetzerland.net\/?post_type=product&#038;p=14118"},"modified":"2026-04-27T12:13:59","modified_gmt":"2026-04-27T10:13:59","slug":"sweet-hearts-16-pces","status":"publish","type":"product","link":"https:\/\/www.sweetzerland.net\/fr\/produit\/sweet-hearts-16-pces\/","title":{"rendered":"Coffret fourreau Sweet Hearts \/ 16 pces"},"content":{"rendered":"<p data-start=\"180\" data-end=\"374\"><strong data-start=\"180\" data-end=\"229\">\u00c9dition Limit\u00e9e Saint-Valentin<\/strong><\/p>\n<p data-start=\"180\" data-end=\"374\">Une cr\u00e9ation pr\u00e9cieuse inspir\u00e9e d\u2019un souvenir d\u2019enfance d&rsquo;Elena, notre ma\u00eetre chocolati\u00e8re, Elena : celui de ces go\u00fbters joyeux d&rsquo;\u00e9t\u00e9 o\u00f9 sa maman pr\u00e9parait des coupes de fraises fra\u00eeches &#8211; un moment simple mais inoubliable, empreint de tendresse et de bonheur.<\/p>\n<p data-start=\"376\" data-end=\"693\">Plongez dans une parenth\u00e8se romantique avec notre coffret exclusif <strong data-start=\"443\" data-end=\"459\">Sweet Hearts<\/strong>, pens\u00e9 comme une d\u00e9claration gourmande.<br data-start=\"499\" data-end=\"502\" \/>Rev\u00eatus d\u2019une robe rouge et rose 100 % naturelle, ces c\u0153urs scintillants au croquant d\u00e9licat cachent une <strong data-start=\"607\" data-end=\"641\">ganache onctueuse \u00e0 la vanille<\/strong> et un<strong data-start=\"648\" data-end=\"669\"> gianduja \u00e0 la fraise<\/strong>\u00a0aux accents envo\u00fbtants.<\/p>\n<p data-start=\"695\" data-end=\"776\">\u00c0 offrir, s\u2019offrir ou partager\u2026 pour faire battre les c\u0153urs et \u00e9veiller les sens.<\/p>\n<p>&nbsp;<\/p>\n","protected":false},"excerpt":{"rendered":"<p>\u00c9dition Limit\u00e9e Saint-Valentin Une cr\u00e9ation pr\u00e9cieuse inspir\u00e9e d\u2019un souvenir d\u2019enfance d&rsquo;Elena, notre ma\u00eetre chocolati\u00e8re, Elena : celui de ces go\u00fbters joyeux d&rsquo;\u00e9t\u00e9 o\u00f9 sa maman pr\u00e9parait des coupes de fraises fra\u00eeches &#8211; un moment simple mais inoubliable, empreint de tendresse et de bonheur. Plongez dans une parenth\u00e8se romantique avec notre coffret exclusif Sweet Hearts, pens\u00e9 [&hellip;]<\/p>\n","protected":false},"featured_media":16250,"template":"","meta":{"_acf_changed":false,"site-sidebar-layout":"default","site-content-layout":"default","ast-site-content-layout":"default","site-content-style":"default","site-sidebar-style":"default","ast-global-header-display":"","ast-banner-title-visibility":"","ast-main-header-display":"","ast-hfb-above-header-display":"","ast-hfb-below-header-display":"","ast-hfb-mobile-header-display":"","site-post-title":"","ast-breadcrumbs-content":"","ast-featured-img":"","footer-sml-layout":"","ast-disable-related-posts":"","theme-transparent-header-meta":"default","adv-header-id-meta":"","stick-header-meta":"","header-above-stick-meta":"","header-main-stick-meta":"","header-below-stick-meta":"","astra-migrate-meta-layouts":"set","ast-page-background-enabled":"default","ast-page-background-meta":{"desktop":{"background-color":"","background-image":"","background-repeat":"repeat","background-position":"center center","background-size":"auto","background-attachment":"scroll","background-type":"","background-media":"","overlay-type":"","overlay-color":"","overlay-opacity":"","overlay-gradient":""},"tablet":{"background-color":"","background-image":"","background-repeat":"repeat","background-position":"center center","background-size":"auto","background-attachment":"scroll","background-type":"","background-media":"","overlay-type":"","overlay-color":"","overlay-opacity":"","overlay-gradient":""},"mobile":{"background-color":"","background-image":"","background-repeat":"repeat","background-position":"center center","background-size":"auto","background-attachment":"scroll","background-type":"","background-media":"","overlay-type":"","overlay-color":"","overlay-opacity":"","overlay-gradient":""}},"ast-content-background-meta":{"desktop":{"background-color":"var(--ast-global-color-5)","background-image":"","background-repeat":"repeat","background-position":"center center","background-size":"auto","background-attachment":"scroll","background-type":"","background-media":"","overlay-type":"","overlay-color":"","overlay-opacity":"","overlay-gradient":""},"tablet":{"background-color":"var(--ast-global-color-5)","background-image":"","background-repeat":"repeat","background-position":"center center","background-size":"auto","background-attachment":"scroll","background-type":"","background-media":"","overlay-type":"","overlay-color":"","overlay-opacity":"","overlay-gradient":""},"mobile":{"background-color":"var(--ast-global-color-5)","background-image":"","background-repeat":"repeat","background-position":"center center","background-size":"auto","background-attachment":"scroll","background-type":"","background-media":"","overlay-type":"","overlay-color":"","overlay-opacity":"","overlay-gradient":""}}},"product_brand":[],"product_cat":[46,17],"product_tag":[],"class_list":{"0":"post-14118","1":"product","2":"type-product","3":"status-publish","4":"has-post-thumbnail","6":"product_cat-creations-saisonnieres","7":"product_cat-truffes-pralines","8":"product_shipping_class-global","9":"desktop-align-left","10":"tablet-align-left","11":"mobile-align-left","13":"first","14":"instock","15":"featured","16":"taxable","17":"shipping-taxable","18":"purchasable","19":"product-type-simple"},"acf":[],"yoast_head":"<!-- This site is optimized with the Yoast SEO plugin v27.6 - https:\/\/yoast.com\/product\/yoast-seo-wordpress\/ -->\n<title>Coffret fourreau Sweet Hearts \/ 16 pces - Sweetzerland Chocolatier<\/title>\n<meta name=\"robots\" content=\"index, follow, max-snippet:-1, max-image-preview:large, max-video-preview:-1\" \/>\n<link rel=\"canonical\" href=\"https:\/\/www.sweetzerland.net\/fr\/produit\/sweet-hearts-16-pces\/\" \/>\n<meta property=\"og:locale\" content=\"fr_FR\" \/>\n<meta property=\"og:type\" content=\"article\" \/>\n<meta property=\"og:title\" content=\"Coffret fourreau Sweet Hearts \/ 16 pces - Sweetzerland Chocolatier\" \/>\n<meta property=\"og:description\" content=\"\u00c9dition Limit\u00e9e Saint-Valentin Une cr\u00e9ation pr\u00e9cieuse inspir\u00e9e d\u2019un souvenir d\u2019enfance d&rsquo;Elena, notre ma\u00eetre chocolati\u00e8re, Elena : celui de ces go\u00fbters joyeux d&rsquo;\u00e9t\u00e9 o\u00f9 sa maman pr\u00e9parait des coupes de fraises fra\u00eeches &#8211; un moment simple mais inoubliable, empreint de tendresse et de bonheur. Plongez dans une parenth\u00e8se romantique avec notre coffret exclusif Sweet Hearts, pens\u00e9 [&hellip;]\" \/>\n<meta property=\"og:url\" content=\"https:\/\/www.sweetzerland.net\/fr\/produit\/sweet-hearts-16-pces\/\" \/>\n<meta property=\"og:site_name\" content=\"Sweetzerland Chocolatier\" \/>\n<meta property=\"article:modified_time\" content=\"2026-04-27T10:13:59+00:00\" \/>\n<meta property=\"og:image\" content=\"https:\/\/www.sweetzerland.net\/wp-content\/uploads\/2026\/01\/Sweetzerland-Valentine-Sweet-Heart-Gift-Box-Open-1.jpg\" \/>\n\t<meta property=\"og:image:width\" content=\"1365\" \/>\n\t<meta property=\"og:image:height\" content=\"2048\" \/>\n\t<meta property=\"og:image:type\" content=\"image\/jpeg\" \/>\n<meta name=\"twitter:card\" content=\"summary_large_image\" \/>\n<meta name=\"twitter:label1\" content=\"Dur\u00e9e de lecture estim\u00e9e\" \/>\n\t<meta name=\"twitter:data1\" content=\"1 minute\" \/>\n<script type=\"application\/ld+json\" class=\"yoast-schema-graph\">{\"@context\":\"https:\\\/\\\/schema.org\",\"@graph\":[{\"@type\":\"WebPage\",\"@id\":\"https:\\\/\\\/www.sweetzerland.net\\\/fr\\\/produit\\\/sweet-hearts-16-pces\\\/\",\"url\":\"https:\\\/\\\/www.sweetzerland.net\\\/fr\\\/produit\\\/sweet-hearts-16-pces\\\/\",\"name\":\"Coffret fourreau Sweet Hearts \\\/ 16 pces - Sweetzerland Chocolatier\",\"isPartOf\":{\"@id\":\"https:\\\/\\\/www.sweetzerland.net\\\/fr\\\/#website\"},\"primaryImageOfPage\":{\"@id\":\"https:\\\/\\\/www.sweetzerland.net\\\/fr\\\/produit\\\/sweet-hearts-16-pces\\\/#primaryimage\"},\"image\":{\"@id\":\"https:\\\/\\\/www.sweetzerland.net\\\/fr\\\/produit\\\/sweet-hearts-16-pces\\\/#primaryimage\"},\"thumbnailUrl\":\"https:\\\/\\\/www.sweetzerland.net\\\/wp-content\\\/uploads\\\/2026\\\/01\\\/Sweetzerland-Valentine-Sweet-Heart-Gift-Box-Open-1.jpg\",\"datePublished\":\"2024-01-25T15:05:26+00:00\",\"dateModified\":\"2026-04-27T10:13:59+00:00\",\"breadcrumb\":{\"@id\":\"https:\\\/\\\/www.sweetzerland.net\\\/fr\\\/produit\\\/sweet-hearts-16-pces\\\/#breadcrumb\"},\"inLanguage\":\"fr-FR\",\"potentialAction\":[{\"@type\":\"ReadAction\",\"target\":[\"https:\\\/\\\/www.sweetzerland.net\\\/fr\\\/produit\\\/sweet-hearts-16-pces\\\/\"]}]},{\"@type\":\"ImageObject\",\"inLanguage\":\"fr-FR\",\"@id\":\"https:\\\/\\\/www.sweetzerland.net\\\/fr\\\/produit\\\/sweet-hearts-16-pces\\\/#primaryimage\",\"url\":\"https:\\\/\\\/www.sweetzerland.net\\\/wp-content\\\/uploads\\\/2026\\\/01\\\/Sweetzerland-Valentine-Sweet-Heart-Gift-Box-Open-1.jpg\",\"contentUrl\":\"https:\\\/\\\/www.sweetzerland.net\\\/wp-content\\\/uploads\\\/2026\\\/01\\\/Sweetzerland-Valentine-Sweet-Heart-Gift-Box-Open-1.jpg\",\"width\":1365,\"height\":2048},{\"@type\":\"BreadcrumbList\",\"@id\":\"https:\\\/\\\/www.sweetzerland.net\\\/fr\\\/produit\\\/sweet-hearts-16-pces\\\/#breadcrumb\",\"itemListElement\":[{\"@type\":\"ListItem\",\"position\":1,\"name\":\"Accueil\",\"item\":\"https:\\\/\\\/www.sweetzerland.net\\\/fr\\\/boutique\\\/\"},{\"@type\":\"ListItem\",\"position\":2,\"name\":\"Online Shop\",\"item\":\"https:\\\/\\\/www.sweetzerland.net\\\/fr\\\/boutique\\\/\"},{\"@type\":\"ListItem\",\"position\":3,\"name\":\"Coffret fourreau Sweet Hearts \\\/ 16 pces\"}]},{\"@type\":\"WebSite\",\"@id\":\"https:\\\/\\\/www.sweetzerland.net\\\/fr\\\/#website\",\"url\":\"https:\\\/\\\/www.sweetzerland.net\\\/fr\\\/\",\"name\":\"Sweetzerland Chocolatier\",\"description\":\"Chocolatier Gen\u00e8ve\",\"publisher\":{\"@id\":\"https:\\\/\\\/www.sweetzerland.net\\\/fr\\\/#organization\"},\"potentialAction\":[{\"@type\":\"SearchAction\",\"target\":{\"@type\":\"EntryPoint\",\"urlTemplate\":\"https:\\\/\\\/www.sweetzerland.net\\\/fr\\\/?s={search_term_string}\"},\"query-input\":{\"@type\":\"PropertyValueSpecification\",\"valueRequired\":true,\"valueName\":\"search_term_string\"}}],\"inLanguage\":\"fr-FR\"},{\"@type\":\"Organization\",\"@id\":\"https:\\\/\\\/www.sweetzerland.net\\\/fr\\\/#organization\",\"name\":\"Sweetzerland Chocolatier\",\"url\":\"https:\\\/\\\/www.sweetzerland.net\\\/fr\\\/\",\"logo\":{\"@type\":\"ImageObject\",\"inLanguage\":\"fr-FR\",\"@id\":\"https:\\\/\\\/www.sweetzerland.net\\\/fr\\\/#\\\/schema\\\/logo\\\/image\\\/\",\"url\":\"https:\\\/\\\/www.sweetzerland.net\\\/wp-content\\\/uploads\\\/2025\\\/01\\\/cropped-logo-sweetzerland-HD.png\",\"contentUrl\":\"https:\\\/\\\/www.sweetzerland.net\\\/wp-content\\\/uploads\\\/2025\\\/01\\\/cropped-logo-sweetzerland-HD.png\",\"width\":500,\"height\":353,\"caption\":\"Sweetzerland Chocolatier\"},\"image\":{\"@id\":\"https:\\\/\\\/www.sweetzerland.net\\\/fr\\\/#\\\/schema\\\/logo\\\/image\\\/\"}}]}<\/script>\n<!-- \/ Yoast SEO plugin. -->","yoast_head_json":{"title":"Coffret fourreau Sweet Hearts \/ 16 pces - Sweetzerland Chocolatier","robots":{"index":"index","follow":"follow","max-snippet":"max-snippet:-1","max-image-preview":"max-image-preview:large","max-video-preview":"max-video-preview:-1"},"canonical":"https:\/\/www.sweetzerland.net\/fr\/produit\/sweet-hearts-16-pces\/","og_locale":"fr_FR","og_type":"article","og_title":"Coffret fourreau Sweet Hearts \/ 16 pces - Sweetzerland Chocolatier","og_description":"\u00c9dition Limit\u00e9e Saint-Valentin Une cr\u00e9ation pr\u00e9cieuse inspir\u00e9e d\u2019un souvenir d\u2019enfance d&rsquo;Elena, notre ma\u00eetre chocolati\u00e8re, Elena : celui de ces go\u00fbters joyeux d&rsquo;\u00e9t\u00e9 o\u00f9 sa maman pr\u00e9parait des coupes de fraises fra\u00eeches &#8211; un moment simple mais inoubliable, empreint de tendresse et de bonheur. Plongez dans une parenth\u00e8se romantique avec notre coffret exclusif Sweet Hearts, pens\u00e9 [&hellip;]","og_url":"https:\/\/www.sweetzerland.net\/fr\/produit\/sweet-hearts-16-pces\/","og_site_name":"Sweetzerland Chocolatier","article_modified_time":"2026-04-27T10:13:59+00:00","og_image":[{"width":1365,"height":2048,"url":"https:\/\/www.sweetzerland.net\/wp-content\/uploads\/2026\/01\/Sweetzerland-Valentine-Sweet-Heart-Gift-Box-Open-1.jpg","type":"image\/jpeg"}],"twitter_card":"summary_large_image","twitter_misc":{"Dur\u00e9e de lecture estim\u00e9e":"1 minute"},"schema":{"@context":"https:\/\/schema.org","@graph":[{"@type":"WebPage","@id":"https:\/\/www.sweetzerland.net\/fr\/produit\/sweet-hearts-16-pces\/","url":"https:\/\/www.sweetzerland.net\/fr\/produit\/sweet-hearts-16-pces\/","name":"Coffret fourreau Sweet Hearts \/ 16 pces - Sweetzerland Chocolatier","isPartOf":{"@id":"https:\/\/www.sweetzerland.net\/fr\/#website"},"primaryImageOfPage":{"@id":"https:\/\/www.sweetzerland.net\/fr\/produit\/sweet-hearts-16-pces\/#primaryimage"},"image":{"@id":"https:\/\/www.sweetzerland.net\/fr\/produit\/sweet-hearts-16-pces\/#primaryimage"},"thumbnailUrl":"https:\/\/www.sweetzerland.net\/wp-content\/uploads\/2026\/01\/Sweetzerland-Valentine-Sweet-Heart-Gift-Box-Open-1.jpg","datePublished":"2024-01-25T15:05:26+00:00","dateModified":"2026-04-27T10:13:59+00:00","breadcrumb":{"@id":"https:\/\/www.sweetzerland.net\/fr\/produit\/sweet-hearts-16-pces\/#breadcrumb"},"inLanguage":"fr-FR","potentialAction":[{"@type":"ReadAction","target":["https:\/\/www.sweetzerland.net\/fr\/produit\/sweet-hearts-16-pces\/"]}]},{"@type":"ImageObject","inLanguage":"fr-FR","@id":"https:\/\/www.sweetzerland.net\/fr\/produit\/sweet-hearts-16-pces\/#primaryimage","url":"https:\/\/www.sweetzerland.net\/wp-content\/uploads\/2026\/01\/Sweetzerland-Valentine-Sweet-Heart-Gift-Box-Open-1.jpg","contentUrl":"https:\/\/www.sweetzerland.net\/wp-content\/uploads\/2026\/01\/Sweetzerland-Valentine-Sweet-Heart-Gift-Box-Open-1.jpg","width":1365,"height":2048},{"@type":"BreadcrumbList","@id":"https:\/\/www.sweetzerland.net\/fr\/produit\/sweet-hearts-16-pces\/#breadcrumb","itemListElement":[{"@type":"ListItem","position":1,"name":"Accueil","item":"https:\/\/www.sweetzerland.net\/fr\/boutique\/"},{"@type":"ListItem","position":2,"name":"Online Shop","item":"https:\/\/www.sweetzerland.net\/fr\/boutique\/"},{"@type":"ListItem","position":3,"name":"Coffret fourreau Sweet Hearts \/ 16 pces"}]},{"@type":"WebSite","@id":"https:\/\/www.sweetzerland.net\/fr\/#website","url":"https:\/\/www.sweetzerland.net\/fr\/","name":"Sweetzerland Chocolatier","description":"Chocolatier Gen\u00e8ve","publisher":{"@id":"https:\/\/www.sweetzerland.net\/fr\/#organization"},"potentialAction":[{"@type":"SearchAction","target":{"@type":"EntryPoint","urlTemplate":"https:\/\/www.sweetzerland.net\/fr\/?s={search_term_string}"},"query-input":{"@type":"PropertyValueSpecification","valueRequired":true,"valueName":"search_term_string"}}],"inLanguage":"fr-FR"},{"@type":"Organization","@id":"https:\/\/www.sweetzerland.net\/fr\/#organization","name":"Sweetzerland Chocolatier","url":"https:\/\/www.sweetzerland.net\/fr\/","logo":{"@type":"ImageObject","inLanguage":"fr-FR","@id":"https:\/\/www.sweetzerland.net\/fr\/#\/schema\/logo\/image\/","url":"https:\/\/www.sweetzerland.net\/wp-content\/uploads\/2025\/01\/cropped-logo-sweetzerland-HD.png","contentUrl":"https:\/\/www.sweetzerland.net\/wp-content\/uploads\/2025\/01\/cropped-logo-sweetzerland-HD.png","width":500,"height":353,"caption":"Sweetzerland Chocolatier"},"image":{"@id":"https:\/\/www.sweetzerland.net\/fr\/#\/schema\/logo\/image\/"}}]}},"_links":{"self":[{"href":"https:\/\/www.sweetzerland.net\/fr\/wp-json\/wp\/v2\/product\/14118","targetHints":{"allow":["GET"]}}],"collection":[{"href":"https:\/\/www.sweetzerland.net\/fr\/wp-json\/wp\/v2\/product"}],"about":[{"href":"https:\/\/www.sweetzerland.net\/fr\/wp-json\/wp\/v2\/types\/product"}],"version-history":[{"count":18,"href":"https:\/\/www.sweetzerland.net\/fr\/wp-json\/wp\/v2\/product\/14118\/revisions"}],"predecessor-version":[{"id":16259,"href":"https:\/\/www.sweetzerland.net\/fr\/wp-json\/wp\/v2\/product\/14118\/revisions\/16259"}],"wp:featuredmedia":[{"embeddable":true,"href":"https:\/\/www.sweetzerland.net\/fr\/wp-json\/wp\/v2\/media\/16250"}],"wp:attachment":[{"href":"https:\/\/www.sweetzerland.net\/fr\/wp-json\/wp\/v2\/media?parent=14118"}],"wp:term":[{"taxonomy":"product_brand","embeddable":true,"href":"https:\/\/www.sweetzerland.net\/fr\/wp-json\/wp\/v2\/product_brand?post=14118"},{"taxonomy":"product_cat","embeddable":true,"href":"https:\/\/www.sweetzerland.net\/fr\/wp-json\/wp\/v2\/product_cat?post=14118"},{"taxonomy":"product_tag","embeddable":true,"href":"https:\/\/www.sweetzerland.net\/fr\/wp-json\/wp\/v2\/product_tag?post=14118"}],"curies":[{"name":"wp","href":"https:\/\/api.w.org\/{rel}","templated":true}]}}