{"id":12347,"date":"2022-05-11T09:38:06","date_gmt":"2022-05-11T07:38:06","guid":{"rendered":"https:\/\/www.sweetzerland.net\/?post_type=product&#038;p=12347"},"modified":"2025-03-06T15:42:50","modified_gmt":"2025-03-06T14:42:50","slug":"coffret-terroir-16-pces-w","status":"publish","type":"product","link":"https:\/\/www.sweetzerland.net\/fr\/produit\/coffret-terroir-16-pces-w\/","title":{"rendered":"Coffret Terroir \/ 16 pces"},"content":{"rendered":"<p>Notre coffret prestige qui r\u00e9unit les pralin\u00e9s et caramels Grands Crus de la Maison. Des salines suisses aux vanilleraies de Tahiti, en passant par les noisetiers, amandiers et pistachiers d&rsquo;Italie, ce coffret est un v\u00e9ritable voyage des sens au coeur de terroirs d&rsquo;exception, que nos artisans chocolatiers ont \u00e9labor\u00e9 au sein de notre atelier de Gen\u00e8ve, en Suisse.<\/p>\n<p>150 g \/ 9 parfums<\/p>\n","protected":false},"excerpt":{"rendered":"<p>Terroir<\/p>\n","protected":false},"featured_media":15126,"template":"","meta":{"_acf_changed":false,"site-sidebar-layout":"default","site-content-layout":"default","ast-site-content-layout":"default","site-content-style":"default","site-sidebar-style":"default","ast-global-header-display":"","ast-banner-title-visibility":"","ast-main-header-display":"","ast-hfb-above-header-display":"","ast-hfb-below-header-display":"","ast-hfb-mobile-header-display":"","site-post-title":"","ast-breadcrumbs-content":"","ast-featured-img":"","footer-sml-layout":"","ast-disable-related-posts":"","theme-transparent-header-meta":"default","adv-header-id-meta":"","stick-header-meta":"","header-above-stick-meta":"","header-main-stick-meta":"","header-below-stick-meta":"","astra-migrate-meta-layouts":"set","ast-page-background-enabled":"default","ast-page-background-meta":{"desktop":{"background-color":"","background-image":"","background-repeat":"repeat","background-position":"center center","background-size":"auto","background-attachment":"scroll","background-type":"","background-media":"","overlay-type":"","overlay-color":"","overlay-opacity":"","overlay-gradient":""},"tablet":{"background-color":"","background-image":"","background-repeat":"repeat","background-position":"center center","background-size":"auto","background-attachment":"scroll","background-type":"","background-media":"","overlay-type":"","overlay-color":"","overlay-opacity":"","overlay-gradient":""},"mobile":{"background-color":"","background-image":"","background-repeat":"repeat","background-position":"center center","background-size":"auto","background-attachment":"scroll","background-type":"","background-media":"","overlay-type":"","overlay-color":"","overlay-opacity":"","overlay-gradient":""}},"ast-content-background-meta":{"desktop":{"background-color":"var(--ast-global-color-5)","background-image":"","background-repeat":"repeat","background-position":"center center","background-size":"auto","background-attachment":"scroll","background-type":"","background-media":"","overlay-type":"","overlay-color":"","overlay-opacity":"","overlay-gradient":""},"tablet":{"background-color":"var(--ast-global-color-5)","background-image":"","background-repeat":"repeat","background-position":"center center","background-size":"auto","background-attachment":"scroll","background-type":"","background-media":"","overlay-type":"","overlay-color":"","overlay-opacity":"","overlay-gradient":""},"mobile":{"background-color":"var(--ast-global-color-5)","background-image":"","background-repeat":"repeat","background-position":"center center","background-size":"auto","background-attachment":"scroll","background-type":"","background-media":"","overlay-type":"","overlay-color":"","overlay-opacity":"","overlay-gradient":""}}},"product_brand":[],"product_cat":[17],"product_tag":[],"class_list":{"0":"post-12347","1":"product","2":"type-product","3":"status-publish","4":"has-post-thumbnail","6":"product_cat-truffes-pralines","7":"product_shipping_class-global","8":"desktop-align-left","9":"tablet-align-left","10":"mobile-align-left","12":"first","13":"instock","14":"featured","15":"taxable","16":"shipping-taxable","17":"purchasable","18":"product-type-simple"},"acf":[],"yoast_head":"<!-- This site is optimized with the Yoast SEO plugin v27.3 - https:\/\/yoast.com\/product\/yoast-seo-wordpress\/ -->\n<title>Coffret Chocolat Coffret Terroir \/ 16 pces - Sweetzerland Chocolatier<\/title>\n<meta name=\"robots\" content=\"index, follow, max-snippet:-1, max-image-preview:large, max-video-preview:-1\" \/>\n<link rel=\"canonical\" href=\"https:\/\/www.sweetzerland.net\/fr\/produit\/coffret-terroir-16-pces-w\/\" \/>\n<meta property=\"og:locale\" content=\"fr_FR\" \/>\n<meta property=\"og:type\" content=\"article\" \/>\n<meta property=\"og:title\" content=\"Coffret Chocolat Coffret Terroir \/ 16 pces - Sweetzerland Chocolatier\" \/>\n<meta property=\"og:description\" content=\"Terroir\" \/>\n<meta property=\"og:url\" content=\"https:\/\/www.sweetzerland.net\/fr\/produit\/coffret-terroir-16-pces-w\/\" \/>\n<meta property=\"og:site_name\" content=\"Sweetzerland Chocolatier\" \/>\n<meta property=\"article:modified_time\" content=\"2025-03-06T14:42:50+00:00\" \/>\n<meta property=\"og:image\" content=\"https:\/\/www.sweetzerland.net\/wp-content\/uploads\/2025\/03\/Coffret-T1-Terroir-1.png\" \/>\n\t<meta property=\"og:image:width\" content=\"1200\" \/>\n\t<meta property=\"og:image:height\" content=\"1200\" \/>\n\t<meta property=\"og:image:type\" content=\"image\/png\" \/>\n<meta name=\"twitter:card\" content=\"summary_large_image\" \/>\n<meta name=\"twitter:label1\" content=\"Dur\u00e9e de lecture estim\u00e9e\" \/>\n\t<meta name=\"twitter:data1\" content=\"1 minute\" \/>\n<script type=\"application\/ld+json\" class=\"yoast-schema-graph\">{\"@context\":\"https:\\\/\\\/schema.org\",\"@graph\":[{\"@type\":\"WebPage\",\"@id\":\"https:\\\/\\\/www.sweetzerland.net\\\/fr\\\/produit\\\/coffret-terroir-16-pces-w\\\/\",\"url\":\"https:\\\/\\\/www.sweetzerland.net\\\/fr\\\/produit\\\/coffret-terroir-16-pces-w\\\/\",\"name\":\"Coffret Chocolat Coffret Terroir \\\/ 16 pces - Sweetzerland Chocolatier\",\"isPartOf\":{\"@id\":\"https:\\\/\\\/www.sweetzerland.net\\\/fr\\\/#website\"},\"primaryImageOfPage\":{\"@id\":\"https:\\\/\\\/www.sweetzerland.net\\\/fr\\\/produit\\\/coffret-terroir-16-pces-w\\\/#primaryimage\"},\"image\":{\"@id\":\"https:\\\/\\\/www.sweetzerland.net\\\/fr\\\/produit\\\/coffret-terroir-16-pces-w\\\/#primaryimage\"},\"thumbnailUrl\":\"https:\\\/\\\/www.sweetzerland.net\\\/wp-content\\\/uploads\\\/2025\\\/03\\\/Coffret-T1-Terroir-1.png\",\"datePublished\":\"2022-05-11T07:38:06+00:00\",\"dateModified\":\"2025-03-06T14:42:50+00:00\",\"breadcrumb\":{\"@id\":\"https:\\\/\\\/www.sweetzerland.net\\\/fr\\\/produit\\\/coffret-terroir-16-pces-w\\\/#breadcrumb\"},\"inLanguage\":\"fr-FR\",\"potentialAction\":[{\"@type\":\"ReadAction\",\"target\":[\"https:\\\/\\\/www.sweetzerland.net\\\/fr\\\/produit\\\/coffret-terroir-16-pces-w\\\/\"]}]},{\"@type\":\"ImageObject\",\"inLanguage\":\"fr-FR\",\"@id\":\"https:\\\/\\\/www.sweetzerland.net\\\/fr\\\/produit\\\/coffret-terroir-16-pces-w\\\/#primaryimage\",\"url\":\"https:\\\/\\\/www.sweetzerland.net\\\/wp-content\\\/uploads\\\/2025\\\/03\\\/Coffret-T1-Terroir-1.png\",\"contentUrl\":\"https:\\\/\\\/www.sweetzerland.net\\\/wp-content\\\/uploads\\\/2025\\\/03\\\/Coffret-T1-Terroir-1.png\",\"width\":1200,\"height\":1200,\"caption\":\"Des salines suisses aux vanilleraies de Tahiti, en passant par les noisetiers, amandiers et pistachiers d\u2019Italie, ce coffret est un v\u00e9ritable voyage des sens au coeur de terroirs d\u2019exception, que nos artisans chocolatiers ont \u00e9labor\u00e9 au sein de notre atelier de Gen\u00e8ve, en Suisse\"},{\"@type\":\"BreadcrumbList\",\"@id\":\"https:\\\/\\\/www.sweetzerland.net\\\/fr\\\/produit\\\/coffret-terroir-16-pces-w\\\/#breadcrumb\",\"itemListElement\":[{\"@type\":\"ListItem\",\"position\":1,\"name\":\"Accueil\",\"item\":\"https:\\\/\\\/www.sweetzerland.net\\\/fr\\\/boutique\\\/\"},{\"@type\":\"ListItem\",\"position\":2,\"name\":\"Online Shop\",\"item\":\"https:\\\/\\\/www.sweetzerland.net\\\/fr\\\/boutique\\\/\"},{\"@type\":\"ListItem\",\"position\":3,\"name\":\"Coffret Terroir \\\/ 16 pces\"}]},{\"@type\":\"WebSite\",\"@id\":\"https:\\\/\\\/www.sweetzerland.net\\\/fr\\\/#website\",\"url\":\"https:\\\/\\\/www.sweetzerland.net\\\/fr\\\/\",\"name\":\"Sweetzerland Chocolatier\",\"description\":\"Chocolatier Gen\u00e8ve\",\"publisher\":{\"@id\":\"https:\\\/\\\/www.sweetzerland.net\\\/fr\\\/#organization\"},\"potentialAction\":[{\"@type\":\"SearchAction\",\"target\":{\"@type\":\"EntryPoint\",\"urlTemplate\":\"https:\\\/\\\/www.sweetzerland.net\\\/fr\\\/?s={search_term_string}\"},\"query-input\":{\"@type\":\"PropertyValueSpecification\",\"valueRequired\":true,\"valueName\":\"search_term_string\"}}],\"inLanguage\":\"fr-FR\"},{\"@type\":\"Organization\",\"@id\":\"https:\\\/\\\/www.sweetzerland.net\\\/fr\\\/#organization\",\"name\":\"Sweetzerland Chocolatier\",\"url\":\"https:\\\/\\\/www.sweetzerland.net\\\/fr\\\/\",\"logo\":{\"@type\":\"ImageObject\",\"inLanguage\":\"fr-FR\",\"@id\":\"https:\\\/\\\/www.sweetzerland.net\\\/fr\\\/#\\\/schema\\\/logo\\\/image\\\/\",\"url\":\"https:\\\/\\\/www.sweetzerland.net\\\/wp-content\\\/uploads\\\/2025\\\/01\\\/cropped-logo-sweetzerland-HD.png\",\"contentUrl\":\"https:\\\/\\\/www.sweetzerland.net\\\/wp-content\\\/uploads\\\/2025\\\/01\\\/cropped-logo-sweetzerland-HD.png\",\"width\":500,\"height\":353,\"caption\":\"Sweetzerland Chocolatier\"},\"image\":{\"@id\":\"https:\\\/\\\/www.sweetzerland.net\\\/fr\\\/#\\\/schema\\\/logo\\\/image\\\/\"}}]}<\/script>\n<!-- \/ Yoast SEO plugin. -->","yoast_head_json":{"title":"Coffret Chocolat Coffret Terroir \/ 16 pces - Sweetzerland Chocolatier","robots":{"index":"index","follow":"follow","max-snippet":"max-snippet:-1","max-image-preview":"max-image-preview:large","max-video-preview":"max-video-preview:-1"},"canonical":"https:\/\/www.sweetzerland.net\/fr\/produit\/coffret-terroir-16-pces-w\/","og_locale":"fr_FR","og_type":"article","og_title":"Coffret Chocolat Coffret Terroir \/ 16 pces - Sweetzerland Chocolatier","og_description":"Terroir","og_url":"https:\/\/www.sweetzerland.net\/fr\/produit\/coffret-terroir-16-pces-w\/","og_site_name":"Sweetzerland Chocolatier","article_modified_time":"2025-03-06T14:42:50+00:00","og_image":[{"width":1200,"height":1200,"url":"https:\/\/www.sweetzerland.net\/wp-content\/uploads\/2025\/03\/Coffret-T1-Terroir-1.png","type":"image\/png"}],"twitter_card":"summary_large_image","twitter_misc":{"Dur\u00e9e de lecture estim\u00e9e":"1 minute"},"schema":{"@context":"https:\/\/schema.org","@graph":[{"@type":"WebPage","@id":"https:\/\/www.sweetzerland.net\/fr\/produit\/coffret-terroir-16-pces-w\/","url":"https:\/\/www.sweetzerland.net\/fr\/produit\/coffret-terroir-16-pces-w\/","name":"Coffret Chocolat Coffret Terroir \/ 16 pces - Sweetzerland Chocolatier","isPartOf":{"@id":"https:\/\/www.sweetzerland.net\/fr\/#website"},"primaryImageOfPage":{"@id":"https:\/\/www.sweetzerland.net\/fr\/produit\/coffret-terroir-16-pces-w\/#primaryimage"},"image":{"@id":"https:\/\/www.sweetzerland.net\/fr\/produit\/coffret-terroir-16-pces-w\/#primaryimage"},"thumbnailUrl":"https:\/\/www.sweetzerland.net\/wp-content\/uploads\/2025\/03\/Coffret-T1-Terroir-1.png","datePublished":"2022-05-11T07:38:06+00:00","dateModified":"2025-03-06T14:42:50+00:00","breadcrumb":{"@id":"https:\/\/www.sweetzerland.net\/fr\/produit\/coffret-terroir-16-pces-w\/#breadcrumb"},"inLanguage":"fr-FR","potentialAction":[{"@type":"ReadAction","target":["https:\/\/www.sweetzerland.net\/fr\/produit\/coffret-terroir-16-pces-w\/"]}]},{"@type":"ImageObject","inLanguage":"fr-FR","@id":"https:\/\/www.sweetzerland.net\/fr\/produit\/coffret-terroir-16-pces-w\/#primaryimage","url":"https:\/\/www.sweetzerland.net\/wp-content\/uploads\/2025\/03\/Coffret-T1-Terroir-1.png","contentUrl":"https:\/\/www.sweetzerland.net\/wp-content\/uploads\/2025\/03\/Coffret-T1-Terroir-1.png","width":1200,"height":1200,"caption":"Des salines suisses aux vanilleraies de Tahiti, en passant par les noisetiers, amandiers et pistachiers d\u2019Italie, ce coffret est un v\u00e9ritable voyage des sens au coeur de terroirs d\u2019exception, que nos artisans chocolatiers ont \u00e9labor\u00e9 au sein de notre atelier de Gen\u00e8ve, en Suisse"},{"@type":"BreadcrumbList","@id":"https:\/\/www.sweetzerland.net\/fr\/produit\/coffret-terroir-16-pces-w\/#breadcrumb","itemListElement":[{"@type":"ListItem","position":1,"name":"Accueil","item":"https:\/\/www.sweetzerland.net\/fr\/boutique\/"},{"@type":"ListItem","position":2,"name":"Online Shop","item":"https:\/\/www.sweetzerland.net\/fr\/boutique\/"},{"@type":"ListItem","position":3,"name":"Coffret Terroir \/ 16 pces"}]},{"@type":"WebSite","@id":"https:\/\/www.sweetzerland.net\/fr\/#website","url":"https:\/\/www.sweetzerland.net\/fr\/","name":"Sweetzerland Chocolatier","description":"Chocolatier Gen\u00e8ve","publisher":{"@id":"https:\/\/www.sweetzerland.net\/fr\/#organization"},"potentialAction":[{"@type":"SearchAction","target":{"@type":"EntryPoint","urlTemplate":"https:\/\/www.sweetzerland.net\/fr\/?s={search_term_string}"},"query-input":{"@type":"PropertyValueSpecification","valueRequired":true,"valueName":"search_term_string"}}],"inLanguage":"fr-FR"},{"@type":"Organization","@id":"https:\/\/www.sweetzerland.net\/fr\/#organization","name":"Sweetzerland Chocolatier","url":"https:\/\/www.sweetzerland.net\/fr\/","logo":{"@type":"ImageObject","inLanguage":"fr-FR","@id":"https:\/\/www.sweetzerland.net\/fr\/#\/schema\/logo\/image\/","url":"https:\/\/www.sweetzerland.net\/wp-content\/uploads\/2025\/01\/cropped-logo-sweetzerland-HD.png","contentUrl":"https:\/\/www.sweetzerland.net\/wp-content\/uploads\/2025\/01\/cropped-logo-sweetzerland-HD.png","width":500,"height":353,"caption":"Sweetzerland Chocolatier"},"image":{"@id":"https:\/\/www.sweetzerland.net\/fr\/#\/schema\/logo\/image\/"}}]}},"_links":{"self":[{"href":"https:\/\/www.sweetzerland.net\/fr\/wp-json\/wp\/v2\/product\/12347","targetHints":{"allow":["GET"]}}],"collection":[{"href":"https:\/\/www.sweetzerland.net\/fr\/wp-json\/wp\/v2\/product"}],"about":[{"href":"https:\/\/www.sweetzerland.net\/fr\/wp-json\/wp\/v2\/types\/product"}],"version-history":[{"count":12,"href":"https:\/\/www.sweetzerland.net\/fr\/wp-json\/wp\/v2\/product\/12347\/revisions"}],"predecessor-version":[{"id":16117,"href":"https:\/\/www.sweetzerland.net\/fr\/wp-json\/wp\/v2\/product\/12347\/revisions\/16117"}],"wp:featuredmedia":[{"embeddable":true,"href":"https:\/\/www.sweetzerland.net\/fr\/wp-json\/wp\/v2\/media\/15126"}],"wp:attachment":[{"href":"https:\/\/www.sweetzerland.net\/fr\/wp-json\/wp\/v2\/media?parent=12347"}],"wp:term":[{"taxonomy":"product_brand","embeddable":true,"href":"https:\/\/www.sweetzerland.net\/fr\/wp-json\/wp\/v2\/product_brand?post=12347"},{"taxonomy":"product_cat","embeddable":true,"href":"https:\/\/www.sweetzerland.net\/fr\/wp-json\/wp\/v2\/product_cat?post=12347"},{"taxonomy":"product_tag","embeddable":true,"href":"https:\/\/www.sweetzerland.net\/fr\/wp-json\/wp\/v2\/product_tag?post=12347"}],"curies":[{"name":"wp","href":"https:\/\/api.w.org\/{rel}","templated":true}]}}